{"id":5824,"date":"2024-08-04T19:54:18","date_gmt":"2024-08-04T19:54:18","guid":{"rendered":"https:\/\/shercards.com\/index.php\/product\/the-concept-of-fear\/"},"modified":"2025-10-20T10:14:26","modified_gmt":"2025-10-20T10:14:26","slug":"the-concept-of-fear","status":"publish","type":"product","link":"https:\/\/shercards.com\/es\/producto\/the-concept-of-fear\/","title":{"rendered":"\u201cEl concepto del miedo\u201d"},"content":{"rendered":"<p>Autor: S\u00f8ren Kierkegaard<br \/> Editorial: Proyecto Acad\u00e9mico<\/p>\n<p> Caracter\u00edsticas: tapa dura<\/p>\n<p> El gran pensador dan\u00e9s S\u00f8ren Kierkegaard (1813-1855) puede ser considerado, sin duda, el precursor de la filosof\u00eda existencialista; adem\u00e1s, sus ideas influyeron directamente en la \u201cteolog\u00eda dial\u00e9ctica\u201d de Karl Barth, en la antropolog\u00eda filos\u00f3fica, en el personalismo y en otros movimientos que ponen el acento en la apropiaci\u00f3n personal de una determinada verdad, en la experiencia intensa y personal y en la construcci\u00f3n de significados. El tratado \u201cEl concepto de miedo\u201d (\u201cBegrebet Angest\u201d) fue publicado por Kierkegaard en 1844 bajo el seud\u00f3nimo de Vigilius Haufniensius. Este ensayo psicol\u00f3gico est\u00e1 dedicado \u00edntegramente al problema del pecado original (Arvesynd, lit.: \u201cpecado hereditario\u201d), que subyace al miedo (Angest). Kierkegaard fue el primer fil\u00f3sofo que distingui\u00f3 entre el \u201cmiedo-miedo\u201d (Frygt), es decir, el miedo al que se le puede encontrar una causa concreta, y el doloroso miedo-v\u00e9rtigo (Angest), que succiona a la persona desde dentro, es decir, el miedo a la Nada, carente de explicaciones racionales. A pesar de su aparente forma pseudocient\u00edfica, el propio Kierkegaard consider\u00f3 \u201cEl concepto del miedo\u201d una de sus \u201cobras fr\u00edvolas\u201d.<br \/>Tal vez, por primera vez en la literatura teol\u00f3gica reciente, el problema de la sensualidad, el erotismo y la sexualidad se examina en detalle desde la posici\u00f3n de la dogm\u00e1tica cristiana. La publicaci\u00f3n est\u00e1 dirigida a profesores y estudiantes, psic\u00f3logos, te\u00f3logos, fil\u00f3sofos y expertos culturales; ser\u00e1 de inter\u00e9s para los historiadores de la cultura europea y el pensamiento religioso, as\u00ed como para un c\u00edrculo m\u00e1s amplio de lectores: amantes y verdaderos conocedores de los ensayos filos\u00f3ficos.<\/p>","protected":false},"excerpt":{"rendered":"<p>Autor: S\u00f8ren Kierkegaard Editorial: Academic Project Caracter\u00edsticas: tapa dura El destacado pensador dan\u00e9s S\u00f8ren Kierkegaard (1813-1855) puede ser considerado, sin duda, el<\/p>","protected":false},"featured_media":5825,"comment_status":"open","ping_status":"open","template":"","meta":[],"product_brand":[],"product_cat":[58],"product_tag":[],"class_list":{"0":"post-5824","1":"product","2":"type-product","3":"status-publish","4":"has-post-thumbnail","6":"product_cat-psychological-literature","8":"first","9":"outofstock","10":"product-type-simple"},"_links":{"self":[{"href":"https:\/\/shercards.com\/es\/wp-json\/wp\/v2\/product\/5824","targetHints":{"allow":["GET"]}}],"collection":[{"href":"https:\/\/shercards.com\/es\/wp-json\/wp\/v2\/product"}],"about":[{"href":"https:\/\/shercards.com\/es\/wp-json\/wp\/v2\/types\/product"}],"replies":[{"embeddable":true,"href":"https:\/\/shercards.com\/es\/wp-json\/wp\/v2\/comments?post=5824"}],"wp:featuredmedia":[{"embeddable":true,"href":"https:\/\/shercards.com\/es\/wp-json\/wp\/v2\/media\/5825"}],"wp:attachment":[{"href":"https:\/\/shercards.com\/es\/wp-json\/wp\/v2\/media?parent=5824"}],"wp:term":[{"taxonomy":"product_brand","embeddable":true,"href":"https:\/\/shercards.com\/es\/wp-json\/wp\/v2\/product_brand?post=5824"},{"taxonomy":"product_cat","embeddable":true,"href":"https:\/\/shercards.com\/es\/wp-json\/wp\/v2\/product_cat?post=5824"},{"taxonomy":"product_tag","embeddable":true,"href":"https:\/\/shercards.com\/es\/wp-json\/wp\/v2\/product_tag?post=5824"}],"curies":[{"name":"wp","href":"https:\/\/api.w.org\/{rel}","templated":true}]}}