{"id":5827,"date":"2024-08-04T19:55:16","date_gmt":"2024-08-04T19:55:16","guid":{"rendered":"https:\/\/shercards.com\/index.php\/product\/touch-depth-psychology-and-body-therapy\/"},"modified":"2025-10-20T10:13:00","modified_gmt":"2025-10-20T10:13:00","slug":"touch-depth-psychology-and-body-therapy","status":"publish","type":"product","link":"https:\/\/shercards.com\/es\/producto\/touch-depth-psychology-and-body-therapy\/","title":{"rendered":"\u201cEl tacto. Psicolog\u00eda profunda y terapia corporal\u201d"},"content":{"rendered":"<p>Autor: Deldon McNealy<\/p>\n<p> Especificaciones: tapa blanda, 154 pp.<br \/>El mejor resumen de la terapia corporal y \u00e1reas afines de la psicolog\u00eda. Realizado por un reconocido psicoterapeuta que logr\u00f3 combinar m\u00e9todos f\u00edsicos y anal\u00edticos en el proceso de curaci\u00f3n. Este libro es un verdadero hallazgo para quienes desean navegar por la enorme variedad de t\u00e9cnicas corporales modernas y enfoques anal\u00edticos.<\/p>","protected":false},"excerpt":{"rendered":"<p>Autor: Deldon McNealy Especificaciones: tapa blanda, 154 pp. El mejor resumen de la terapia corporal y \u00e1reas relacionadas de la psicolog\u00eda. Realizado por un<\/p>","protected":false},"featured_media":5828,"comment_status":"open","ping_status":"open","template":"","meta":[],"product_brand":[],"product_cat":[58],"product_tag":[],"class_list":{"0":"post-5827","1":"product","2":"type-product","3":"status-publish","4":"has-post-thumbnail","6":"product_cat-psychological-literature","8":"first","9":"outofstock","10":"product-type-simple"},"_links":{"self":[{"href":"https:\/\/shercards.com\/es\/wp-json\/wp\/v2\/product\/5827","targetHints":{"allow":["GET"]}}],"collection":[{"href":"https:\/\/shercards.com\/es\/wp-json\/wp\/v2\/product"}],"about":[{"href":"https:\/\/shercards.com\/es\/wp-json\/wp\/v2\/types\/product"}],"replies":[{"embeddable":true,"href":"https:\/\/shercards.com\/es\/wp-json\/wp\/v2\/comments?post=5827"}],"wp:featuredmedia":[{"embeddable":true,"href":"https:\/\/shercards.com\/es\/wp-json\/wp\/v2\/media\/5828"}],"wp:attachment":[{"href":"https:\/\/shercards.com\/es\/wp-json\/wp\/v2\/media?parent=5827"}],"wp:term":[{"taxonomy":"product_brand","embeddable":true,"href":"https:\/\/shercards.com\/es\/wp-json\/wp\/v2\/product_brand?post=5827"},{"taxonomy":"product_cat","embeddable":true,"href":"https:\/\/shercards.com\/es\/wp-json\/wp\/v2\/product_cat?post=5827"},{"taxonomy":"product_tag","embeddable":true,"href":"https:\/\/shercards.com\/es\/wp-json\/wp\/v2\/product_tag?post=5827"}],"curies":[{"name":"wp","href":"https:\/\/api.w.org\/{rel}","templated":true}]}}