{"id":5830,"date":"2024-08-04T19:55:16","date_gmt":"2024-08-04T19:55:16","guid":{"rendered":"https:\/\/shercards.com\/index.php\/product\/ancestor-syndrome\/"},"modified":"2025-10-20T10:13:00","modified_gmt":"2025-10-20T10:13:00","slug":"ancestor-syndrome","status":"publish","type":"product","link":"https:\/\/shercards.com\/es\/producto\/ancestor-syndrome\/","title":{"rendered":"\u201cS\u00edndrome del antepasado\u201d"},"content":{"rendered":"<p>Autor: Anne Anseline Schutzenberger<\/p>\n<p> Caracter\u00edsticas: tapa blanda, 254 pp.<\/p>\n<p> Todos somos eslabones de una cadena de generaciones y, a veces, para nuestra sorpresa, tenemos que \u201cpagar las deudas\u201d del pasado de nuestros antepasados. Esta especie de \u201cdevoci\u00f3n invisible a la familia\u201d nos empuja a repetir inconscientemente situaciones agradables o acontecimientos tristes. Somos menos libres de lo que creemos, pero tenemos la oportunidad de conquistar nuestra libertad y evitar repeticiones fatales en nuestra historia familiar al comprender los complejos entresijos de nuestra propia familia.&lt; br&gt; <br \/>Este libro, que ha tenido 15 ediciones en Francia, es el resultado de veinte a\u00f1os de actividad cient\u00edfica y pr\u00e1ctica cl\u00ednica de Anne Anseline Schutzenberger. Los casos que cita, en t\u00e9rminos de dramatismo, \u201cgrado emocional\u201d y misterio, superan las fantas\u00edas m\u00e1s salvajes de los autores de novelas g\u00f3ticas. A veces chocan, a veces desgarran con un dolor agudo y siempre nos recuerdan que cada uno de nosotros forma parte de una historia com\u00fan para todos y que incluso los acontecimientos m\u00e1s lejanos est\u00e1n mucho m\u00e1s cerca de una persona individual de lo que uno podr\u00eda imaginar\u2026<\/p>","protected":false},"excerpt":{"rendered":"<p>Autor: Anne Anseline Schutzenberger Caracter\u00edsticas: tapa blanda, 254 pp. Todos somos eslabones de la cadena de generaciones, y a veces nos<\/p>","protected":false},"featured_media":5831,"comment_status":"open","ping_status":"open","template":"","meta":[],"product_brand":[],"product_cat":[58],"product_tag":[],"class_list":{"0":"post-5830","1":"product","2":"type-product","3":"status-publish","4":"has-post-thumbnail","6":"product_cat-psychological-literature","8":"first","9":"outofstock","10":"product-type-simple"},"_links":{"self":[{"href":"https:\/\/shercards.com\/es\/wp-json\/wp\/v2\/product\/5830","targetHints":{"allow":["GET"]}}],"collection":[{"href":"https:\/\/shercards.com\/es\/wp-json\/wp\/v2\/product"}],"about":[{"href":"https:\/\/shercards.com\/es\/wp-json\/wp\/v2\/types\/product"}],"replies":[{"embeddable":true,"href":"https:\/\/shercards.com\/es\/wp-json\/wp\/v2\/comments?post=5830"}],"wp:featuredmedia":[{"embeddable":true,"href":"https:\/\/shercards.com\/es\/wp-json\/wp\/v2\/media\/5831"}],"wp:attachment":[{"href":"https:\/\/shercards.com\/es\/wp-json\/wp\/v2\/media?parent=5830"}],"wp:term":[{"taxonomy":"product_brand","embeddable":true,"href":"https:\/\/shercards.com\/es\/wp-json\/wp\/v2\/product_brand?post=5830"},{"taxonomy":"product_cat","embeddable":true,"href":"https:\/\/shercards.com\/es\/wp-json\/wp\/v2\/product_cat?post=5830"},{"taxonomy":"product_tag","embeddable":true,"href":"https:\/\/shercards.com\/es\/wp-json\/wp\/v2\/product_tag?post=5830"}],"curies":[{"name":"wp","href":"https:\/\/api.w.org\/{rel}","templated":true}]}}