{"id":5834,"date":"2024-08-04T19:55:16","date_gmt":"2024-08-04T19:55:16","guid":{"rendered":"https:\/\/shercards.com\/index.php\/product\/techniques-of-modern-gestalt-therapy\/"},"modified":"2025-10-20T10:13:00","modified_gmt":"2025-10-20T10:13:00","slug":"techniques-of-modern-gestalt-therapy","status":"publish","type":"product","link":"https:\/\/shercards.com\/es\/producto\/techniques-of-modern-gestalt-therapy\/","title":{"rendered":"\u201cT\u00e9cnicas de la terapia Gestalt moderna\u201d"},"content":{"rendered":"<p>Autores: Leonid Tretyak, Alexander Fedorov<\/p>\n<p> Caracter\u00edsticas: tapa blanda, 62 p\u00e1ginas.<\/p>\n<p> El dominio de las t\u00e9cnicas es especialmente importante al comienzo de la pr\u00e1ctica terap\u00e9utica; m\u00e1s tarde, los elementos t\u00e9cnicos se integran en el modelo habitual de interacci\u00f3n en una relaci\u00f3n terap\u00e9utica. Las t\u00e9cnicas de la terapia Gestalt moderna recogidas en este libro se presentan en forma de tres bloques principales: t\u00e9cnicas supresoras, expresivas e integradoras. Las descripciones de las t\u00e9cnicas se ilustran con ejemplos de intervenciones terap\u00e9uticas e instrucciones para la implementaci\u00f3n de ejercicios y experimentos.<br \/>Los materiales metodol\u00f3gicos para el curso de formaci\u00f3n \u201cTeor\u00eda y Pr\u00e1ctica de la Terapia Gestalt\u201d se pueden recomendar a estudiantes y profesionales principiantes en el campo de la terapia Gestalt, la psicoterapia y el asesoramiento psicol\u00f3gico. <\/br><\/br><\/p>","protected":false},"excerpt":{"rendered":"<p>Autores: Leonid Tretyak, Alexander Fedorov Caracter\u00edsticas: tapa blanda, 62 p\u00e1ginas El dominio de las t\u00e9cnicas es especialmente importante al comienzo de la pr\u00e1ctica terap\u00e9utica;<\/p>","protected":false},"featured_media":5835,"comment_status":"open","ping_status":"open","template":"","meta":[],"product_brand":[],"product_cat":[58],"product_tag":[],"class_list":{"0":"post-5834","1":"product","2":"type-product","3":"status-publish","4":"has-post-thumbnail","6":"product_cat-psychological-literature","8":"first","9":"outofstock","10":"product-type-simple"},"_links":{"self":[{"href":"https:\/\/shercards.com\/es\/wp-json\/wp\/v2\/product\/5834","targetHints":{"allow":["GET"]}}],"collection":[{"href":"https:\/\/shercards.com\/es\/wp-json\/wp\/v2\/product"}],"about":[{"href":"https:\/\/shercards.com\/es\/wp-json\/wp\/v2\/types\/product"}],"replies":[{"embeddable":true,"href":"https:\/\/shercards.com\/es\/wp-json\/wp\/v2\/comments?post=5834"}],"wp:featuredmedia":[{"embeddable":true,"href":"https:\/\/shercards.com\/es\/wp-json\/wp\/v2\/media\/5835"}],"wp:attachment":[{"href":"https:\/\/shercards.com\/es\/wp-json\/wp\/v2\/media?parent=5834"}],"wp:term":[{"taxonomy":"product_brand","embeddable":true,"href":"https:\/\/shercards.com\/es\/wp-json\/wp\/v2\/product_brand?post=5834"},{"taxonomy":"product_cat","embeddable":true,"href":"https:\/\/shercards.com\/es\/wp-json\/wp\/v2\/product_cat?post=5834"},{"taxonomy":"product_tag","embeddable":true,"href":"https:\/\/shercards.com\/es\/wp-json\/wp\/v2\/product_tag?post=5834"}],"curies":[{"name":"wp","href":"https:\/\/api.w.org\/{rel}","templated":true}]}}