{"id":5840,"date":"2024-08-04T19:55:16","date_gmt":"2024-08-04T19:55:16","guid":{"rendered":"https:\/\/shercards.com\/index.php\/product\/gestalt-self-therapy-new-techniques-for-personal-growth\/"},"modified":"2025-10-20T10:14:26","modified_gmt":"2025-10-20T10:14:26","slug":"gestalt-self-therapy-new-techniques-for-personal-growth","status":"publish","type":"product","link":"https:\/\/shercards.com\/es\/producto\/gestalt-self-therapy-new-techniques-for-personal-growth\/","title":{"rendered":"\u201cGestalt \u2013 autoterapia. Nuevas t\u00e9cnicas para el crecimiento personal\u201d"},"content":{"rendered":"<p>Autor: Muriel Schiffman<\/p>\n<p> Caracter\u00edsticas: tapa blanda, 256 pp.<\/p>\n<p> Este libro es una excelente gu\u00eda para ayudarse a s\u00ed mismo en situaciones problem\u00e1ticas de la vida cotidiana. La autora del libro es Muriel Shiffman, alumna de A. Maslow y F. Perls. Ella presenta el m\u00e9todo de autoterapia en el libro como una descripci\u00f3n sincera, vivaz y optimista de c\u00f3mo una persona real, que se enfrenta peri\u00f3dicamente a problemas emocionales, som\u00e1ticos, sociales, existenciales y de otro tipo de la vida real, aprende a resolverlos, aprendiendo de la experiencia de sus propios fracasos, se cura y gana fuerza para seguir adelante.<br \/> <\/br><br \/>El libro est\u00e1 dirigido tanto a especialistas en profesiones de ayuda: psic\u00f3logos, psicoterapeutas, etc. \u2013 como a todos aquellos que quieran ayudarse a s\u00ed mismos. <\/br><\/br><\/p>","protected":false},"excerpt":{"rendered":"<p>Autor: Muriel Schiffman Caracter\u00edsticas: tapa blanda, 256 pp. Este libro es una excelente gu\u00eda para ayudarte en situaciones problem\u00e1ticas de<\/p>","protected":false},"featured_media":5841,"comment_status":"open","ping_status":"open","template":"","meta":[],"product_brand":[],"product_cat":[58],"product_tag":[],"class_list":{"0":"post-5840","1":"product","2":"type-product","3":"status-publish","4":"has-post-thumbnail","6":"product_cat-psychological-literature","8":"first","9":"outofstock","10":"product-type-simple"},"_links":{"self":[{"href":"https:\/\/shercards.com\/es\/wp-json\/wp\/v2\/product\/5840","targetHints":{"allow":["GET"]}}],"collection":[{"href":"https:\/\/shercards.com\/es\/wp-json\/wp\/v2\/product"}],"about":[{"href":"https:\/\/shercards.com\/es\/wp-json\/wp\/v2\/types\/product"}],"replies":[{"embeddable":true,"href":"https:\/\/shercards.com\/es\/wp-json\/wp\/v2\/comments?post=5840"}],"wp:featuredmedia":[{"embeddable":true,"href":"https:\/\/shercards.com\/es\/wp-json\/wp\/v2\/media\/5841"}],"wp:attachment":[{"href":"https:\/\/shercards.com\/es\/wp-json\/wp\/v2\/media?parent=5840"}],"wp:term":[{"taxonomy":"product_brand","embeddable":true,"href":"https:\/\/shercards.com\/es\/wp-json\/wp\/v2\/product_brand?post=5840"},{"taxonomy":"product_cat","embeddable":true,"href":"https:\/\/shercards.com\/es\/wp-json\/wp\/v2\/product_cat?post=5840"},{"taxonomy":"product_tag","embeddable":true,"href":"https:\/\/shercards.com\/es\/wp-json\/wp\/v2\/product_tag?post=5840"}],"curies":[{"name":"wp","href":"https:\/\/api.w.org\/{rel}","templated":true}]}}