{"id":5843,"date":"2024-08-04T19:55:57","date_gmt":"2024-08-04T19:55:57","guid":{"rendered":"https:\/\/shercards.com\/index.php\/product\/trauma-and-psychological-help\/"},"modified":"2025-10-20T10:13:00","modified_gmt":"2025-10-20T10:13:00","slug":"trauma-and-psychological-help","status":"publish","type":"product","link":"https:\/\/shercards.com\/es\/producto\/trauma-and-psychological-help\/","title":{"rendered":"\u201cTrauma y ayuda psicol\u00f3gica\u201d"},"content":{"rendered":"<p>Autores: Sarjveladze N., Beberashvili Z., Javakhishvili D., Makhashvili N., Sarjveladze N.<\/p>\n<p> Caracter\u00edsticas: tapa blanda, 182 pp.<\/p>\n<p> El libro, de forma accesible, revela las principales causas y mecanismos psicol\u00f3gicos del trauma mental y las formas de ayudar a las personas traumatizadas. El libro resume la rica experiencia de los autores en la asistencia psicol\u00f3gica a refugiados y v\u00edctimas de conflictos sociales y \u00e9tnicos.<br \/>Dirigido a psic\u00f3logos, representantes de otras profesiones asistenciales y un p\u00fablico amplio. <\/br><\/br><\/p>","protected":false},"excerpt":{"rendered":"<p>Autores: Sarjveladze N., Beberashvili Z., Javakhishvili D., Makhashvili N., Sarjveladze N. Caracter\u00edsticas: tapa blanda, 182 pp. El libro en un formato accesible<\/p>","protected":false},"featured_media":5844,"comment_status":"open","ping_status":"open","template":"","meta":[],"product_brand":[],"product_cat":[58],"product_tag":[],"class_list":{"0":"post-5843","1":"product","2":"type-product","3":"status-publish","4":"has-post-thumbnail","6":"product_cat-psychological-literature","8":"first","9":"outofstock","10":"product-type-simple"},"_links":{"self":[{"href":"https:\/\/shercards.com\/es\/wp-json\/wp\/v2\/product\/5843","targetHints":{"allow":["GET"]}}],"collection":[{"href":"https:\/\/shercards.com\/es\/wp-json\/wp\/v2\/product"}],"about":[{"href":"https:\/\/shercards.com\/es\/wp-json\/wp\/v2\/types\/product"}],"replies":[{"embeddable":true,"href":"https:\/\/shercards.com\/es\/wp-json\/wp\/v2\/comments?post=5843"}],"wp:featuredmedia":[{"embeddable":true,"href":"https:\/\/shercards.com\/es\/wp-json\/wp\/v2\/media\/5844"}],"wp:attachment":[{"href":"https:\/\/shercards.com\/es\/wp-json\/wp\/v2\/media?parent=5843"}],"wp:term":[{"taxonomy":"product_brand","embeddable":true,"href":"https:\/\/shercards.com\/es\/wp-json\/wp\/v2\/product_brand?post=5843"},{"taxonomy":"product_cat","embeddable":true,"href":"https:\/\/shercards.com\/es\/wp-json\/wp\/v2\/product_cat?post=5843"},{"taxonomy":"product_tag","embeddable":true,"href":"https:\/\/shercards.com\/es\/wp-json\/wp\/v2\/product_tag?post=5843"}],"curies":[{"name":"wp","href":"https:\/\/api.w.org\/{rel}","templated":true}]}}