{"id":5846,"date":"2024-08-04T19:55:57","date_gmt":"2024-08-04T19:55:57","guid":{"rendered":"https:\/\/shercards.com\/index.php\/product\/psychological-counseling-working-with-crisis-and-problematic-situations\/"},"modified":"2025-10-20T10:13:00","modified_gmt":"2025-10-20T10:13:00","slug":"psychological-counseling-working-with-crisis-and-problematic-situations","status":"publish","type":"product","link":"https:\/\/shercards.com\/es\/producto\/psychological-counseling-working-with-crisis-and-problematic-situations\/","title":{"rendered":"\u201cAsesoramiento psicol\u00f3gico: trabajo con situaciones de crisis y problem\u00e1ticas\u201d"},"content":{"rendered":"<p>Autor: Viktor Menovshchikov<\/p>\n<p> Caracter\u00edsticas: tapa blanda, 191 p\u00e1ginas.<br \/>El manual did\u00e1ctico aborda las cuestiones de la orientaci\u00f3n psicol\u00f3gica en los centros de asistencia sociopsicol\u00f3gica (psicol\u00f3gico-pedag\u00f3gica), as\u00ed como en otras instituciones y servicios psicol\u00f3gicos. El manual est\u00e1 destinado a estudiantes de facultades de psicolog\u00eda, psic\u00f3logos pr\u00e1cticos y especialistas en trabajo social.<\/p>","protected":false},"excerpt":{"rendered":"<p>Autor: Viktor Menovshchikov Caracter\u00edsticas: tapa blanda, 191 p\u00e1ginas. El manual educativo examina los problemas del asesoramiento psicol\u00f3gico en los centros socio-psicol\u00f3gicos (psicol\u00f3gico-pedag\u00f3gicos).<\/p>","protected":false},"featured_media":5847,"comment_status":"open","ping_status":"open","template":"","meta":[],"product_brand":[],"product_cat":[58],"product_tag":[],"class_list":{"0":"post-5846","1":"product","2":"type-product","3":"status-publish","4":"has-post-thumbnail","6":"product_cat-psychological-literature","8":"first","9":"outofstock","10":"product-type-simple"},"_links":{"self":[{"href":"https:\/\/shercards.com\/es\/wp-json\/wp\/v2\/product\/5846","targetHints":{"allow":["GET"]}}],"collection":[{"href":"https:\/\/shercards.com\/es\/wp-json\/wp\/v2\/product"}],"about":[{"href":"https:\/\/shercards.com\/es\/wp-json\/wp\/v2\/types\/product"}],"replies":[{"embeddable":true,"href":"https:\/\/shercards.com\/es\/wp-json\/wp\/v2\/comments?post=5846"}],"wp:featuredmedia":[{"embeddable":true,"href":"https:\/\/shercards.com\/es\/wp-json\/wp\/v2\/media\/5847"}],"wp:attachment":[{"href":"https:\/\/shercards.com\/es\/wp-json\/wp\/v2\/media?parent=5846"}],"wp:term":[{"taxonomy":"product_brand","embeddable":true,"href":"https:\/\/shercards.com\/es\/wp-json\/wp\/v2\/product_brand?post=5846"},{"taxonomy":"product_cat","embeddable":true,"href":"https:\/\/shercards.com\/es\/wp-json\/wp\/v2\/product_cat?post=5846"},{"taxonomy":"product_tag","embeddable":true,"href":"https:\/\/shercards.com\/es\/wp-json\/wp\/v2\/product_tag?post=5846"}],"curies":[{"name":"wp","href":"https:\/\/api.w.org\/{rel}","templated":true}]}}