{"id":5849,"date":"2024-08-04T19:55:57","date_gmt":"2024-08-04T19:55:57","guid":{"rendered":"https:\/\/shercards.com\/index.php\/product\/limited-impossibilities-how-to-live-in-this-world-if-you-are-not-like-everyone-else\/"},"modified":"2025-10-20T10:13:00","modified_gmt":"2025-10-20T10:13:00","slug":"limited-impossibilities-how-to-live-in-this-world-if-you-are-not-like-everyone-else","status":"publish","type":"product","link":"https:\/\/shercards.com\/es\/producto\/limited-impossibilities-how-to-live-in-this-world-if-you-are-not-like-everyone-else\/","title":{"rendered":"\u201cImposibilidades limitadas. C\u00f3mo vivir en este mundo si no eres como los dem\u00e1s\u201d"},"content":{"rendered":"<p>Autor: Irina Mlodik<\/p>\n<p> Caracter\u00edsticas: tapa dura, 272 pp.<\/p>\n<p> No hay dos personas iguales, pero la frase \u201ctu hijo no es como los dem\u00e1s\u201d no gustar\u00e1 a todos los padres. C\u00f3mo deben vivir los padres con estos ni\u00f1os, c\u00f3mo deben vivir los propios hijos, c\u00f3mo deben comunicarse con ellos quienes los conocen en la empresa o en la calle. Un conocido psic\u00f3logo familiar se ocupa de estas cuestiones. <br \/> <\/br><br \/>Irina Mlodik dedic\u00f3 la primera parte de su libro a esta novela. Pero cada uno de nosotros puede llegar a ser especial. Aunque por el momento la peculiaridad de alguien no nos importe, la vida puede cambiar en cualquier momento. La segunda parte del libro es una novela sobre personas especiales, sobre el hecho de que todos somos diferentes, distintos unos de otros. Y nadie quiere realmente ser rehecho, sino ser y seguir siendo \u00e9l mismo. <\/br><\/br><\/p>","protected":false},"excerpt":{"rendered":"<p>Autora: Irina Mlodik Caracter\u00edsticas: tapa dura, 272 pp. No hay dos personas iguales. Sin embargo, las palabras: \u201cTu hijo no es<\/p>","protected":false},"featured_media":5850,"comment_status":"open","ping_status":"open","template":"","meta":[],"product_brand":[],"product_cat":[58],"product_tag":[],"class_list":{"0":"post-5849","1":"product","2":"type-product","3":"status-publish","4":"has-post-thumbnail","6":"product_cat-psychological-literature","8":"first","9":"outofstock","10":"product-type-simple"},"_links":{"self":[{"href":"https:\/\/shercards.com\/es\/wp-json\/wp\/v2\/product\/5849","targetHints":{"allow":["GET"]}}],"collection":[{"href":"https:\/\/shercards.com\/es\/wp-json\/wp\/v2\/product"}],"about":[{"href":"https:\/\/shercards.com\/es\/wp-json\/wp\/v2\/types\/product"}],"replies":[{"embeddable":true,"href":"https:\/\/shercards.com\/es\/wp-json\/wp\/v2\/comments?post=5849"}],"wp:featuredmedia":[{"embeddable":true,"href":"https:\/\/shercards.com\/es\/wp-json\/wp\/v2\/media\/5850"}],"wp:attachment":[{"href":"https:\/\/shercards.com\/es\/wp-json\/wp\/v2\/media?parent=5849"}],"wp:term":[{"taxonomy":"product_brand","embeddable":true,"href":"https:\/\/shercards.com\/es\/wp-json\/wp\/v2\/product_brand?post=5849"},{"taxonomy":"product_cat","embeddable":true,"href":"https:\/\/shercards.com\/es\/wp-json\/wp\/v2\/product_cat?post=5849"},{"taxonomy":"product_tag","embeddable":true,"href":"https:\/\/shercards.com\/es\/wp-json\/wp\/v2\/product_tag?post=5849"}],"curies":[{"name":"wp","href":"https:\/\/api.w.org\/{rel}","templated":true}]}}