{"id":5852,"date":"2024-08-04T19:55:57","date_gmt":"2024-08-04T19:55:57","guid":{"rendered":"https:\/\/shercards.com\/index.php\/product\/psychotechnics-of-inner-freedom\/"},"modified":"2025-10-20T10:13:00","modified_gmt":"2025-10-20T10:13:00","slug":"psychotechnics-of-inner-freedom","status":"publish","type":"product","link":"https:\/\/shercards.com\/es\/producto\/psychotechnics-of-inner-freedom\/","title":{"rendered":"\u201cPsicotecnia de la libertad interior\u201d"},"content":{"rendered":"<p>Autor: Mikhail Papush<br \/> Caracter\u00edsticas: tapa dura, 415 p\u00e1ginas.<\/p>\n<p> La psicot\u00e9cnica es el arte de tratar la psique. Las t\u00e9cnicas y m\u00e9todos para alcanzar la libertad interior, a los que est\u00e1 dedicado el libro, est\u00e1n rodeados aqu\u00ed de ideas sobre un mundo en el que estas t\u00e9cnicas son apropiadas y fruct\u00edferas. Hablamos de las posibilidades de alcanzar la libertad interior en la sociedad, en las relaciones personales y en uno mismo. Tambi\u00e9n se consideran las posibilidades de trabajar con los \u201cmecanismos neur\u00f3ticos\u201d (principalmente la introyecci\u00f3n y la fusi\u00f3n) que impiden nuestra libertad.<br \/>Para estudiantes y profesores de especialidades psicol\u00f3gicas de universidades, profesionales del campo de la psicoterapia y el asesoramiento psicol\u00f3gico, y tambi\u00e9n para todos aquellos interesados en esta tem\u00e1tica. <\/br><\/p>","protected":false},"excerpt":{"rendered":"<p>Autor: Mikhail Papush Caracter\u00edsticas: tapa dura, 415 p\u00e1ginas La psicotecnia es el arte de tratar la psique. Las t\u00e9cnicas y m\u00e9todos para<\/p>","protected":false},"featured_media":5853,"comment_status":"open","ping_status":"open","template":"","meta":[],"product_brand":[],"product_cat":[58],"product_tag":[],"class_list":{"0":"post-5852","1":"product","2":"type-product","3":"status-publish","4":"has-post-thumbnail","6":"product_cat-psychological-literature","8":"first","9":"outofstock","10":"product-type-simple"},"_links":{"self":[{"href":"https:\/\/shercards.com\/es\/wp-json\/wp\/v2\/product\/5852","targetHints":{"allow":["GET"]}}],"collection":[{"href":"https:\/\/shercards.com\/es\/wp-json\/wp\/v2\/product"}],"about":[{"href":"https:\/\/shercards.com\/es\/wp-json\/wp\/v2\/types\/product"}],"replies":[{"embeddable":true,"href":"https:\/\/shercards.com\/es\/wp-json\/wp\/v2\/comments?post=5852"}],"wp:featuredmedia":[{"embeddable":true,"href":"https:\/\/shercards.com\/es\/wp-json\/wp\/v2\/media\/5853"}],"wp:attachment":[{"href":"https:\/\/shercards.com\/es\/wp-json\/wp\/v2\/media?parent=5852"}],"wp:term":[{"taxonomy":"product_brand","embeddable":true,"href":"https:\/\/shercards.com\/es\/wp-json\/wp\/v2\/product_brand?post=5852"},{"taxonomy":"product_cat","embeddable":true,"href":"https:\/\/shercards.com\/es\/wp-json\/wp\/v2\/product_cat?post=5852"},{"taxonomy":"product_tag","embeddable":true,"href":"https:\/\/shercards.com\/es\/wp-json\/wp\/v2\/product_tag?post=5852"}],"curies":[{"name":"wp","href":"https:\/\/api.w.org\/{rel}","templated":true}]}}