{"id":5855,"date":"2024-08-04T19:55:57","date_gmt":"2024-08-04T19:55:57","guid":{"rendered":"https:\/\/shercards.com\/index.php\/product\/man-and-his-symbols\/"},"modified":"2025-10-20T10:13:00","modified_gmt":"2025-10-20T10:13:00","slug":"man-and-his-symbols","status":"publish","type":"product","link":"https:\/\/shercards.com\/es\/producto\/man-and-his-symbols\/","title":{"rendered":"\u201cEl hombre y sus s\u00edmbolos\u201d"},"content":{"rendered":"<p>Autor: Carl Gustav Jung<\/p>\n<p> Caracter\u00edsticas: tapa dura, 404 pp.<br \/>El libro propuesto es el \u00faltimo trabajo de toda la vida del famoso psicoanalista, as\u00ed como la \u00fanica presentaci\u00f3n popular de su teor\u00eda, dirigida a los c\u00edrculos m\u00e1s amplios de lectores. Utilizando el m\u00e9todo de la \u201cpsicolog\u00eda anal\u00edtica\u201d de Jung, sus colaboradores m\u00e1s cercanos y sus disc\u00edpulos demuestran claramente la influencia del subconsciente, mediado por s\u00edmbolos, en los mitos antiguos y el arte moderno, en la investigaci\u00f3n cient\u00edfica y en la vida humana desde la infancia hasta la vejez.<\/p>","protected":false},"excerpt":{"rendered":"<p>Autor: Carl Gustav Jung Caracter\u00edsticas: tapa dura, 404 pp. El libro propuesto es la \u00faltima obra en vida del famoso psicoanalista, como<\/p>","protected":false},"featured_media":5856,"comment_status":"open","ping_status":"open","template":"","meta":[],"product_brand":[],"product_cat":[58],"product_tag":[],"class_list":{"0":"post-5855","1":"product","2":"type-product","3":"status-publish","4":"has-post-thumbnail","6":"product_cat-psychological-literature","8":"first","9":"outofstock","10":"product-type-simple"},"_links":{"self":[{"href":"https:\/\/shercards.com\/es\/wp-json\/wp\/v2\/product\/5855","targetHints":{"allow":["GET"]}}],"collection":[{"href":"https:\/\/shercards.com\/es\/wp-json\/wp\/v2\/product"}],"about":[{"href":"https:\/\/shercards.com\/es\/wp-json\/wp\/v2\/types\/product"}],"replies":[{"embeddable":true,"href":"https:\/\/shercards.com\/es\/wp-json\/wp\/v2\/comments?post=5855"}],"wp:featuredmedia":[{"embeddable":true,"href":"https:\/\/shercards.com\/es\/wp-json\/wp\/v2\/media\/5856"}],"wp:attachment":[{"href":"https:\/\/shercards.com\/es\/wp-json\/wp\/v2\/media?parent=5855"}],"wp:term":[{"taxonomy":"product_brand","embeddable":true,"href":"https:\/\/shercards.com\/es\/wp-json\/wp\/v2\/product_brand?post=5855"},{"taxonomy":"product_cat","embeddable":true,"href":"https:\/\/shercards.com\/es\/wp-json\/wp\/v2\/product_cat?post=5855"},{"taxonomy":"product_tag","embeddable":true,"href":"https:\/\/shercards.com\/es\/wp-json\/wp\/v2\/product_tag?post=5855"}],"curies":[{"name":"wp","href":"https:\/\/api.w.org\/{rel}","templated":true}]}}