{"id":639,"date":"2024-08-04T11:53:25","date_gmt":"2024-08-04T11:53:25","guid":{"rendered":"https:\/\/shercards.com\/index.php\/product\/metaphorical-association-cards-inuk-inuk\/"},"modified":"2025-10-20T10:45:33","modified_gmt":"2025-10-20T10:45:33","slug":"metaphorical-association-cards-inuk-inuk","status":"publish","type":"product","link":"https:\/\/shercards.com\/es\/producto\/metaphorical-association-cards-inuk-inuk\/","title":{"rendered":"Tarjetas de asociaci\u00f3n metaf\u00f3rica \u201cINUK\u201d (Inuk)"},"content":{"rendered":"<p>&#8220;<strong>Inuit<\/strong>&quot; traducido del groenland\u00e9s significa &quot;<strong>hombre<\/strong>&#8220;.<br \/><strong>Contenido:<\/strong><br \/> 1) 88 cartas redondas<br \/> 2 ) 10 tarjetas con recortes sobre el tema \u201cqui\u00e9n soy yo\u201d (silueta recortada por ti mismo)<br \/>Las tarjetas INUK son un compa\u00f1ero en el juego con preguntas existenciales: \u201c\u00bfQui\u00e9n soy?\u201d, \u201c\u00bfQu\u00e9 me hace ser quien soy?\u201d.&lt; br&gt;Cada carta redonda de 88 mm de di\u00e1metro representa una imagen metaf\u00f3rica de una situaci\u00f3n en la que cualquiera de nosotros puede encontrarse. Los jugadores interpretan las im\u00e1genes, atribuyendo sentimientos, estados de \u00e1nimo y acciones a las im\u00e1genes. De este modo, se convierten en participantes de las escenas representadas en las cartas y, al mismo tiempo, pueden hacerse una idea de su estado interior actual.<br \/>La artista Bai Yilin ha enriquecido el g\u00e9nero de las cartas O con sus 88 pinturas sobre el tema del autodescubrimiento y la autodeterminaci\u00f3n. Las 10 cartas recortadas funcionan como ventanas, cerraduras o lupas para realzar e influir en nuestra perspectiva. Una carta INUK puede sorprenderte si la colocas sobre una palabra de las cartas O.<br \/><strong>Hecho en Alemania<\/strong><br \/>MACards es el representante oficial de OH Verlag (Alemania) en Rusia.<\/p>","protected":false},"excerpt":{"rendered":"<p>\u201cInuk\u201d traducido del groenland\u00e9s significa \u201chombre\u201d.Contenido: 1) 88 tarjetas redondas 2) 10 tarjetas con recortes sobre el tema \u201cqui\u00e9n<\/p>","protected":false},"featured_media":640,"comment_status":"open","ping_status":"open","template":"","meta":[],"product_brand":[],"product_cat":[27],"product_tag":[],"class_list":{"0":"post-639","1":"product","2":"type-product","3":"status-publish","4":"has-post-thumbnail","6":"product_cat-universal","8":"first","9":"outofstock","10":"product-type-simple"},"_links":{"self":[{"href":"https:\/\/shercards.com\/es\/wp-json\/wp\/v2\/product\/639","targetHints":{"allow":["GET"]}}],"collection":[{"href":"https:\/\/shercards.com\/es\/wp-json\/wp\/v2\/product"}],"about":[{"href":"https:\/\/shercards.com\/es\/wp-json\/wp\/v2\/types\/product"}],"replies":[{"embeddable":true,"href":"https:\/\/shercards.com\/es\/wp-json\/wp\/v2\/comments?post=639"}],"wp:featuredmedia":[{"embeddable":true,"href":"https:\/\/shercards.com\/es\/wp-json\/wp\/v2\/media\/640"}],"wp:attachment":[{"href":"https:\/\/shercards.com\/es\/wp-json\/wp\/v2\/media?parent=639"}],"wp:term":[{"taxonomy":"product_brand","embeddable":true,"href":"https:\/\/shercards.com\/es\/wp-json\/wp\/v2\/product_brand?post=639"},{"taxonomy":"product_cat","embeddable":true,"href":"https:\/\/shercards.com\/es\/wp-json\/wp\/v2\/product_cat?post=639"},{"taxonomy":"product_tag","embeddable":true,"href":"https:\/\/shercards.com\/es\/wp-json\/wp\/v2\/product_tag?post=639"}],"curies":[{"name":"wp","href":"https:\/\/api.w.org\/{rel}","templated":true}]}}