{"id":65,"date":"2024-08-04T10:58:06","date_gmt":"2024-08-04T10:58:06","guid":{"rendered":"https:\/\/shercards.com\/index.php\/product\/metaphorical-cards-merlin-messages-and-insights\/"},"modified":"2025-10-20T10:48:20","modified_gmt":"2025-10-20T10:48:20","slug":"metaphorical-cards-merlin-messages-and-insights","status":"publish","type":"product","link":"https:\/\/shercards.com\/es\/producto\/metaphorical-cards-merlin-messages-and-insights\/","title":{"rendered":"Tarjetas metaf\u00f3ricas \u201cMerl\u00edn. Mensajes y reflexiones\u201d"},"content":{"rendered":"<p><strong>La \u00fanica edici\u00f3n oficial con licencia de la baraja en Rusia.<\/strong><br \/><strong>\u00a1Nueva edici\u00f3n!<\/strong><br \/><strong>Autor:<\/strong> Itik Shmulevich<br \/> Editorial: MACards<br ><strong>Incluye:<\/strong> <\/p>\n<ul>\n<li>tarjetas 78 uds;<\/li>\n<li>libro de instrucciones (11 p\u00e1ginas)<\/li>\n<li>caja;<\/li>\n<\/ul>\n<p> 78 cartas de colores. Cartas \u201cMerl\u00edn. Mensajes y reflexiones\u201d \u2013 nos ayudan a conectar con nuestro Maestro interior, con la fuente de sabidur\u00eda que sabe c\u00f3mo superar los obst\u00e1culos en nuestro Camino de Vida y nos recuerda qui\u00e9nes somos realmente. Cada dibujo est\u00e1 acompa\u00f1ado de una frase que pretende iluminar nuestro camino. Merl\u00edn nos recuerda que un milagro es la elecci\u00f3n interior de cada uno de nosotros.<br \/> <strong><br \/> Ejercicio \u201cEscaleras a la Casa del \u00c9xito\u201d<br \/> <\/br><\/br><\/strong>Imagina que hay una casa que representa tu \u00e9xito. Imagina c\u00f3mo es, c\u00f3mo est\u00e1 dispuesta por dentro y por fuera, d\u00f3nde se encuentra, c\u00f3mo te sentir\u00e1s en esa casa. Digamos que hay una escalera que conduce a esa casa y que consta de 3 escalones. Saca 3 cartas boca arriba (con la imagen hacia arriba) de la baraja MAC \u201cMerl\u00edn. Mensajes e ideas\u201d, que simbolicen esos 3 escalones: 3 pasos hacia tu \u00e9xito.<br \/>Estudia cada carta con atenci\u00f3n. Responde las preguntas: <\/p>\n<ul>\n<li>\u00bfD\u00f3nde estoy ahora?<\/li>\n<li>\u00bfQu\u00e9 cualidades m\u00edas me ayudar\u00e1n en mi camino?<\/li>\n<li>\u00bfC\u00f3mo me siento\/me sentir\u00e9 en cada etapa?<\/li>\n<li>\u00bfQu\u00e9 necesito para dar el siguiente paso?<\/li>\n<\/ul>\n<p> Este ejercicio puede utilizarse para explorar cualquier \u00e1rea de tu vida. Puedes \u201cconstruir\u201d una Casa de la Carrera, una Casa de la Amistad, una Casa de las Relaciones, una Casa de los Recursos, etc.<br \/><strong>Ejercicio \u201cSituaci\u00f3n de vida y una nueva respuesta a ella\u201d<br \/> <\/br><\/strong>Piensa en situaciones recurrentes de la vida en las que te sientes inc\u00f3modo. Piensa en una persona con la que te resulta dif\u00edcil interactuar en una situaci\u00f3n determinada. <\/p>\n<ul>\n<li>\u00bfQu\u00e9 pensamientos vienen a tu mente, qu\u00e9 sentimientos surgen?<\/li>\n<li>\u00bfQu\u00e9 reacciones autom\u00e1ticas observas en tales situaciones?<\/li>\n<li>\u00bfQu\u00e9 estilo de comunicaci\u00f3n utilizas?<\/li> <\/ul>\n<p> De la baraja MAC \u201cMerl\u00edn. Mensajes e ideas\u201d, saca 3 cartas que te ayudar\u00e1n a mirar la situaci\u00f3n desde una perspectiva nueva y a elegir un tipo de respuesta diferente y nueva.<br \/> <\/br><\/p>","protected":false},"excerpt":{"rendered":"<p>La \u00fanica edici\u00f3n oficial autorizada de la baraja en Rusia. \u00a1Nueva edici\u00f3n! Autor: Itsik Shmulevich Editorial: MACards Incluye: 78 cartas; libro de instrucciones<\/p>","protected":false},"featured_media":66,"comment_status":"open","ping_status":"open","template":"","meta":[],"product_brand":[],"product_cat":[26],"product_tag":[],"class_list":{"0":"post-65","1":"product","2":"type-product","3":"status-publish","4":"has-post-thumbnail","6":"product_cat-resources","8":"first","9":"outofstock","10":"purchasable","11":"product-type-simple"},"_links":{"self":[{"href":"https:\/\/shercards.com\/es\/wp-json\/wp\/v2\/product\/65","targetHints":{"allow":["GET"]}}],"collection":[{"href":"https:\/\/shercards.com\/es\/wp-json\/wp\/v2\/product"}],"about":[{"href":"https:\/\/shercards.com\/es\/wp-json\/wp\/v2\/types\/product"}],"replies":[{"embeddable":true,"href":"https:\/\/shercards.com\/es\/wp-json\/wp\/v2\/comments?post=65"}],"wp:featuredmedia":[{"embeddable":true,"href":"https:\/\/shercards.com\/es\/wp-json\/wp\/v2\/media\/66"}],"wp:attachment":[{"href":"https:\/\/shercards.com\/es\/wp-json\/wp\/v2\/media?parent=65"}],"wp:term":[{"taxonomy":"product_brand","embeddable":true,"href":"https:\/\/shercards.com\/es\/wp-json\/wp\/v2\/product_brand?post=65"},{"taxonomy":"product_cat","embeddable":true,"href":"https:\/\/shercards.com\/es\/wp-json\/wp\/v2\/product_cat?post=65"},{"taxonomy":"product_tag","embeddable":true,"href":"https:\/\/shercards.com\/es\/wp-json\/wp\/v2\/product_tag?post=65"}],"curies":[{"name":"wp","href":"https:\/\/api.w.org\/{rel}","templated":true}]}}