{"id":823,"date":"2024-08-04T12:14:02","date_gmt":"2024-08-04T12:14:02","guid":{"rendered":"https:\/\/shercards.com\/index.php\/product\/metaphorical-associative-cards-in-the-stream-of-abundance\/"},"modified":"2025-10-20T10:44:50","modified_gmt":"2025-10-20T10:44:50","slug":"metaphorical-associative-cards-in-the-stream-of-abundance","status":"publish","type":"product","link":"https:\/\/shercards.com\/es\/producto\/metaphorical-associative-cards-in-the-stream-of-abundance\/","title":{"rendered":"Cartas asociativas metaf\u00f3ricas \u201cEn la corriente de la abundancia\u201d"},"content":{"rendered":"<p>Editorial: mak-vorgul<\/p>\n<p> Categor\u00eda MAC: trabajar con creencias limitantes, actitudes negativas, estados de recursos, trama + texto<\/p>\n<p> La autora de la idea, bocetos de ilustraciones, bocetos de dibujos y sugerencias de texto es la psic\u00f3loga Tatyana Vorgul. <\/p>\n<p> Artista \u2013 Elena Sufyanova<\/p>\n<p> Autor del embalaje: Ayoka Sergazina<\/p>\n<p> Contenido:<\/p>\n<li>42 tarjetas con im\u00e1genes (tama\u00f1o: 70\u00d7100 mm) dirigidas a ver y descifrar la met\u00e1fora que el subconsciente emite en forma de imagen de asociaci\u00f3n.<\/li>\n<li>38 tarjetas con pistas verbales para identificar creencias y actitudes limitantes<\/li>\n<li>Instrucciones<\/li>\n<li >Una caja herm\u00e9tica con tapa para guardar cosas.<\/li>\n<p> <\/br><br \/> Las cartas metaf\u00f3ricas \u201cEn la Corriente de la Abundancia\u201d est\u00e1n dise\u00f1adas para trabajar las experiencias negativas y creencias limitantes que bloquean la Corriente de la Abundancia, perturbando el equilibrio en relaci\u00f3n con el Dinero, los propios deseos y capacidades. <br \/>El conjunto consta de im\u00e1genes que te ayudar\u00e1n a sumergirte en las profundidades de las experiencias reprimidas y traum\u00e1ticas, despu\u00e9s de trabajarlas, todos tienen la oportunidad de cambiar y transformar las actitudes bloqueadoras al conectarse con los recursos del Flujo de Abundancia.<\/p>\n<p> Puedes trabajar con la baraja tanto de forma individual como en sesiones de asesoramiento grupal. Tambi\u00e9n se puede utilizar como complemento a los juegos de transformaci\u00f3n. Las barajas MAC \u201cEn la corriente de la abundancia\u201d se pueden utilizar tanto por separado como en combinaci\u00f3n con otras barajas de la serie \u201cEn la corriente\u201d. Este kit se puede utilizar para el autodiagn\u00f3stico. Para un estudio m\u00e1s profundo, cuando las ra\u00edces del problema est\u00e1n muy arraigadas, es mejor recurrir a la ayuda de un especialista.<\/p>\n<p> \u00bfPara qui\u00e9n? Para psic\u00f3logos, psicoterapeutas de diversas especialidades, coaches, profesores, especialistas en profesiones asistenciales, para cualquier persona interesada en el autodesarrollo y el autoconocimiento.<\/p>\n<p> El IAC \u201cEn la Corriente de la Abundancia\u201d se puede utilizar en: <\/p>\n<ul> <\/p>\n<li>Trabajar con experiencias, condiciones de crisis asociadas a p\u00e9rdidas financieras, sentimiento de propia inutilidad, incapacidad de tener un nivel de vida digno, con falsas creencias sobre valores y autoestima, y con el establecimiento de metas y objetivos.<\/li>\n<li>Bloques de diversos niveles en la esfera monetaria;<\/li>\n<li>Investigaci\u00f3n y eliminaci\u00f3n de miedos y fobias relacionadas con el Flujo de Abundancia, Flujo de Efectivo;<\/li>\n<li>Ayudar\u00e1n a identificar programas negativos de escenarios de vida y patrones de comportamiento, a ver y \u201cactivar\u201d estados de recursos, transformando los programas gen\u00e9ricos de miedo al dinero (te lo quitar\u00e1n, te lo desposeer\u00e1n, lo perder\u00e1s, etc.).<\/li>\n<p> <\/br><\/ul>\n<p> T\u00e9cnica n\u00ba 1. \u201cYo y la imagen de la abundancia\u201d.<\/p>\n<p> Objetivo: trabajar con actitudes negativas, experiencias traum\u00e1ticas, b\u00fasqueda de recursos.<\/p>\n<li>\u00bfQuieres explorar una situaci\u00f3n recurrente? \u00bfEntender las razones ocultas de la \u201cmala suerte en asuntos de dinero\u201d? Piensa en un evento desagradable recurrente del pasado con el que te gustar\u00eda trabajar. Por ejemplo, la p\u00e9rdida de una gran suma o el desmoronamiento de las esperanzas, el fracaso de un negocio rentable. Elige una carta que te represente a ti y de 1 a 3 cartas que reflejen esta situaci\u00f3n traum\u00e1tica.<\/li>\n<li>Col\u00f3calas en la posici\u00f3n correcta, tu mano lo sentir\u00e1. Observa lo que se muestra en las cartas. \u00bfC\u00f3mo se relaciona esto con tu situaci\u00f3n? \u00bfC\u00f3mo te sientes cuando miras la imagen y hablas de tu experiencia? \u00bfQu\u00e9 figura es la m\u00e1s significativa en un evento recurrente? \u00bfD\u00f3nde est\u00e1 la imagen de la Abundancia en relaci\u00f3n contigo? \u00bfQu\u00e9 figura es m\u00e1s alta? \u00bfC\u00f3mo se siente la figura de la Abundancia hacia ti? \u00bfC\u00f3mo te sientes en relaci\u00f3n con la figura de la Abundancia? Recuerda estos sentimientos.<\/li>\n<li>Imagina que tu figura es la principal. \u00bfQu\u00e9 har\u00e1s primero? \u00bfC\u00f3mo responden las otras figuras? \u00bfTu figura se siente c\u00f3moda? \u00bfC\u00f3mo te hace sentir Abundancia? \u00bfQu\u00e9 hay que hacer para que te sientas c\u00f3modo al lado de la figura de Abundancia? \u00bfQu\u00e9 hay que hacer para que Abundancia se sienta c\u00f3moda (interesante) a tu lado? Puedes escribir pasos y acciones espec\u00edficas para que luego puedas hacer un plan para salir de una situaci\u00f3n de crisis. O puedes dejar todo en el plano de los sentimientos.<\/li>\n<li>Al final del ejercicio, se recomienda sacar 1-2 cartas OT de la baraja \u201cEn la corriente de los escenarios ancestrales\u201d, de la parte donde se representan los animales t\u00f3tem. Preg\u00fantate qu\u00e9 animal espiritual tiene los recursos que necesitas. Haz la pregunta: \u201c\u00bfC\u00f3mo puede un animal espiritual apoyarme en esta experiencia? \u00bfQu\u00e9 recursos de este animal ayudar\u00e1n a superar estas experiencias traum\u00e1ticas y transformar las experiencias negativas en un estado de recursos?\u201d Examina cuidadosamente al animal, imagina que YA tienes los recursos que posee. Perm\u00edtete cambiar la situaci\u00f3n de la manera que quieras. \u00a1Buena suerte! Puedes reemplazar el trabajo con un animal t\u00f3tem con cualquier baraja de recursos disponible.<\/li>\n<p> <\/br><br \/> T\u00e9cnica n\u00ba 2. \u201cTrabajar a trav\u00e9s de las limitaciones internas\u201d.<\/p>\n<li>Trabajemos con la parte de texto de la baraja. Piensa en tus deseos, objetivos, proyectos que quieres hacer realidad. Crea una intenci\u00f3n de comprender y lidiar con las creencias limitantes que te impiden Crear, Lograr, Implementar.<\/li>\n<li>Saque una tarjeta OT.<\/li>\n<li>Observa qu\u00e9 afirmaci\u00f3n est\u00e1 en la parte superior. Responde las preguntas: \u2022 \u00bfPor qu\u00e9 crees que recibiste esta afirmaci\u00f3n en particular y espec\u00edficamente en relaci\u00f3n con tu solicitud? \u2022 \u00bfQu\u00e9 es verdad y qu\u00e9 no es verdad en esta afirmaci\u00f3n? \u2022 \u00bfEs esto siempre cierto? \u2022 \u00bfEn qu\u00e9 situaciones podr\u00eda ser verdad y en qu\u00e9 situaciones podr\u00eda no serlo? \u2022 Eval\u00faa tu actitud ante esta afirmaci\u00f3n utilizando el principio de \u201cfr\u00edo-calor\u201d. \u00bfLa afirmaci\u00f3n te \u201cenciende\u201d o te \u201ccongela\u201d? \u00bfCu\u00e1nto tiempo te enciende? \u00bfCu\u00e1nto tiempo te congela? \u2022 \u00bfC\u00f3mo limita tus capacidades? \u00bfQu\u00e9 oportunidades espec\u00edficas est\u00e1n limitadas\/bloqueadas para ti? \u2022 \u00bfC\u00f3mo te protege? \u00bfContra qu\u00e9 te protege?<\/li>\n<p> <\/br><br \/> Puedes utilizar la ayuda del \u201cTerm\u00f3metro\u201d descrito en la t\u00e9cnica n\u00ba 3.<\/p>\n<p> T\u00e9cnica N\u00ba 3 \u201cTerm\u00f3metro\u201d.<br \/> El objetivo es estudiar las manifestaciones corporales, las experiencias negativas y positivas y recibir una respuesta emocional a nivel corporal.<\/p>\n<p> La baraja contiene una carta con la imagen de un term\u00f3metro, donde la escala contiene valores de \u2013 10 a + 10, donde \u2013 10 es la m\u00e1xima reacci\u00f3n negativa y +10 es la m\u00e1xima reacci\u00f3n positiva, actitud, manifestaci\u00f3n.<\/p>\n<li>Cierra los ojos, coloca tu dedo sobre el term\u00f3metro que se muestra en la tarjeta, mu\u00e9velo a lo largo de \u00e9l. Siente cu\u00e1nto influye esta afirmaci\u00f3n en ti, en tu subconsciente y en tu comportamiento.<\/li>\n<li>Responda las mismas preguntas con respecto a la segunda afirmaci\u00f3n.<\/li>\n<li>Compara ambas afirmaciones y responde a las preguntas: \u2022 \u00bfCu\u00e1l de las dos afirmaciones es verdadera y cu\u00e1l es falsa? \u00bfO ambas son falsas? \u2022 \u00bfQu\u00e9 afirmaci\u00f3n te gustar\u00eda creer, pero tienes miedo de ser enga\u00f1ado? \u00bfPor qu\u00e9? \u2022 \u00bfA qu\u00e9 creencia no puedes renunciar? \u00bfPor qu\u00e9? \u2022 \u00bfCu\u00e1l es la contradicci\u00f3n entre estas afirmaciones? \u2022 \u00bfC\u00f3mo deber\u00eda sonar idealmente la afirmaci\u00f3n: para que desaparezcan las restricciones y permanezca la protecci\u00f3n? Encuentra y escribe la mejor opci\u00f3n \u2022 \u00bfQu\u00e9 recurso te falta para poder aceptar esta nueva creencia?<\/li>\n<li>Escribe todas las conclusiones y conocimientos que recibiste como resultado de este ejercicio.<\/li>\n<li>Escribe 3 acciones que realizar\u00e1s primero para resolver tu problema.<\/li>\n<li>\u00a1Empieza a implementar tus decisiones! \u00a1Te deseamos mucha suerte en este camino! La baraja \u201cEn la Corriente de los Escenarios Ancestrales\u201d \u2013 Tu animal t\u00f3tem \u2013 te ayudar\u00e1 como recurso interno. Tambi\u00e9n puedes utilizar la parte de dibujo de la baraja \u201cEn la Corriente de los Sentimientos\u201d.<\/li>\n<p> <\/br><br \/> En las instrucciones encontrar\u00e1s m\u00e1s ejercicios y t\u00e9cnicas para trabajar con MAC en el Stream. <\/br><\/p>","protected":false},"excerpt":{"rendered":"<p>Editorial: mak-vorgul Categor\u00eda MAC: trabajar con creencias limitantes, actitudes negativas, estados de recursos, trama + texto El autor de la idea,<\/p>","protected":false},"featured_media":824,"comment_status":"open","ping_status":"open","template":"","meta":[],"product_brand":[],"product_cat":[31],"product_tag":[],"class_list":{"0":"post-823","1":"product","2":"type-product","3":"status-publish","4":"has-post-thumbnail","6":"product_cat-money-business-professions","8":"first","9":"outofstock","10":"purchasable","11":"product-type-simple"},"_links":{"self":[{"href":"https:\/\/shercards.com\/es\/wp-json\/wp\/v2\/product\/823","targetHints":{"allow":["GET"]}}],"collection":[{"href":"https:\/\/shercards.com\/es\/wp-json\/wp\/v2\/product"}],"about":[{"href":"https:\/\/shercards.com\/es\/wp-json\/wp\/v2\/types\/product"}],"replies":[{"embeddable":true,"href":"https:\/\/shercards.com\/es\/wp-json\/wp\/v2\/comments?post=823"}],"wp:featuredmedia":[{"embeddable":true,"href":"https:\/\/shercards.com\/es\/wp-json\/wp\/v2\/media\/824"}],"wp:attachment":[{"href":"https:\/\/shercards.com\/es\/wp-json\/wp\/v2\/media?parent=823"}],"wp:term":[{"taxonomy":"product_brand","embeddable":true,"href":"https:\/\/shercards.com\/es\/wp-json\/wp\/v2\/product_brand?post=823"},{"taxonomy":"product_cat","embeddable":true,"href":"https:\/\/shercards.com\/es\/wp-json\/wp\/v2\/product_cat?post=823"},{"taxonomy":"product_tag","embeddable":true,"href":"https:\/\/shercards.com\/es\/wp-json\/wp\/v2\/product_tag?post=823"}],"curies":[{"name":"wp","href":"https:\/\/api.w.org\/{rel}","templated":true}]}}