{"id":833,"date":"2024-08-04T12:15:11","date_gmt":"2024-08-04T12:15:11","guid":{"rendered":"https:\/\/shercards.com\/index.php\/product\/metaphorical-cards-portrait-of-a-man\/"},"modified":"2025-10-20T10:44:49","modified_gmt":"2025-10-20T10:44:49","slug":"metaphorical-cards-portrait-of-a-man","status":"publish","type":"product","link":"https:\/\/shercards.com\/es\/producto\/metaphorical-cards-portrait-of-a-man\/","title":{"rendered":"Tarjetas metaf\u00f3ricas \u201cRetrato de un hombre\u201d"},"content":{"rendered":"<p>Incluido en el set de 3 barajas \u201cRetratos\u201d<br \/>Autor: Lurko Mikhail<br \/> Autor de las instrucciones: Baksan Evgeniya<br \/>Contenido:<br \/> 70 cartas<br \/> Instrucciones<br \/>Las tarjetas asociativas metaf\u00f3ricas de retrato son una herramienta b\u00e1sica y universal con la que puedes trabajar cualquier petici\u00f3n, en todos los \u00e1mbitos de la vida.<br \/>\u201cRetrato de un hombre\u201d son im\u00e1genes de personas de diferentes edades, diferentes clases sociales, nacionalidades, con diferentes intereses y puntos de vista.&lt; br&gt;La plataforma est\u00e1 dise\u00f1ada para funcionar con: <br \/> \u2022 Autoconcepto, autoestima, val\u00eda personal y actitud.<br \/> \u2022 cualidades y habilidades<br \/> \u2022 sentimientos, emociones y estados<br \/> \u2022 valores y necesidades<br \/> \u2022 pensamiento<br \/> \u2022 estrategias de comportamiento<br \/> \u2022 deseos y metas<br \/> \u2022 subpersonalidades (partes de la personalidad)<br \/> \u2022 roles sociales<br \/> \u2022 relaciones interpersonales<br \/> \u2022 sistema gen\u00e9rico<br \/> \u2022 etc.<br >Las tarjetas asociativas metaf\u00f3ricas \u201cRetrato de un hombre\u201d est\u00e1n creadas para explorar las relaciones con uno mismo, los dem\u00e1s y el mundo.<br \/> Si se desea, se pueden combinar con cualquier tarjeta de retrato, universal, de recursos, especial y de texto.<br \/> M\u00e9todos de trabajo con MAC \u201cRetrato de un hombre\u201d: tanto de forma abierta (elecci\u00f3n consciente) como cerrada (intuitivamente, sin mirar).<br \/> Lista de preguntas que revelan un mapa metaf\u00f3rico:<br \/> \u2022 \u00bfQu\u00e9 est\u00e1 dibujado en el mapa? \u00bfQu\u00e9 est\u00e1 pasando?<br \/> \u2022 \u00bfC\u00f3mo te hace sentir esta imagen? <br \/> \u2022 \u00bfQu\u00e9 es lo que no te gusta de esto? \u00bfPor qu\u00e9?<br \/> \u2022 \u00bfQu\u00e9 es lo que te gusta de esto? \u00bfPor qu\u00e9?<br \/> \u2022 \u00bfA qu\u00e9 le prestaste especial atenci\u00f3n? <br \/> \u2022 \u00bfQu\u00e9 es lo que no quieres ver? \u00bfPor qu\u00e9?<br \/> \u2022 \u00bfQu\u00e9 es lo que quieres hacer?<br \/> \u2022\u00bfC\u00f3mo es \u00e9l?<br \/> \u2022 \u00bfQu\u00e9 piensa \u00e9l? <br \/> \u2022\u00bfC\u00f3mo se siente?<br \/> \u2022\u00bfQu\u00e9 cualidades tiene?<br \/> \u2022 \u00bfQu\u00e9 habilidades tiene?<br \/> \u2022 \u00bfQu\u00e9 nunca har\u00e1?<br \/> \u2022 \u00bfDe qu\u00e9 tiene miedo?<br \/> \u2022 \u00bfQu\u00e9 es lo que m\u00e1s desea?<br \/> \u2022\u00bfC\u00f3mo puedes llamar a esta imagen?<br \/> \u2022 Si hablara \u00bfqu\u00e9 dir\u00eda?<br \/> \u2022 Si imaginas que este personaje eres t\u00fa, \u00bfqu\u00e9 pensar\u00edas y sentir\u00edas bajo esa apariencia? <br \/> \u2022 \u00bfQu\u00e9 colores y formas hay en este mapa? \u00bfQu\u00e9 sentimientos reflejan?<br \/> \u2022 \u00bfNombra todos los adjetivos que est\u00e1n en esta tarjeta?<br \/> \u2022 \u00bfQu\u00e9 detalles te asustan? \u00bfPor qu\u00e9?<br \/> \u2022 \u00bfQu\u00e9 eliminar\u00edas de este look? \u00bfQu\u00e9 dice la met\u00e1fora de lo que sobra?<br \/> \u2022 \u00bfQu\u00e9 detalles te gustan? \u00bfQu\u00e9 recurso podr\u00edan reflejar?<br \/> \u2022 \u00bfQu\u00e9 asociaciones tienes con esta imagen? <br \/> \u2022 \u00bfC\u00f3mo se relaciona lo que se muestra en el mapa con usted y su solicitud?<br \/> \u2022\u00bfQu\u00e9 es lo principal en este mapa?<br \/> \u2022 \u00bfQu\u00e9 pasa fuera de este mapa?<br \/> \u2022 \u00bfQu\u00e9 debe suceder para que esta imagen se vuelva armoniosa?<br \/> \u2022 \u00bfQu\u00e9 mensaje te transmite la tarjeta?<br \/> \u2022 \u00bfA qu\u00e9 es importante prestar atenci\u00f3n? <br \/> \u2022 \u00bfC\u00f3mo puede ayudarle esta comprensi\u00f3n?<br \/> \u2022 \u00bfQu\u00e9 est\u00e1s dispuesto a hacer?<br \/>Si no puede encontrar la respuesta usando el mapa cuando trabaja con t\u00e9cnicas ya preparadas, puede usar una o m\u00e1s preguntas de la lista para revelarla. <br \/> Si se utilizan estas mismas preguntas todas seguidas cuando se trabaja con una tarjeta, funcionar\u00e1n como una t\u00e9cnica grande y compleja.<br \/>Posibilidades de trabajar con adultos y ni\u00f1os.<br \/>La herramienta est\u00e1 destinada a:<br \/> psic\u00f3logos, psicoterapeutas, especialistas en otras profesiones de ayuda, l\u00edderes en juegos psicol\u00f3gicos y transformacionales, especialistas en trabajar con mapas asociativos metaf\u00f3ricos, personas dedicadas al autoconocimiento y al autodesarrollo.<br \/>T\u00e9cnicas de trabajo:<br \/> 1. \u201cConoci\u00e9ndote a ti mismo\u201d <br \/>Meta y objetivos:<br > Con\u00f3cete a ti mismo, comprende tus cualidades, sentimientos y deseos. <br \/> Algoritmo:<br \/> Boca arriba, selecciona dos cartas del mazo que respondan a la pregunta: \u201c\u00bfC\u00f3mo soy ahora?\u201d<br \/> Boca abajo, saca una carta con la misma pregunta. <br \/> Revela las cartas una por una, respondiendo las preguntas:<br \/> \u00bfQu\u00e9 personaje es este? <br \/> \u00bfQu\u00e9 siente \u00e9l?<br \/> \u00bfEn qu\u00e9 piensa \u00e9l?<br \/> \u00bfQu\u00e9 cualidades tiene? <br \/> \u00bfDe qu\u00e9 tiene miedo?<br \/> \u00bfC\u00f3mo act\u00faa entonces?<br \/> \u00bfQu\u00e9 quiere \u00e9l?<br \/> \u00bfQu\u00e9 le ayudar\u00e1 a realizar sus deseos?<br \/> \u00bfQu\u00e9 tiene esto que ver contigo, con tus sentimientos y deseos?<br \/> P Al finalizar el trabajo, resuma.<br \/>2. \u201cMasculinidad\u201d<br \/>Meta y objetivos:<br \/> Explora el tema de la masculinidad (para hombres), el tema del hombre interior (para mujeres).<br \/> Algoritmo:<br \/> De la baraja boca arriba, selecciona dos cartas y dos cartas boca abajo con una pregunta: <br \/> \u201c\u00bfQu\u00e9 es mi hombre interior?\u201d<br \/> Revela cada carta por turno usando preguntas:<br \/> \u00bfCuales son sus sentimientos y pensamientos?<br \/> \u00bfCuales son sus estrategias de acci\u00f3n?<br \/> \u00bfCuales son sus rasgos de personalidad y habilidades? <br \/> \u00bfQu\u00e9 lo hace valiente?<br \/> De la baraja, elige dos cartas boca arriba y dos cartas boca abajo con la pregunta: <br \/> \u201c\u00bfQu\u00e9 te ayudar\u00e1 a revelar tu masculinidad (hombre interior)?\u201d<br \/> Revelalos uno por uno usando preguntas: <br \/> \u00bfCuales son sus sentimientos y pensamientos?<br \/> \u00bfCuales son sus estrategias de acci\u00f3n?<br \/> \u00bfCuales son sus cualidades y habilidades?<br \/> \u00bfQu\u00e9 dice esto sobre ti?<br \/> Al final del trabajo, resumir.<br \/>3. \u201cCr\u00edtico interno\u201d <br \/>Meta y objetivos: <br \/> Conciencia y estudio de la parte cr\u00edtica de la personalidad (padre interior), responsable de los requisitos, reglas y deberes (debo, no puedo, tengo que, etc.)<br \/> Algoritmo:<br > Recuerda tu discurso interior. \u00bfQu\u00e9 di\u00e1logos suelen tener lugar en tu cabeza contigo mismo cuando te rega\u00f1as y te criticas? \u00bfQu\u00e9 palabras te dices a ti mismo? \u00bfEn qu\u00e9 tono? \u00bfQu\u00e9 etiquetas utilizas? \u00bfQu\u00e9 exiges? \u00bfQu\u00e9 proh\u00edbes?<br \/> Boca arriba, elige una carta que represente a tu cr\u00edtico interno (una carta que no te gusta o que parece representar un personaje que podr\u00eda presionar a los dem\u00e1s).<br \/> Desc\u00fabrelo con preguntas: <br \/> \u00bfQu\u00e9 personaje es este? <br \/> \u00bfC\u00f3mo te trata?<br \/> \u00bfQu\u00e9 quiere decirte?<br \/> \u00bfPor qu\u00e9 te critica? <br \/> \u00bfPor qu\u00e9? \u00bfPara qu\u00e9?<br \/> \u00bfDe qu\u00e9 quiere protegerte? \u00bfDe qu\u00e9 tiene miedo? <br \/> Intenta comunicarte con \u00e9l. Dile que tomas en cuenta sus experiencias y recomendaciones, que estar\u00e1s atento y atento. Agrad\u00e9cele su preocupaci\u00f3n y dile que ya eres un adulto y puedes tomar tus propias decisiones. <br \/> \u00bfC\u00f3mo reacciona? <br \/> Quiz\u00e1s con el tiempo la imagen del cr\u00edtico interior cambie y se transforme. Si es necesario, repita este ejercicio peri\u00f3dicamente para negociar con \u00e9l.<br \/>4. \u201cEsferas de la vida\u201d <br \/>Meta y objetivos: <br \/> Explorar esferas de la vida a trav\u00e9s de subpersonalidades. <br \/> Algoritmo:<br \/> Para cada \u00e1rea de la vida (relaciones, sociedad, trabajo, dinero, ocio, salud, espiritualidad), saca una tarjeta boca abajo con la pregunta: \u201c\u00bfQu\u00e9 parte de mi personalidad es responsable de esta \u00e1rea?\u201d<br \/> Revela cada carta por turno usando preguntas: <br \/> \u00bfC\u00f3mo es \u00e9l? \u00bfQu\u00e9 cualidades tiene?<br \/> \u00bfQu\u00e9 hace habitualmente? \u00bfDe qu\u00e9 es responsable?<br \/> \u00bfQu\u00e9 le gusta? \u00bfQu\u00e9 no le gusta?<br \/> \u00bfC\u00f3mo se puede llamar este personaje?<br \/> \u00bfQu\u00e9 otras cosas \u00fatiles puede hacer por esta \u00e1rea de la vida? \u00bfQu\u00e9 oportunidades puede aprovechar?<br \/> \u00bfC\u00f3mo puedes implementar esto en tu vida? <\/br><\/br><\/p>","protected":false},"excerpt":{"rendered":"<p>Incluido en el juego de 3 barajas \u201cRetratos\u201dAutor: Lurko Mikhail Autor de las instrucciones: Baksan EvgeniyaContenido: 70 cartas InstruccionesRetrato metaf\u00f3rico asociativo<\/p>","protected":false},"featured_media":834,"comment_status":"open","ping_status":"open","template":"","meta":[],"product_brand":[],"product_cat":[28],"product_tag":[],"class_list":{"0":"post-833","1":"product","2":"type-product","3":"status-publish","4":"has-post-thumbnail","6":"product_cat-portraits-archetypes-subpersonalities","8":"first","9":"outofstock","10":"purchasable","11":"product-type-simple"},"_links":{"self":[{"href":"https:\/\/shercards.com\/es\/wp-json\/wp\/v2\/product\/833","targetHints":{"allow":["GET"]}}],"collection":[{"href":"https:\/\/shercards.com\/es\/wp-json\/wp\/v2\/product"}],"about":[{"href":"https:\/\/shercards.com\/es\/wp-json\/wp\/v2\/types\/product"}],"replies":[{"embeddable":true,"href":"https:\/\/shercards.com\/es\/wp-json\/wp\/v2\/comments?post=833"}],"wp:featuredmedia":[{"embeddable":true,"href":"https:\/\/shercards.com\/es\/wp-json\/wp\/v2\/media\/834"}],"wp:attachment":[{"href":"https:\/\/shercards.com\/es\/wp-json\/wp\/v2\/media?parent=833"}],"wp:term":[{"taxonomy":"product_brand","embeddable":true,"href":"https:\/\/shercards.com\/es\/wp-json\/wp\/v2\/product_brand?post=833"},{"taxonomy":"product_cat","embeddable":true,"href":"https:\/\/shercards.com\/es\/wp-json\/wp\/v2\/product_cat?post=833"},{"taxonomy":"product_tag","embeddable":true,"href":"https:\/\/shercards.com\/es\/wp-json\/wp\/v2\/product_tag?post=833"}],"curies":[{"name":"wp","href":"https:\/\/api.w.org\/{rel}","templated":true}]}}