{"id":864,"date":"2024-08-04T12:19:14","date_gmt":"2024-08-04T12:19:14","guid":{"rendered":"https:\/\/shercards.com\/index.php\/product\/metaphorical-associative-cards-casting\/"},"modified":"2025-10-20T10:44:49","modified_gmt":"2025-10-20T10:44:49","slug":"metaphorical-associative-cards-casting","status":"publish","type":"product","link":"https:\/\/shercards.com\/es\/producto\/metaphorical-associative-cards-casting\/","title":{"rendered":"Cartas asociativas metaf\u00f3ricas \u201cLanzar\u201d"},"content":{"rendered":"<p>Autora: Yulia Nisanova (psic\u00f3loga en ejercicio, miembro del CNO de la Asociaci\u00f3n Internacional de Psic\u00f3logos, especialista certificada en el trabajo con IAC, especialista en EOT, practicante de juegos, autora de los t-games: &quot;Oc\u00e9ano del amor de mam\u00e1&quot;, &quot;Nueva vida despu\u00e9s de la separaci\u00f3n&quot;, &quot;Los regalos del padre&quot;, &quot;Casting. C\u00f3mo conocer al indicado&quot;). <br \/> <\/br> Dise\u00f1adora: Victoria Ovcharenko<br \/> Contenido:<br \/> 60 tarjetas de imagen de 108 x 72 mm<br \/> 60 tarjetas de calidad 70*30 mm<br \/> instrucciones con descripci\u00f3n<br \/> Estuche para guardar tarjetas <br \/> <\/br> Las cartas asociativas metaf\u00f3ricas \u201cCasting\u201d representan 30 im\u00e1genes masculinas y 30 femeninas diferentes, as\u00ed como 60 cartas de diferentes calidades. Esta baraja de cartas con retratos es adecuada tanto para el uso independiente como para la resoluci\u00f3n de diversas situaciones o problemas, y adem\u00e1s de los juegos de mesa, por ejemplo, esta baraja es adecuada para los juegos de mesa \u201cRegalos del padre\u201d, \u201cOc\u00e9ano del amor materno\u201d, para explorar las im\u00e1genes de la figura del padre y la madre. <br \/> <\/br> La idea de crear estas cartas surgi\u00f3 junto con la idea de desarrollar el juego de rol \u201cCasting. C\u00f3mo encontrar a la persona indicada\u201d, del que soy autor. Durante el juego, se presta mucha atenci\u00f3n al trabajo con diversos estados, emociones y sensaciones, que ayudan a transmitir con mucha precisi\u00f3n las cartas de \u201cCasting\u201d. Ayudan a describir de manera muy sutil varios estados del alma. Gracias a estas cartas, se puede comprender qu\u00e9 cualidades esconde la imagen ca\u00edda y luego trabajar con estas cualidades y transformarlas o fortalecerlas, sacando las conclusiones adecuadas. <br \/> <\/br> La baraja \u201cCasting\u201d permite al psic\u00f3logo trabajar con una amplia gama de temas diferentes, por ejemplo, las relaciones de pareja, la actitud hacia uno mismo, las relaciones entre padres e hijos, la carrera, el dinero, el \u00e9xito y la autorrealizaci\u00f3n. A trav\u00e9s de esta baraja se puede trabajar la integraci\u00f3n de los principios masculinos y femeninos de la personalidad. <br \/> <\/br> El uso de tarjetas con palabras permitir\u00e1 utilizar el pensamiento l\u00f3gico, lo que complementar\u00e1 el trabajo con im\u00e1genes. La baraja con palabras consta de adjetivos que permiten describir la imagen con m\u00e1s detalle y volumen. Las tarjetas con im\u00e1genes y palabras se pueden utilizar tanto juntas como por separado. <br \/> <\/br> Antes de comenzar a trabajar con las tarjetas, separe las im\u00e1genes masculinas y femeninas para mayor comodidad. <\/br><\/br><\/p>","protected":false},"excerpt":{"rendered":"<p>Autora: Yulia Nisanova (Psic\u00f3loga en ejercicio, miembro del CNO de la Asociaci\u00f3n Internacional de Psic\u00f3logos, especialista certificada en el trabajo con<\/p>","protected":false},"featured_media":865,"comment_status":"open","ping_status":"open","template":"","meta":[],"product_brand":[],"product_cat":[28],"product_tag":[],"class_list":{"0":"post-864","1":"product","2":"type-product","3":"status-publish","4":"has-post-thumbnail","6":"product_cat-portraits-archetypes-subpersonalities","8":"first","9":"outofstock","10":"purchasable","11":"product-type-simple"},"_links":{"self":[{"href":"https:\/\/shercards.com\/es\/wp-json\/wp\/v2\/product\/864","targetHints":{"allow":["GET"]}}],"collection":[{"href":"https:\/\/shercards.com\/es\/wp-json\/wp\/v2\/product"}],"about":[{"href":"https:\/\/shercards.com\/es\/wp-json\/wp\/v2\/types\/product"}],"replies":[{"embeddable":true,"href":"https:\/\/shercards.com\/es\/wp-json\/wp\/v2\/comments?post=864"}],"wp:featuredmedia":[{"embeddable":true,"href":"https:\/\/shercards.com\/es\/wp-json\/wp\/v2\/media\/865"}],"wp:attachment":[{"href":"https:\/\/shercards.com\/es\/wp-json\/wp\/v2\/media?parent=864"}],"wp:term":[{"taxonomy":"product_brand","embeddable":true,"href":"https:\/\/shercards.com\/es\/wp-json\/wp\/v2\/product_brand?post=864"},{"taxonomy":"product_cat","embeddable":true,"href":"https:\/\/shercards.com\/es\/wp-json\/wp\/v2\/product_cat?post=864"},{"taxonomy":"product_tag","embeddable":true,"href":"https:\/\/shercards.com\/es\/wp-json\/wp\/v2\/product_tag?post=864"}],"curies":[{"name":"wp","href":"https:\/\/api.w.org\/{rel}","templated":true}]}}