{"id":881,"date":"2024-08-04T12:19:14","date_gmt":"2024-08-04T12:19:14","guid":{"rendered":"https:\/\/shercards.com\/index.php\/product\/metaphorical-cards-archetypes-and-shadows\/"},"modified":"2025-08-01T13:29:23","modified_gmt":"2025-08-01T13:29:23","slug":"metaphorical-cards-archetypes-and-shadows","status":"publish","type":"product","link":"https:\/\/shercards.com\/es\/producto\/metaphorical-cards-archetypes-and-shadows\/","title":{"rendered":"Cartas metaf\u00f3ricas \u201cArquetipos y sombras\u201d"},"content":{"rendered":"<p>Autor: Chuck Spezzano, Peter Koechne<br \/> Fabricante: Avvalon \u2013 Lo Scarabeo<br \/> Contenido: libro y 90 cartas.<br \/> Material: cart\u00f3n, papel.<br \/> Dimensiones: 130x190x50 mm<br \/> Aqu\u00ed hay una edici\u00f3n en ruso. &lt; fuerte&gt;Barajas de cartas \u201cArquetipos y Sombras\u201d<\/strong>, cuyo autor es un psicoterapeuta estadounidense, Chuck Spezzano Ph.D. Cre\u00f3 esta baraja bas\u00e1ndose en sus 35 a\u00f1os de experiencia asesorando, ense\u00f1ando y curando a personas.<br \/> Esta baraja ya se conoc\u00eda en ingl\u00e9s y recibi\u00f3 muchos comentarios positivos de los psic\u00f3logos rusos, que esperaban con impaciencia la traducci\u00f3n del libro basada en su descripci\u00f3n. Ahora, el abanico de especialistas es a\u00fan m\u00e1s amplio y podr\u00e1n familiarizarse con la baraja y apreciar sus amplias posibilidades y la facilidad de trabajo.<br \/> A diferencia de otras barajas psicol\u00f3gicas, las cartas de Spezzano cubren casi todos los aspectos de la vida humana. La selecci\u00f3n de arquetipos, y especialmente figuras de sombras, que son bastante raras, es muy interesante. La baraja presenta arquetipos muy originales: \u201cCham\u00e1n\u201d, \u201cMadre Tierra\u201d, \u201cPap\u00e1 Noel\u201d, \u201cNinfa\u201d, \u201cT\u00e1ntrico\u201d. Entre las figuras de sombra, es interesante destacar como \u201cViuda Negra\u201d, \u201cHombre Gordo\u201d, \u201cHolgaz\u00e1n\u201d, \u201cBruja\u201d, \u201cBorracho\u201d, \u201cCerdo\u201d. Sin excepci\u00f3n, todas las cartas contienen im\u00e1genes de personas. Cada personaje tiene una personalidad \u00fanica. Todo esto le da a las cartas volumen y contenido. Las im\u00e1genes reflejan de manera fuerte y precisa el estado emocional y la situaci\u00f3n en un momento espec\u00edfico de la vida. Esta baraja responde bien a cualquier solicitud del cliente y refleja todo lo que una persona puede experimentar. <\/br><\/p>","protected":false},"excerpt":{"rendered":"<p>Autor: Chuck Spezzano, Peter Koechne Fabricante: Avvalon \u2013 Lo Scarabeo Contenido: libro y 90 tarjetas Material: cart\u00f3n, papel Dimensiones: 130x190x50<\/p>","protected":false},"featured_media":9290,"comment_status":"open","ping_status":"closed","template":"","meta":[],"product_brand":[],"product_cat":[28],"product_tag":[],"class_list":{"0":"post-881","1":"product","2":"type-product","3":"status-publish","4":"has-post-thumbnail","6":"product_cat-portraits-archetypes-subpersonalities","8":"first","9":"outofstock","10":"purchasable","11":"product-type-simple"},"_links":{"self":[{"href":"https:\/\/shercards.com\/es\/wp-json\/wp\/v2\/product\/881","targetHints":{"allow":["GET"]}}],"collection":[{"href":"https:\/\/shercards.com\/es\/wp-json\/wp\/v2\/product"}],"about":[{"href":"https:\/\/shercards.com\/es\/wp-json\/wp\/v2\/types\/product"}],"replies":[{"embeddable":true,"href":"https:\/\/shercards.com\/es\/wp-json\/wp\/v2\/comments?post=881"}],"wp:featuredmedia":[{"embeddable":true,"href":"https:\/\/shercards.com\/es\/wp-json\/wp\/v2\/media\/9290"}],"wp:attachment":[{"href":"https:\/\/shercards.com\/es\/wp-json\/wp\/v2\/media?parent=881"}],"wp:term":[{"taxonomy":"product_brand","embeddable":true,"href":"https:\/\/shercards.com\/es\/wp-json\/wp\/v2\/product_brand?post=881"},{"taxonomy":"product_cat","embeddable":true,"href":"https:\/\/shercards.com\/es\/wp-json\/wp\/v2\/product_cat?post=881"},{"taxonomy":"product_tag","embeddable":true,"href":"https:\/\/shercards.com\/es\/wp-json\/wp\/v2\/product_tag?post=881"}],"curies":[{"name":"wp","href":"https:\/\/api.w.org\/{rel}","templated":true}]}}