{"id":886,"date":"2024-08-04T12:22:15","date_gmt":"2024-08-04T12:22:15","guid":{"rendered":"https:\/\/shercards.com\/index.php\/product\/metaphorical-cards-its-in-me-female-images\/"},"modified":"2025-10-20T10:44:03","modified_gmt":"2025-10-20T10:44:03","slug":"metaphorical-cards-its-in-me-female-images","status":"publish","type":"product","link":"https:\/\/shercards.com\/es\/producto\/metaphorical-cards-its-in-me-female-images\/","title":{"rendered":"Tarjetas metaf\u00f3ricas \u201cEst\u00e1 en m\u00ed. Im\u00e1genes femeninas\u201d"},"content":{"rendered":"<p><strong>Puedes comprar dos mazos de \u201cIt&#039;s in Me\u201d (masculino y femenino) como conjunto a un buen precio. Las cartas de estos mazos se pueden combinar, lo que te permite ampliar su funcionalidad.<br \/> <\/br><\/strong><strong>\u00a1Nueva edici\u00f3n!<\/strong><br \/>La baraja consta de 90 cartas e instrucciones con ejercicios. Embalaje: caja gruesa.<br \/>Autor de la baraja: psic\u00f3loga e hipnoterapeuta Anastasia Kolendo-Smirnova.<br \/> Artista: Natalya Chernyavskaya.<br \/>La baraja de cartas metaf\u00f3ricas \u201cEst\u00e1 en m\u00ed. Im\u00e1genes masculinas\u201d es una continuaci\u00f3n de la baraja \u201cEst\u00e1 en m\u00ed\u201d para trabajar con mujeres, y tambi\u00e9n es una baraja independiente para trabajar con hombres.<br \/>M\u00f3dulo para PsyCards \u201cEst\u00e1 en m\u00ed\u201d<br \/>La baraja de cartas metaf\u00f3ricas \u201cEst\u00e1 en m\u00ed\u201d est\u00e1 dise\u00f1ada para trabajar con mujeres y te permite:<br \/> \u2022 formular claramente la solicitud del cliente y establecer el objetivo de la terapia;<br \/> \u2022 mover la aguja en la soluci\u00f3n del problema;<br \/> \u2022 analizar e indicar la direcci\u00f3n en el trabajo con los trastornos psicosom\u00e1ticos;<br \/> \u2022 rastrear y tratar pensamientos y acciones destructivas;<br \/> \u2022 Trabajar con conflictos internos y armonizar las interacciones entre subpersonalidades.<br \/> Adem\u00e1s, la baraja se combina f\u00e1cilmente con cualquier MAC y se puede utilizar con t\u00e9cnicas est\u00e1ndar cl\u00e1sicas empleadas cuando se trabaja con cartas metaf\u00f3ricas asociativas.&lt; br&gt; <br \/> EJERCICIO.nbsp; PRIMERA CONSULTA <br \/> Este ejercicio ayuda a formular una solicitud y determinar el objetivo de la terapia. <br \/> Se le pide al cliente que elija abiertamente la carta del \u201ctorso\u201d y responda a las preguntas: \u201c\u00bfQu\u00e9 est\u00e1 pasando dentro de m\u00ed? \u00bfQu\u00e9 siento?\u201d. A continuaci\u00f3n, tambi\u00e9n se le ofrece elegir abiertamente las \u201cpiernas\u201d que describen el estado de las cosas en un per\u00edodo determinado de la vida: \u201c\u00bfC\u00f3mo me mantengo de pie ahora?\u201d. <br \/> A continuaci\u00f3n, el cliente selecciona de las \u201ccabezas\u201d la respuesta a la pregunta: \u201c\u00bfQu\u00e9 pienso sobre esto? \u00bfQu\u00e9 pienso sobre esta situaci\u00f3n?\u201d. El retrato metaf\u00f3rico as\u00ed construido de una persona en una situaci\u00f3n problem\u00e1tica se discute con un psic\u00f3logo y se aclara la informaci\u00f3n necesaria. <br \/> La siguiente acci\u00f3n es la formaci\u00f3n, tambi\u00e9n abierta, de la imagen deseada de uno mismo tras la soluci\u00f3n de este problema, que se analiza y se comprueba si los cambios son respetuosos con el medio ambiente. A continuaci\u00f3n, entre estos retratos, se recoge abiertamente y se comenta la imagen que le espera a la persona en el futuro si no emprende ninguna acci\u00f3n. A veces, esta imagen motiva al cliente a actuar, y otras veces muestra que no va a pasar nada malo y da una sensaci\u00f3n de tranquilidad respecto a la situaci\u00f3n actual. <br \/> A continuaci\u00f3n se determinan los pasos para conseguir la imagen deseada y se planifica la terapia. <\/br> <br \/> EJERCICIO.nbsp;TRABAJAR CON PSICOSOM\u00c1TICOS <br \/> Ayuda a estudiar las causas psicol\u00f3gicas del s\u00edntoma y delinear el camino para deshacerse del trastorno psicosom\u00e1tico. Se le pide al cliente que encuentre entre las tarjetas abiertas una imagen en el \u00e1rea del cuerpo donde se manifiesta el s\u00edntoma, un objeto que refleje metaf\u00f3ricamente sensaciones en el cuerpo. A continuaci\u00f3n, con la ayuda de preguntas, se analiza la conexi\u00f3n entre esta imagen metaf\u00f3rica y la situaci\u00f3n de vida del cliente. Luego se le pide que encuentre una imagen de lo que precedi\u00f3 a la aparici\u00f3n de este s\u00edntoma. Dado que la enfermedad es una se\u00f1al poderosa, generalmente est\u00e1 precedida por otro presagio de problemas en la esfera emocional de una persona. Este es su significado metaf\u00f3rico que se pide encontrar. De esta manera, llegamos a la conclusi\u00f3n de que la psique no pudo hacer frente a esto y &quot;recurri\u00f3 a la ayuda&quot; del cuerpo. A continuaci\u00f3n, se determinan los pasos de la terapia para resolver el problema que fue un presagio del s\u00edntoma. <br \/> <\/br> EJEMPLO DE TRABAJO #1 <br \/> El cliente tiene un dolor en la pierna. Selecciona una imagen abierta donde se le ata un peso a las piernas. Durante la discusi\u00f3n, resulta que el cliente experimenta pesadez en la pierna, rigidez e incapacidad para moverse. Traduzcamos esta met\u00e1fora a lo que sucede en la situaci\u00f3n de la vida real del cliente: &quot;\u00bfQu\u00e9 o qui\u00e9n te est\u00e1 presionando? \u00bfQui\u00e9n o qu\u00e9 te encaden\u00f3 y a qu\u00e9 est\u00e1s encadenado en tu vida?&quot; etc. A continuaci\u00f3n, se le pide que elija qu\u00e9 precedi\u00f3 a la aparici\u00f3n del dolor en la pierna: &quot;Cuando la pierna no te molestaba, \u00bfqu\u00e9 te sucedi\u00f3 emocionalmente? \u00bfQu\u00e9 sentimientos y pensamientos experimentaste antes de que apareciera el s\u00edntoma? <br \/> El cliente elige la imagen &quot;torso&quot;, donde hay muchas manos, explicando este estado por el hecho de que se agarraba a todo y no lograba nada. Este estado podr\u00eda &quot;solucionarse&quot; con la ayuda de pesas &quot;de frenado&quot;, &quot;rigideces&quot;. <br \/> A continuaci\u00f3n, analizamos con el cliente con m\u00e1s detalle qu\u00e9 intent\u00f3 hacer exactamente durante ese per\u00edodo, qu\u00e9 no funcion\u00f3 y por qu\u00e9. La terapia comienza con la soluci\u00f3n de esa condici\u00f3n, dejando todo en el \u201cbastidor\u201d, estableciendo metas, eliminando miedos y buscando recursos. <br \/> EJEMPLO DE TRABAJO #2 <br \/> El cliente se queja de dolor abdominal. Selecciona una tarjeta con una ara\u00f1a en su cuerpo. Describe este estado como si hubiera un bulto en su interior que lo devorara desde adentro. A continuaci\u00f3n, le pedimos que seleccione un mapa de lo que la persona experiment\u00f3 en su vida antes de que apareciera el s\u00edntoma. El cliente dice que era un anhelo en el coraz\u00f3n, la misma telara\u00f1a cuando se rompi\u00f3 el matrimonio. A continuaci\u00f3n, el trabajo se basa en sentimientos sobre el divorcio, complejos, miedos, actitudes, pron\u00f3sticos y escenarios relacionados con las relaciones personales. <\/p>\n<p> <\/br><\/p>","protected":false},"excerpt":{"rendered":"<p>Puedes comprar dos barajas \u201cIt&#039;s in Me\u201d (masculina y femenina) como conjunto a un buen precio. Cartas de<\/p>","protected":false},"featured_media":887,"comment_status":"open","ping_status":"open","template":"","meta":[],"product_brand":[],"product_cat":[28],"product_tag":[],"class_list":{"0":"post-886","1":"product","2":"type-product","3":"status-publish","4":"has-post-thumbnail","6":"product_cat-portraits-archetypes-subpersonalities","8":"first","9":"outofstock","10":"purchasable","11":"product-type-simple"},"_links":{"self":[{"href":"https:\/\/shercards.com\/es\/wp-json\/wp\/v2\/product\/886","targetHints":{"allow":["GET"]}}],"collection":[{"href":"https:\/\/shercards.com\/es\/wp-json\/wp\/v2\/product"}],"about":[{"href":"https:\/\/shercards.com\/es\/wp-json\/wp\/v2\/types\/product"}],"replies":[{"embeddable":true,"href":"https:\/\/shercards.com\/es\/wp-json\/wp\/v2\/comments?post=886"}],"wp:featuredmedia":[{"embeddable":true,"href":"https:\/\/shercards.com\/es\/wp-json\/wp\/v2\/media\/887"}],"wp:attachment":[{"href":"https:\/\/shercards.com\/es\/wp-json\/wp\/v2\/media?parent=886"}],"wp:term":[{"taxonomy":"product_brand","embeddable":true,"href":"https:\/\/shercards.com\/es\/wp-json\/wp\/v2\/product_brand?post=886"},{"taxonomy":"product_cat","embeddable":true,"href":"https:\/\/shercards.com\/es\/wp-json\/wp\/v2\/product_cat?post=886"},{"taxonomy":"product_tag","embeddable":true,"href":"https:\/\/shercards.com\/es\/wp-json\/wp\/v2\/product_tag?post=886"}],"curies":[{"name":"wp","href":"https:\/\/api.w.org\/{rel}","templated":true}]}}