{"id":8966,"date":"2024-09-16T10:57:45","date_gmt":"2024-09-16T10:57:45","guid":{"rendered":"https:\/\/shercards.com\/?post_type=product&#038;p=8966"},"modified":"2025-10-20T10:13:00","modified_gmt":"2025-10-20T10:13:00","slug":"transformational-mystery-game-red-tent","status":"publish","type":"product","link":"https:\/\/shercards.com\/es\/producto\/transformational-mystery-game-red-tent\/","title":{"rendered":"Juego de misterio transformacional \u201cRed Tent\u201d"},"content":{"rendered":"<p>\u201cRed Tent\u201d es un juego de misterio transformador en el que querr\u00e1s sumergirte y compartir con tus amigos. El tema m\u00e1s candente de las \u00faltimas d\u00e9cadas es el poder del despertar de la Mujer Salvaje.<\/p>\n<p>El juego de transformaci\u00f3n \u201cRed Tent\u201d es capaz de transmitir la misma atm\u00f3sfera extraordinaria de un lugar creado s\u00f3lo para mujeres, donde cada una de nosotras entra en contacto con su propia alma y las almas de otras mujeres. Este espacio es seguro y existe la oportunidad de revivir eventos dif\u00edciles del pasado, de cambiar ese escenario y liberar toda tu fuerza interior. \u201cRed Tent\u201d nos recuerda a cada una de nosotras los or\u00edgenes de la feminidad y nos brinda un espacio donde todas se apoyan, se aceptan como reales y tratan los ciclos de vida de las mujeres como algo hermoso, sabio y sagrado. El campo de transformaci\u00f3n del juego \u201cRed Tent\u201d repite el ciclo de vida de cualquier mujer y brinda una oportunidad \u00fanica de pasar por estas etapas nuevamente, prepar\u00e1ndonos as\u00ed para las nuevas.<\/p>\n<p>El juego ayuda a:<\/p>\n<ul>\n<li>Desarrollar el apoyo interno y la confianza en el mundo.<\/li>\n<li>Identifica actitudes limitantes y cambia el escenario de tu vida<\/li>\n<li>Aprende a separar tus deseos internos de los que te impone tu entorno.<\/li>\n<li>Aprende a establecer l\u00edmites en las relaciones con los dem\u00e1s<\/li>\n<li>Trabajar la autoestima y la disposici\u00f3n para expresarse en p\u00fablico.<\/li>\n<li>Restablecer el equilibrio entre tomar y dar<\/li>\n<\/ul>\n<p>Creado por Victoriia Ignatushina<\/p>","protected":false},"excerpt":{"rendered":"<p>\u201cRed Tent\u201d es un juego de misterio transformador en el que querr\u00e1s sumergirte y compartir con tus amigos. El tema m\u00e1s candente de las \u00faltimas d\u00e9cadas es el poder del despertar de la Mujer Salvaje.<br \/>\nEl juego de transformaci\u00f3n \u201cRed Tent\u201d es capaz de transmitir la misma atm\u00f3sfera extraordinaria de un lugar creado solo para mujeres, donde cada una de nosotras entra en contacto con su propia alma y las almas de otras mujeres. Este espacio es seguro y existe la oportunidad de revivir eventos dif\u00edciles del pasado, de cambiar ese escenario y liberar toda tu fuerza interior. \u201cRed Tent\u201d nos recuerda a cada una de nosotras los or\u00edgenes de la feminidad y nos brinda un espacio donde todas se apoyan, se aceptan como reales y tratan los ciclos de vida de las mujeres como algo hermoso, sabio y sagrado. El campo de transformaci\u00f3n del juego \u201cRed Tent\u201d repite el ciclo de vida de cualquier mujer y brinda una oportunidad \u00fanica de pasar por estas etapas nuevamente, prepar\u00e1ndonos as\u00ed para las nuevas.<\/p>","protected":false},"featured_media":8976,"comment_status":"open","ping_status":"closed","template":"","meta":[],"product_brand":[],"product_cat":[51,18],"product_tag":[],"class_list":{"0":"post-8966","1":"product","2":"type-product","3":"status-publish","4":"has-post-thumbnail","6":"product_cat-for-women","7":"product_cat-psychological-games-2","9":"first","10":"outofstock","11":"taxable","12":"shipping-taxable","13":"product-type-simple"},"_links":{"self":[{"href":"https:\/\/shercards.com\/es\/wp-json\/wp\/v2\/product\/8966","targetHints":{"allow":["GET"]}}],"collection":[{"href":"https:\/\/shercards.com\/es\/wp-json\/wp\/v2\/product"}],"about":[{"href":"https:\/\/shercards.com\/es\/wp-json\/wp\/v2\/types\/product"}],"replies":[{"embeddable":true,"href":"https:\/\/shercards.com\/es\/wp-json\/wp\/v2\/comments?post=8966"}],"wp:featuredmedia":[{"embeddable":true,"href":"https:\/\/shercards.com\/es\/wp-json\/wp\/v2\/media\/8976"}],"wp:attachment":[{"href":"https:\/\/shercards.com\/es\/wp-json\/wp\/v2\/media?parent=8966"}],"wp:term":[{"taxonomy":"product_brand","embeddable":true,"href":"https:\/\/shercards.com\/es\/wp-json\/wp\/v2\/product_brand?post=8966"},{"taxonomy":"product_cat","embeddable":true,"href":"https:\/\/shercards.com\/es\/wp-json\/wp\/v2\/product_cat?post=8966"},{"taxonomy":"product_tag","embeddable":true,"href":"https:\/\/shercards.com\/es\/wp-json\/wp\/v2\/product_tag?post=8966"}],"curies":[{"name":"wp","href":"https:\/\/api.w.org\/{rel}","templated":true}]}}