{"id":8969,"date":"2024-09-16T11:48:57","date_gmt":"2024-09-16T11:48:57","guid":{"rendered":"https:\/\/shercards.com\/?post_type=product&#038;p=8969"},"modified":"2025-10-20T10:13:00","modified_gmt":"2025-10-20T10:13:00","slug":"psychological-game-house-of-the-soul","status":"publish","type":"product","link":"https:\/\/shercards.com\/es\/producto\/psychological-game-house-of-the-soul\/","title":{"rendered":"Juego psicol\u00f3gico \u201cLa casa del alma\u201d"},"content":{"rendered":"<p>El juego psicol\u00f3gico \u201cLa Casa del Alma\u201d es un viaje a las partes olvidadas y perdidas del Alma que esperan que se les permita unirse al juego que llamamos vida y convertirlo todo en una corriente coherente de creatividad.<br \/>\n\u2800<br \/>\nEl juego es psicol\u00f3gico, construido sobre 24 arquetipos femeninos con los que la jugadora recorre las diferentes estancias de la \u201cCasa del Alma\u201d, recogiendo informaci\u00f3n sobre sus actitudes infantiles y adultas, miedos y recursos, todo lo que necesita saber en el camino hacia lo que quiere.<\/p>\n<p>Objetivo del juego \u201cCasa del Alma\u201d:<\/p>\n<ul>\n<li>Evitar la resistencia, encontrar las causas subyacentes que \u201cralentizan\u201d al jugador en el camino hacia el logro de los objetivos;<\/li>\n<li>Utilizando recursos de todas las partes significativas de la personalidad;<\/li>\n<li>Aprendiendo a actuar desde el \u2018estado de flow\u2019 (estado de coaching en trance generativo);<\/li>\n<li>Unir las subpersonalidades l\u00edderes del jugador para obtener cambios internos sostenibles;<\/li>\n<li>Conectando un arquetipo \u2018olvidado\u2019 para construir un nuevo camino;<\/li>\n<\/ul>\n<p>Creado por Victoriia Ignatushina<\/p>","protected":false},"excerpt":{"rendered":"<p>\u201cHouse of the Soul\u201d es un juego psicol\u00f3gico dise\u00f1ado para guiarte en un viaje a trav\u00e9s de las partes olvidadas y perdidas de tu ser interior. Construido en torno a 24 arquetipos femeninos, los jugadores exploran diferentes habitaciones de la \u201cCasa del Alma\u201d, descubriendo informaci\u00f3n sobre experiencias de la infancia, actitudes de adultos, miedos y recursos ocultos. El juego ayuda a identificar las causas subyacentes que obstaculizan el progreso, aprovecha todo el espectro de tu personalidad y promueve la actuaci\u00f3n desde un estado de fluidez.<br \/>\nCreado por Victoriia Ignatushina, es una herramienta para el autodescubrimiento y la transformaci\u00f3n profunda.<\/p>","protected":false},"featured_media":8972,"comment_status":"open","ping_status":"closed","template":"","meta":[],"product_brand":[],"product_cat":[18,57,51,55],"product_tag":[],"class_list":{"0":"post-8969","1":"product","2":"type-product","3":"status-publish","4":"has-post-thumbnail","6":"product_cat-psychological-games-2","7":"product_cat-family-scenarios-birth-programs","8":"product_cat-for-women","9":"product_cat-goal-dream-analysis-of-situations-events","11":"first","12":"outofstock","13":"taxable","14":"shipping-taxable","15":"product-type-simple"},"_links":{"self":[{"href":"https:\/\/shercards.com\/es\/wp-json\/wp\/v2\/product\/8969","targetHints":{"allow":["GET"]}}],"collection":[{"href":"https:\/\/shercards.com\/es\/wp-json\/wp\/v2\/product"}],"about":[{"href":"https:\/\/shercards.com\/es\/wp-json\/wp\/v2\/types\/product"}],"replies":[{"embeddable":true,"href":"https:\/\/shercards.com\/es\/wp-json\/wp\/v2\/comments?post=8969"}],"wp:featuredmedia":[{"embeddable":true,"href":"https:\/\/shercards.com\/es\/wp-json\/wp\/v2\/media\/8972"}],"wp:attachment":[{"href":"https:\/\/shercards.com\/es\/wp-json\/wp\/v2\/media?parent=8969"}],"wp:term":[{"taxonomy":"product_brand","embeddable":true,"href":"https:\/\/shercards.com\/es\/wp-json\/wp\/v2\/product_brand?post=8969"},{"taxonomy":"product_cat","embeddable":true,"href":"https:\/\/shercards.com\/es\/wp-json\/wp\/v2\/product_cat?post=8969"},{"taxonomy":"product_tag","embeddable":true,"href":"https:\/\/shercards.com\/es\/wp-json\/wp\/v2\/product_tag?post=8969"}],"curies":[{"name":"wp","href":"https:\/\/api.w.org\/{rel}","templated":true}]}}