{"id":8977,"date":"2024-09-16T12:20:48","date_gmt":"2024-09-16T12:20:48","guid":{"rendered":"https:\/\/shercards.com\/?post_type=product&#038;p=8977"},"modified":"2025-10-20T10:13:00","modified_gmt":"2025-10-20T10:13:00","slug":"transformational-game-leela","status":"publish","type":"product","link":"https:\/\/shercards.com\/es\/producto\/transformational-game-leela\/","title":{"rendered":"Juego de transformaci\u00f3n \u201cLeela\u201d"},"content":{"rendered":"<p>\u201cLeela\u201d se traduce del s\u00e1nscrito como \u201cjuego\u201d. \u201cLeela\u201d nos ense\u00f1a a ver la vida como un juego, a abrazar cada momento con el coraz\u00f3n abierto. Nos ayuda a sondear las profundidades de nuestra sabidur\u00eda para responder a todo tipo de preguntas.<\/p>\n<p>El juego transformador de la vida, \u201cLeela\u201d, es un modelo funcional del Gran Juego desarrollado en la antig\u00fcedad y tra\u00eddo al mundo occidental por Harish Johari, artista, escultor, compositor, m\u00fasico, cantante, profesor y fil\u00f3sofo indio, quien en 1975 public\u00f3 el libro &#039;Leela. El juego del autodescubrimiento&#039;.<\/p>\n<p>La filosof\u00eda de Leela es la quintaesencia del conocimiento v\u00e9dico. Los antiguos yoguis, tras investigar el laberinto de la mente humana, identificaron 72 estados iniciales del ser y de la conciencia, y estos estados corresponden a las 72 c\u00e9lulas del juego de Leela.<\/p>\n<p>El juego m\u00e1s antiguo de autodescubrimiento, Leela, es un regalo para cada persona que est\u00e1 en el camino. Al usar este juego como un espejo de la vida real, puedes ahorrar muchos a\u00f1os. A\u00f1os que habr\u00edas pasado buscando el camino que te trajo a esta encarnaci\u00f3n, a trav\u00e9s de la cual te encarnaste.<\/p>\n<p>El juego de Leela es una herramienta de autoconocimiento que permite \u201cverificar el camino\u201d y, si es necesario, corregir la direcci\u00f3n del movimiento. Leela es uno de los sistemas de autoconocimiento, una forma de conocer la vida y las leyes del Universo.<\/p>\n<p>Mec\u00e1nica del juego: el jugador lanza los dados, dejando que las fuerzas k\u00e1rmicas determinen el siguiente movimiento en el tablero. Viaja a trav\u00e9s de los distintos planos de existencia, ascendiendo mediante flechas y descendiendo mediante serpientes para realizar las intenciones de su Ser Superior dondequiera que se encuentre.<\/p>\n<p>El juego termina s\u00f3lo cuando el jugador ha comprendido plenamente la esencia de las fuerzas k\u00e1rmicas y ha alcanzado la Conciencia C\u00f3smica.<\/p>","protected":false},"excerpt":{"rendered":"<p>Leela: El juego transformador de la vida<\/p>\n<p>\u201cLeela\u201d, que significa \u201cjuego\u201d en s\u00e1nscrito, te invita a ver la vida como un viaje que se debe emprender con el coraz\u00f3n abierto. Con ra\u00edces en la antigua filosof\u00eda v\u00e9dica y presentado en Occidente por Harish Johari, \u201cLeela\u201d explora 72 estados del ser y gu\u00eda a los jugadores a trav\u00e9s del laberinto de la mente humana. Al tirar los dados, los jugadores recorren los planos de la existencia, ascendiendo y descendiendo para descubrir las verdades m\u00e1s profundas de la vida. El juego funciona como un espejo que te ayuda a recorrer tu camino y conectarte con las leyes del universo.<\/p>","protected":false},"featured_media":8981,"comment_status":"open","ping_status":"closed","template":"","meta":[],"product_brand":[],"product_cat":[18,57,51,55],"product_tag":[],"class_list":{"0":"post-8977","1":"product","2":"type-product","3":"status-publish","4":"has-post-thumbnail","6":"product_cat-psychological-games-2","7":"product_cat-family-scenarios-birth-programs","8":"product_cat-for-women","9":"product_cat-goal-dream-analysis-of-situations-events","11":"first","12":"outofstock","13":"taxable","14":"shipping-taxable","15":"product-type-simple"},"_links":{"self":[{"href":"https:\/\/shercards.com\/es\/wp-json\/wp\/v2\/product\/8977","targetHints":{"allow":["GET"]}}],"collection":[{"href":"https:\/\/shercards.com\/es\/wp-json\/wp\/v2\/product"}],"about":[{"href":"https:\/\/shercards.com\/es\/wp-json\/wp\/v2\/types\/product"}],"replies":[{"embeddable":true,"href":"https:\/\/shercards.com\/es\/wp-json\/wp\/v2\/comments?post=8977"}],"wp:featuredmedia":[{"embeddable":true,"href":"https:\/\/shercards.com\/es\/wp-json\/wp\/v2\/media\/8981"}],"wp:attachment":[{"href":"https:\/\/shercards.com\/es\/wp-json\/wp\/v2\/media?parent=8977"}],"wp:term":[{"taxonomy":"product_brand","embeddable":true,"href":"https:\/\/shercards.com\/es\/wp-json\/wp\/v2\/product_brand?post=8977"},{"taxonomy":"product_cat","embeddable":true,"href":"https:\/\/shercards.com\/es\/wp-json\/wp\/v2\/product_cat?post=8977"},{"taxonomy":"product_tag","embeddable":true,"href":"https:\/\/shercards.com\/es\/wp-json\/wp\/v2\/product_tag?post=8977"}],"curies":[{"name":"wp","href":"https:\/\/api.w.org\/{rel}","templated":true}]}}