{"id":8982,"date":"2024-09-16T12:34:05","date_gmt":"2024-09-16T12:34:05","guid":{"rendered":"https:\/\/shercards.com\/?post_type=product&#038;p=8982"},"modified":"2025-10-20T10:13:00","modified_gmt":"2025-10-20T10:13:00","slug":"transformational-game-genesis","status":"publish","type":"product","link":"https:\/\/shercards.com\/es\/producto\/transformational-game-genesis\/","title":{"rendered":"Juego de transformaci\u00f3n \u201cG\u00e9nesis\u201d"},"content":{"rendered":"<p>\u201cG\u00e9nesis\u201d es un juego dise\u00f1ado para trabajar con deseos, motivos, objetivos y variantes alcanzables de lo deseado. En t\u00e9rminos de su efecto, un juego es comparable a varios d\u00edas de entrenamiento psicol\u00f3gico completo o a 3-5 consultas de coaching individuales.<\/p>\n<p>Una de las principales ventajas del juego es que el proceso de juego ayuda al participante a formular claramente su deseo y a crear una imagen del resultado final. Y esto no es nada f\u00e1cil, cr\u00e9anme. En el juego existe una oportunidad \u00fanica de &quot;vivir&quot; su deseo en diferentes niveles de organizaci\u00f3n mental, algo que no podemos permitirnos en la vida real.<\/p>\n<p>\u201cVivir\u201d el deseo ayuda a estructurar y ordenar los pensamientos y sentimientos relacionados con \u00e9l, a tomar una decisi\u00f3n sobre la conveniencia de su cumplimiento, a \u201creavivar\u201d el deseo, a llenarlo de energ\u00eda y a iniciar el proceso de realizaci\u00f3n.<\/p>\n<p>Como resultado del juego, los participantes podr\u00e1n:<\/p>\n<ul>\n<li>darse cuenta de lo que es verdadero en sus deseos y de lo que se les impone desde fuera, dictado por las expectativas sociales y las directivas de los padres;<\/li>\n<li>comprender el verdadero significado de sus deseos y los motivos asociados a ellos;<\/li>\n<li>mirar desde fuera sus formas habituales de lograr lo que quieren (reacci\u00f3n a los obst\u00e1culos, disposici\u00f3n y capacidad de aceptar\/ayudar, etc.);<\/li>\n<li>comprender qu\u00e9 patrones de comportamiento ayudan a alcanzar el objetivo y cu\u00e1les lo obstaculizan;<br \/>\ndeshacerse de patrones de comportamiento da\u00f1inos;<\/li>\n<li>encontrar recursos internos para realizar el deseo;<\/li>\n<li>Haz un plan de acci\u00f3n detallado y comienza el proceso de cumplimiento de tu deseo.<\/li>\n<\/ul>","protected":false},"excerpt":{"rendered":"<p>G\u00e9nesis: un juego de mesa para el autodescubrimiento y la consecuci\u00f3n de objetivos<\/p>\n<p>\u201cG\u00e9nesis\u201d es un juego de mesa transformador dise\u00f1ado para explorar deseos, motivos y objetivos. Simula una experiencia comparable a varios d\u00edas de entrenamiento psicol\u00f3gico o m\u00faltiples sesiones de coaching. Los jugadores \u201cviven\u201d sus deseos, explor\u00e1ndolos en varios niveles mentales, lo que ayuda a estructurar pensamientos y emociones en torno a esos deseos. A trav\u00e9s del juego, los participantes identifican deseos genuinos frente a influencias externas, reconocen patrones de comportamiento \u00fatiles y da\u00f1inos y aprovechan recursos internos. Al final del juego, los jugadores desarrollan un plan de acci\u00f3n claro para convertir sus deseos en realidad.<\/p>","protected":false},"featured_media":8987,"comment_status":"open","ping_status":"closed","template":"","meta":[],"product_brand":[],"product_cat":[18,55,47],"product_tag":[],"class_list":{"0":"post-8982","1":"product","2":"type-product","3":"status-publish","4":"has-post-thumbnail","6":"product_cat-psychological-games-2","7":"product_cat-goal-dream-analysis-of-situations-events","8":"product_cat-money-finance-business-games","10":"first","11":"outofstock","12":"taxable","13":"shipping-taxable","14":"product-type-simple"},"_links":{"self":[{"href":"https:\/\/shercards.com\/es\/wp-json\/wp\/v2\/product\/8982","targetHints":{"allow":["GET"]}}],"collection":[{"href":"https:\/\/shercards.com\/es\/wp-json\/wp\/v2\/product"}],"about":[{"href":"https:\/\/shercards.com\/es\/wp-json\/wp\/v2\/types\/product"}],"replies":[{"embeddable":true,"href":"https:\/\/shercards.com\/es\/wp-json\/wp\/v2\/comments?post=8982"}],"wp:featuredmedia":[{"embeddable":true,"href":"https:\/\/shercards.com\/es\/wp-json\/wp\/v2\/media\/8987"}],"wp:attachment":[{"href":"https:\/\/shercards.com\/es\/wp-json\/wp\/v2\/media?parent=8982"}],"wp:term":[{"taxonomy":"product_brand","embeddable":true,"href":"https:\/\/shercards.com\/es\/wp-json\/wp\/v2\/product_brand?post=8982"},{"taxonomy":"product_cat","embeddable":true,"href":"https:\/\/shercards.com\/es\/wp-json\/wp\/v2\/product_cat?post=8982"},{"taxonomy":"product_tag","embeddable":true,"href":"https:\/\/shercards.com\/es\/wp-json\/wp\/v2\/product_tag?post=8982"}],"curies":[{"name":"wp","href":"https:\/\/api.w.org\/{rel}","templated":true}]}}