{"id":8997,"date":"2024-09-17T09:05:41","date_gmt":"2024-09-17T09:05:41","guid":{"rendered":"https:\/\/shercards.com\/?post_type=product&#038;p=8997"},"modified":"2025-10-20T10:13:00","modified_gmt":"2025-10-20T10:13:00","slug":"transformational-game-eye-of-destiny","status":"publish","type":"product","link":"https:\/\/shercards.com\/es\/producto\/transformational-game-eye-of-destiny\/","title":{"rendered":"Juego de transformaci\u00f3n \u201cEye of Destiny\u201d"},"content":{"rendered":"<p>El objetivo del juego es identificar y transformar creencias, escenarios y miedos negativos que nos inculcan desde la infancia, desde el nacimiento y desde la sociedad. El juego est\u00e1 dise\u00f1ado para identificar y abordar problemas espec\u00edficos que un participante puede estar enfrentando en el momento actual. Al finalizar el programa, cada participante tendr\u00e1 una comprensi\u00f3n clara de la transformaci\u00f3n deseada y el proceso necesario para lograrla. Tambi\u00e9n es importante comprender la l\u00f3gica detr\u00e1s de las creencias negativas que se han formado, a la luz de los conocimientos adquiridos en el proceso.<\/p>\n<p>Una de las principales ventajas de este enfoque es que requiere una m\u00ednima facilitaci\u00f3n. Cada participante es responsable de realizar su propio an\u00e1lisis de la situaci\u00f3n, que revelar\u00e1 el juego. Es responsabilidad del facilitador brindar apoyo y orientaci\u00f3n a los participantes, seg\u00fan sea necesario, y ofrecer sus ideas y perspectivas. Adem\u00e1s, ser\u00e1 beneficiosa la comunicaci\u00f3n eficaz dentro del grupo y la capacidad de obtener informaci\u00f3n de otros participantes.<br \/>\nEl juego consta de tres niveles y un campo de recursos. El jugador comienza por el inicio del proceso y avanza hasta completarlo, anotando las casillas en las que se lanza el dado. Al llegar al nivel inicial (creencias de la infancia), el jugador identificar\u00e1 las actitudes negativas existentes, comprender\u00e1 su origen (lecciones del alma) y determinar\u00e1 qu\u00e9 creencias positivas deben desarrollarse. Adem\u00e1s, el campo de recursos permite al usuario determinar las acciones espec\u00edficas necesarias para completar la transformaci\u00f3n. De manera similar, el segundo nivel implica reconocer escenarios ancestrales y posibles soluciones. El tercer nivel del juego, que trata sobre los miedos, no es accesible para todos los jugadores. Una vez all\u00ed, se trabaja con miedos profundamente arraigados, identificando formas alternativas de sentir. Al concluir el juego, cada participante obtiene una visi\u00f3n m\u00e1s amplia de las implicaciones del juego y comparte con todos los participantes c\u00f3mo se relaciona con ellos, sus sentimientos y cualquier malentendido, as\u00ed como tambi\u00e9n c\u00f3mo planean aplicarlo en sus vidas. El facilitador proporciona orientaci\u00f3n para garantizar que el participante comprenda claramente y sea capaz de navegar por el proceso de manera efectiva.<\/p>\n<p>En el proceso del juego, usted:<\/p>\n<p>\u2013 Obtener un recurso y comprensi\u00f3n de c\u00f3mo seguir adelante. Este juego es la quintaesencia de la experiencia acumulada y es la etapa final para la transici\u00f3n a un nuevo nivel de vida de cada uno de nosotros;<\/p>\n<p>\u2013 Identificar y transformar creencias, guiones y miedos negativos que nos son instaurados desde la infancia, desde el nacimiento, desde la sociedad;<\/p>\n<p>\u2013 \u00a1Entender qu\u00e9 estado negativo hay que transformar, en qu\u00e9 y c\u00f3mo!<\/p>\n<p>Creado por Alexandra Melezhik<\/p>","protected":false},"excerpt":{"rendered":"<p>El Ojo del Destino: Transformando la Infancia y los Patrones Ancestrales<\/p>\n<p>\u201cEl ojo del destino\u201d es un juego transformador dise\u00f1ado para ayudarte a descubrir y cambiar actitudes negativas formadas en la infancia, guiones ancestrales y miedos profundamente arraigados. A trav\u00e9s del juego, explorar\u00e1s situaciones recurrentes, patrones negativos y conflictos internos para comprender sus ra\u00edces y c\u00f3mo transformarlos. Inspirado en el antiguo s\u00edmbolo del ojo que todo lo ve, este juego te gu\u00eda hacia la autoconciencia, permiti\u00e9ndote ver m\u00e1s all\u00e1 de la vida cotidiana, abrazar tu sabidur\u00eda interior y obtener claridad sobre tu camino y las lecciones que tu alma busca aprender.<\/p>","protected":false},"featured_media":8999,"comment_status":"open","ping_status":"closed","template":"","meta":[],"product_brand":[],"product_cat":[18,57,55],"product_tag":[],"class_list":{"0":"post-8997","1":"product","2":"type-product","3":"status-publish","4":"has-post-thumbnail","6":"product_cat-psychological-games-2","7":"product_cat-family-scenarios-birth-programs","8":"product_cat-goal-dream-analysis-of-situations-events","10":"first","11":"outofstock","12":"taxable","13":"shipping-taxable","14":"product-type-simple"},"_links":{"self":[{"href":"https:\/\/shercards.com\/es\/wp-json\/wp\/v2\/product\/8997","targetHints":{"allow":["GET"]}}],"collection":[{"href":"https:\/\/shercards.com\/es\/wp-json\/wp\/v2\/product"}],"about":[{"href":"https:\/\/shercards.com\/es\/wp-json\/wp\/v2\/types\/product"}],"replies":[{"embeddable":true,"href":"https:\/\/shercards.com\/es\/wp-json\/wp\/v2\/comments?post=8997"}],"wp:featuredmedia":[{"embeddable":true,"href":"https:\/\/shercards.com\/es\/wp-json\/wp\/v2\/media\/8999"}],"wp:attachment":[{"href":"https:\/\/shercards.com\/es\/wp-json\/wp\/v2\/media?parent=8997"}],"wp:term":[{"taxonomy":"product_brand","embeddable":true,"href":"https:\/\/shercards.com\/es\/wp-json\/wp\/v2\/product_brand?post=8997"},{"taxonomy":"product_cat","embeddable":true,"href":"https:\/\/shercards.com\/es\/wp-json\/wp\/v2\/product_cat?post=8997"},{"taxonomy":"product_tag","embeddable":true,"href":"https:\/\/shercards.com\/es\/wp-json\/wp\/v2\/product_tag?post=8997"}],"curies":[{"name":"wp","href":"https:\/\/api.w.org\/{rel}","templated":true}]}}