{"id":9001,"date":"2024-09-17T09:15:35","date_gmt":"2024-09-17T09:15:35","guid":{"rendered":"https:\/\/shercards.com\/?post_type=product&#038;p=9001"},"modified":"2025-10-20T10:13:00","modified_gmt":"2025-10-20T10:13:00","slug":"transformational-game-energies-of-destination","status":"publish","type":"product","link":"https:\/\/shercards.com\/es\/producto\/transformational-game-energies-of-destination\/","title":{"rendered":"Juego de transformaci\u00f3n \u201cEnerg\u00edas del Destino\u201d"},"content":{"rendered":"<p>El juego de transformaci\u00f3n denominado \u201cEnerg\u00edas del destino\u201d est\u00e1 dise\u00f1ado para ayudar a las personas a comprender las verdaderas necesidades de su alma y superar los obst\u00e1culos en su camino hacia la autorrealizaci\u00f3n. El juego est\u00e1 representado por la proporci\u00f3n \u00e1urea, que simboliza la armon\u00eda estructural y ofrece informaci\u00f3n sobre la estructura armoniosa del mundo.<\/p>\n<p>El objetivo del juego es revelar, comprender e incorporar estados y cualidades que contribuyen al desarrollo del propio destino. A medida que el jugador avanza en el juego, se encontrar\u00e1 con diferentes energ\u00edas a las que deber\u00e1 prestar atenci\u00f3n en ese momento en particular para superar los bloqueos y creencias limitantes que impiden su crecimiento personal.<\/p>\n<p>Adem\u00e1s, el juego permite a las personas identificar los obst\u00e1culos que pueden encontrar en su camino vital y determinar la forma m\u00e1s adecuada de transformarse en cada etapa. Tambi\u00e9n ayuda a los jugadores a identificar las \u00e1reas de actividad en las que deben centrarse y les proporciona orientaci\u00f3n sobre los recursos y el apoyo que tienen a su disposici\u00f3n.<\/p>\n<p>El juego consta de cinco niveles, cada uno representado por un color diferente que corresponde a los centros energ\u00e9ticos humanos, comenzando por el rojo y progresando hasta el violeta. En el primer nivel, los jugadores recogen Energ\u00edas de Destino para descifrarlas y comprenderlas, as\u00ed como para recibir mensajes del juego. El segundo nivel implica sortear obst\u00e1culos y creencias limitantes que impiden desbloquear las energ\u00edas obtenidas.<\/p>\n<p>En el tercer nivel, el juego gu\u00eda a los jugadores sobre la mejor manera de transformarse en funci\u00f3n de su energ\u00eda espec\u00edfica. El cuarto nivel destaca las \u00e1reas que se alinean con las energ\u00edas del jugador y que son m\u00e1s favorables para \u00e9l. Finalmente, el quinto nivel revela los ayudantes o sistemas de apoyo disponibles para el jugador en su camino.<\/p>\n<p>Una vez que el jugador ha completado todos los niveles, se involucra en una mayor reflexi\u00f3n y comprensi\u00f3n a trav\u00e9s de estados de cartas meditativos, explorando por qu\u00e9 ciertas Energ\u00edas de Destino han resonado con ellos y por qu\u00e9 han encontrado situaciones o desaf\u00edos espec\u00edficos.<\/p>\n<p>En resumen, el juego \u201cEnerg\u00edas del Destino\u201d ofrece una experiencia transformadora al ayudar a las personas a reconocer las verdaderas necesidades de su alma, superar obst\u00e1culos y alinearse con su destino. A trav\u00e9s de su mec\u00e1nica \u00fanica y la representaci\u00f3n de energ\u00edas y colores, los jugadores se embarcan en un viaje de autodescubrimiento y crecimiento personal.<\/p>\n<p>Creado por Alexandra Malezhik<\/p>","protected":false},"excerpt":{"rendered":"<p>\u201cEnerg\u00edas del Destino\u201d es un juego de transformaci\u00f3n que te gu\u00eda para comprender los verdaderos deseos de tu alma y superar los obst\u00e1culos en tu camino hacia la autorrealizaci\u00f3n. Inspirado en la proporci\u00f3n \u00e1urea, revela la armon\u00eda del universo y te ayuda a liberar tu potencial.<\/p>\n<p>Qu\u00e9 esperar:<\/p>\n<ul>\n<li>\u00a0Explora 5 niveles, cada uno alineado con los centros de energ\u00eda, para descubrir bloqueos y creencias limitantes.<\/li>\n<li>\u00a0Obtenga claridad sobre los obst\u00e1culos, los caminos de transformaci\u00f3n y las energ\u00edas de apoyo en su vida.<\/li>\n<li>\u00a0Trabaja con cartas meditativas para comprender profundamente tu viaje.<\/li>\n<\/ul>\n<p>Emb\u00e1rcate en este viaje para descubrir y desarrollar tu verdadero yo.<\/p>","protected":false},"featured_media":9004,"comment_status":"open","ping_status":"closed","template":"","meta":[],"product_brand":[],"product_cat":[18,55,53],"product_tag":[],"class_list":{"0":"post-9001","1":"product","2":"type-product","3":"status-publish","4":"has-post-thumbnail","6":"product_cat-psychological-games-2","7":"product_cat-goal-dream-analysis-of-situations-events","8":"product_cat-self-knowledge-acquaintance-with-the-inner-world","10":"first","11":"outofstock","12":"taxable","13":"shipping-taxable","14":"product-type-simple"},"_links":{"self":[{"href":"https:\/\/shercards.com\/es\/wp-json\/wp\/v2\/product\/9001","targetHints":{"allow":["GET"]}}],"collection":[{"href":"https:\/\/shercards.com\/es\/wp-json\/wp\/v2\/product"}],"about":[{"href":"https:\/\/shercards.com\/es\/wp-json\/wp\/v2\/types\/product"}],"replies":[{"embeddable":true,"href":"https:\/\/shercards.com\/es\/wp-json\/wp\/v2\/comments?post=9001"}],"wp:featuredmedia":[{"embeddable":true,"href":"https:\/\/shercards.com\/es\/wp-json\/wp\/v2\/media\/9004"}],"wp:attachment":[{"href":"https:\/\/shercards.com\/es\/wp-json\/wp\/v2\/media?parent=9001"}],"wp:term":[{"taxonomy":"product_brand","embeddable":true,"href":"https:\/\/shercards.com\/es\/wp-json\/wp\/v2\/product_brand?post=9001"},{"taxonomy":"product_cat","embeddable":true,"href":"https:\/\/shercards.com\/es\/wp-json\/wp\/v2\/product_cat?post=9001"},{"taxonomy":"product_tag","embeddable":true,"href":"https:\/\/shercards.com\/es\/wp-json\/wp\/v2\/product_tag?post=9001"}],"curies":[{"name":"wp","href":"https:\/\/api.w.org\/{rel}","templated":true}]}}