{"id":9006,"date":"2024-09-17T09:36:39","date_gmt":"2024-09-17T09:36:39","guid":{"rendered":"https:\/\/shercards.com\/?post_type=product&#038;p=9006"},"modified":"2025-10-20T10:13:00","modified_gmt":"2025-10-20T10:13:00","slug":"transformational-game-dreamcatcher","status":"publish","type":"product","link":"https:\/\/shercards.com\/es\/producto\/transformational-game-dreamcatcher\/","title":{"rendered":"Juego de transformaci\u00f3n \u201cAtrapasue\u00f1os\u201d"},"content":{"rendered":"<p>El juego \u201cDreamcatcher\u201d es una experiencia tangible y real creada y vivida por los jugadores con la ayuda de varios roles y personajes. Cada jugador avanza a trav\u00e9s de su propio viaje \u00fanico, recibiendo nuevas tareas e interactuando con otros jugadores en etapas designadas. El juego permite a los usuarios idear su propia narrativa, interactuar con otros jugadores y desarrollar una metodolog\u00eda de resoluci\u00f3n de problemas a medida.<\/p>\n<ul>\n<li>Te ayudar\u00e1 a:<\/li>\n<li>Identificar aspectos ocultos de la realidad que de otra manera podr\u00edan pasar desapercibidos.<\/li>\n<li>Exponer creencias limitantes y transformarlas en otras m\u00e1s constructivas.<\/li>\n<li>Aprenda a construir relaciones m\u00e1s s\u00f3lidas.<\/li>\n<li>Reciba informaci\u00f3n sobre usted mismo a trav\u00e9s de otros.<\/li>\n<li>Experimenta diferentes versiones de ti mismo y selecciona la \u00f3ptima para abordar tu consulta.<\/li>\n<li>Permite que nueva informaci\u00f3n entre en tu vida y deja ir la vieja, evitando posibles obst\u00e1culos.<\/li>\n<li>Descubra sus fortalezas y aprov\u00e9chelas para alcanzar sus objetivos.<\/li>\n<li>Libera tu intuici\u00f3n y aprende a escuchar sus mensajes.<\/li>\n<li>Encuentra una soluci\u00f3n y v\u00e9ala en formato 3D.<\/li>\n<li>Gana plenitud y ve tu Camino de Decisi\u00f3n.<\/li>\n<\/ul>\n<p>El \u2018truco\u2019 de \u201cDreamcatcher\u201d es explorar tu investigaci\u00f3n a trav\u00e9s de la comunicaci\u00f3n con tu propia mente subconsciente con la ayuda de diferentes h\u00e9roes \u2013 personajes, a trav\u00e9s de sus estrategias, cualidades e historias de vida.<\/p>\n<p>El objetivo de \u201cDreamcatcher\u201d es obtener una comprensi\u00f3n precisa de la situaci\u00f3n en cuesti\u00f3n y tomar una decisi\u00f3n informada basada en esa comprensi\u00f3n.<\/p>\n<p>\u201cDreamcatcher\u201d se estructura en torno a tres niveles de realidad, que van pasando de un sue\u00f1o a otro. Estas son las etapas clave del proceso: Los tres niveles de realidad son los siguientes: \u201cYo y mi adultez\u201d, \u201cYo y mis relaciones\u201d y \u201cYo y mi realizaci\u00f3n\u201d.<br \/>\nCada nivel tiene un objetivo, una actividad y un conjunto de nuevos h\u00e9roes y personajes distintos.<\/p>\n<p>Al completar las etapas, el jugador tendr\u00e1 una soluci\u00f3n a la consulta en cuesti\u00f3n.<\/p>","protected":false},"excerpt":{"rendered":"<p>\u201cDreamcatcher\u201d es un juego inmersivo en el que los jugadores crean y navegan por sus propios sue\u00f1os a trav\u00e9s de varios roles y personajes. El juego implica viajes personales con tareas e interacciones que revelan aspectos ocultos de la vida, desaf\u00edan creencias limitantes y fomentan la autoconciencia. Los jugadores exploran diferentes versiones de s\u00ed mismos, interact\u00faan con su subconsciente a trav\u00e9s de varios h\u00e9roes y aprenden a percibir la realidad con claridad. Abarcando tres niveles (adultez, relaciones y realizaci\u00f3n), \u201cDreamcatcher\u201d ayuda a los jugadores a descubrir estrategias para resolver problemas y aceptar nuevas posibilidades.<\/p>\n<p>Creado por Oksana Lazareva<\/p>","protected":false},"featured_media":9007,"comment_status":"open","ping_status":"closed","template":"","meta":[],"product_brand":[],"product_cat":[53,18],"product_tag":[],"class_list":{"0":"post-9006","1":"product","2":"type-product","3":"status-publish","4":"has-post-thumbnail","6":"product_cat-self-knowledge-acquaintance-with-the-inner-world","7":"product_cat-psychological-games-2","9":"first","10":"outofstock","11":"taxable","12":"shipping-taxable","13":"product-type-simple"},"_links":{"self":[{"href":"https:\/\/shercards.com\/es\/wp-json\/wp\/v2\/product\/9006","targetHints":{"allow":["GET"]}}],"collection":[{"href":"https:\/\/shercards.com\/es\/wp-json\/wp\/v2\/product"}],"about":[{"href":"https:\/\/shercards.com\/es\/wp-json\/wp\/v2\/types\/product"}],"replies":[{"embeddable":true,"href":"https:\/\/shercards.com\/es\/wp-json\/wp\/v2\/comments?post=9006"}],"wp:featuredmedia":[{"embeddable":true,"href":"https:\/\/shercards.com\/es\/wp-json\/wp\/v2\/media\/9007"}],"wp:attachment":[{"href":"https:\/\/shercards.com\/es\/wp-json\/wp\/v2\/media?parent=9006"}],"wp:term":[{"taxonomy":"product_brand","embeddable":true,"href":"https:\/\/shercards.com\/es\/wp-json\/wp\/v2\/product_brand?post=9006"},{"taxonomy":"product_cat","embeddable":true,"href":"https:\/\/shercards.com\/es\/wp-json\/wp\/v2\/product_cat?post=9006"},{"taxonomy":"product_tag","embeddable":true,"href":"https:\/\/shercards.com\/es\/wp-json\/wp\/v2\/product_tag?post=9006"}],"curies":[{"name":"wp","href":"https:\/\/api.w.org\/{rel}","templated":true}]}}