{"id":9009,"date":"2024-09-17T10:21:28","date_gmt":"2024-09-17T10:21:28","guid":{"rendered":"https:\/\/shercards.com\/?post_type=product&#038;p=9009"},"modified":"2024-10-14T12:54:26","modified_gmt":"2024-10-14T12:54:26","slug":"key-to-your-heart-metaphorical-cards","status":"publish","type":"product","link":"https:\/\/shercards.com\/es\/producto\/key-to-your-heart-metaphorical-cards\/","title":{"rendered":"Tarjetas metaf\u00f3ricas \u201cLa llave de tu coraz\u00f3n\u201d"},"content":{"rendered":"<p>\u201cLa llave de tu coraz\u00f3n\u201d es un juego de cartas asociativo y metaf\u00f3rico de Tetiana Sherstiuk, terapeuta de arte, terapeuta de cuentos de hadas, formadora del programa antiestr\u00e9s Wings, maestra de la pintura Ebru y autora del diario psicol\u00f3gico \u201cTransformaci\u00f3n de la realidad: Cuatro hojas verdes\u201d.<\/p>\n<p>Este exclusivo juego de cartas fue creado para aquellos que tienen el coraz\u00f3n despierto. Cada carta es una gu\u00eda hacia las profundidades de tu mundo interior, ayud\u00e1ndote a descubrir los rincones m\u00e1s secretos de tu alma. Simplemente conf\u00eda en las im\u00e1genes de las cartas, sigue tus asociaciones y escucha los pensamientos y sentimientos que surgen inesperadamente. De esta manera, encontrar\u00e1s tu propia llave hacia tu coraz\u00f3n, lo m\u00e1s valioso de la vida.<\/p>\n<p>\u00bfC\u00f3mo utilizar las tarjetas?<\/p>\n<p>1. Cierra los ojos, respira profundamente y sum\u00e9rgete en ti mismo.<br \/>\n2. Tome una carta de la baraja y m\u00edrela con atenci\u00f3n.<br \/>\n3. \u00bfQu\u00e9 ves? \u00bfQu\u00e9 im\u00e1genes ves?<br \/>\n4. \u00bfQu\u00e9 te dicen estas im\u00e1genes? \u00bfQu\u00e9 sentimientos te evocan?<br \/>\n5. \u00bfQu\u00e9 te quiere decir esta imagen?<\/p>\n<p>Estas preguntas te ayudar\u00e1n a descubrir nuevas facetas de tu mundo interior y a encontrar respuestas a preguntas importantes de la vida.<\/p>\n<p>La baraja contiene 32 cartas realizadas con la t\u00e9cnica Ebru, la pintura con acuarela, que es la forma m\u00e1s antigua de expresi\u00f3n creativa y meditaci\u00f3n. Se trata de una danza de colores que crea patrones \u00fanicos que te ayudan a descubrir tus recursos internos y a resolver diversos desaf\u00edos de la vida. El dibujo intuitivo de Ebru simboliza un viaje al &quot;espacio interior&quot;, donde a trav\u00e9s de la imagen, el color y el patr\u00f3n, uno puede sanar y ajustar los procesos internos.<\/p>\n<p>Las tarjetas cubren 8 temas principales:<br \/>\nRetrato del mundo interior y Semillas de la Individualidad<\/p>\n<ul>\n<li>\u00a0Campo de ideas y objetivos<\/li>\n<li>\u00a0Inmunidad psicol\u00f3gica y seguridad<\/li>\n<li>\u00a0Mis deseos y mis sue\u00f1os<\/li>\n<li>\u00a0La imagen de mi familia y mi linaje.<\/li>\n<li>\u00a0El Maestro del Dinero y la Imagen de mi Abundancia<\/li>\n<li>\u00a0Patr\u00f3n de relaciones y el poder del amor<\/li>\n<li>\u00a0Mi car\u00e1cter y mi principal fuerza vital.<\/li>\n<\/ul>\n<p>\u00a1Sumergete en un fascinante viaje a lo m\u00e1s profundo de tu alma, abre la puerta a tus emociones y encuentra la llave del coraz\u00f3n con las cartas asociativas y metaf\u00f3ricas de Tetiana Sherstiuk!<\/p>\n<p>Informaci\u00f3n adicional:<\/p>\n<p>Peso \u2013 290 g;<br \/>\nFormato \u2013 150 x 130 mm;<br \/>\nTapa blanda;<br \/>\n32 cartas;<br \/>\nDisponible en ruso.<\/p>","protected":false},"excerpt":{"rendered":"<p>\u201cLa llave de tu coraz\u00f3n\u201d es un juego de cartas \u00fanico creado por Tetiana Sherstiuk, terapeuta art\u00edstica y autora. Las cartas est\u00e1n dise\u00f1adas para ayudar a las personas a explorar su mundo interior y descubrir los secretos de sus almas. Mediante el uso de las im\u00e1genes de las cartas, se anima a las personas a seguir sus asociaciones y escuchar los pensamientos y sentimientos que surgen. Las cartas utilizan la t\u00e9cnica Ebru, una forma de pintura con acuarela conocida por sus propiedades meditativas. Los patrones creados por los colores de las cartas tienen como objetivo ayudar a las personas a aprovechar sus recursos internos y encontrar soluciones a los desaf\u00edos de la vida. La baraja consta de 32 cartas que cubren ocho temas principales, entre ellos la individualidad, los objetivos, la seguridad, los deseos, la familia, la abundancia, las relaciones y el car\u00e1cter. Con estas cartas asociativas y metaf\u00f3ricas, se invita a las personas a emprender un viaje de autodescubrimiento y encontrar su llave del coraz\u00f3n.<\/p>","protected":false},"featured_media":9010,"comment_status":"open","ping_status":"closed","template":"","meta":[],"product_brand":[],"product_cat":[20,37],"product_tag":[],"class_list":{"0":"post-9009","1":"product","2":"type-product","3":"status-publish","4":"has-post-thumbnail","6":"product_cat-metaphorical-cards","7":"product_cat-feelings-abstract-mandalas","9":"first","10":"instock","11":"featured","12":"taxable","13":"shipping-taxable","14":"purchasable","15":"product-type-simple"},"_links":{"self":[{"href":"https:\/\/shercards.com\/es\/wp-json\/wp\/v2\/product\/9009","targetHints":{"allow":["GET"]}}],"collection":[{"href":"https:\/\/shercards.com\/es\/wp-json\/wp\/v2\/product"}],"about":[{"href":"https:\/\/shercards.com\/es\/wp-json\/wp\/v2\/types\/product"}],"replies":[{"embeddable":true,"href":"https:\/\/shercards.com\/es\/wp-json\/wp\/v2\/comments?post=9009"}],"wp:featuredmedia":[{"embeddable":true,"href":"https:\/\/shercards.com\/es\/wp-json\/wp\/v2\/media\/9010"}],"wp:attachment":[{"href":"https:\/\/shercards.com\/es\/wp-json\/wp\/v2\/media?parent=9009"}],"wp:term":[{"taxonomy":"product_brand","embeddable":true,"href":"https:\/\/shercards.com\/es\/wp-json\/wp\/v2\/product_brand?post=9009"},{"taxonomy":"product_cat","embeddable":true,"href":"https:\/\/shercards.com\/es\/wp-json\/wp\/v2\/product_cat?post=9009"},{"taxonomy":"product_tag","embeddable":true,"href":"https:\/\/shercards.com\/es\/wp-json\/wp\/v2\/product_tag?post=9009"}],"curies":[{"name":"wp","href":"https:\/\/api.w.org\/{rel}","templated":true}]}}