{"id":9023,"date":"2024-09-19T09:48:14","date_gmt":"2024-09-19T09:48:14","guid":{"rendered":"https:\/\/shercards.com\/?post_type=product&#038;p=9023"},"modified":"2024-11-22T10:52:09","modified_gmt":"2024-11-22T10:52:09","slug":"transformation-of-reality-four-green-leaves-transformational-diary-of-metaphorical-cards-ukrainian-version","status":"publish","type":"product","link":"https:\/\/shercards.com\/es\/producto\/transformation-of-reality-four-green-leaves-transformational-diary-of-metaphorical-cards-ukrainian-version\/","title":{"rendered":"\u201cTransformaci\u00f3n de la realidad: Cuatro hojas verdes\u201d Diario de transformaci\u00f3n de cartas metaf\u00f3ricas. Versi\u00f3n en ucraniano"},"content":{"rendered":"<p><strong>Diario Transformacional de Cartas Metaf\u00f3ricas<\/strong><br \/>\n<strong>\u201cTransformaci\u00f3n de la realidad: Cuatro hojas verdes\u201d<\/strong><\/p>\n<p>Descubra los misterios del autodescubrimiento con el <strong>Diario Transformacional de Cartas Metaf\u00f3ricas \u201cTransformaci\u00f3n de la Realidad: Cuatro Hojas Verdes\u201d<\/strong>\u2014una herramienta hol\u00edstica que combina teor\u00eda, creatividad y cartas metaf\u00f3ricas \u00fanicas. Inspirado en el simbolismo del tr\u00e9bol de cuatro hojas, este diario gu\u00eda a los lectores a trav\u00e9s de un viaje de equilibrio, armon\u00eda y despertar creativo.<\/p>\n<h3><strong>Simbolismo y tema<\/strong><\/h3>\n<p>En el coraz\u00f3n del diario se encuentra el simbolismo m\u00edstico de la <strong>tr\u00e9bol de cuatro hojas<\/strong>, donde cada p\u00e9talo se conecta con uno de los <strong>cuatro elementos<\/strong>:<\/p>\n<ul>\n<li><strong>Fuego<\/strong>:Pasi\u00f3n, energ\u00eda y transformaci\u00f3n.<\/li>\n<li><strong>Tierra<\/strong>:Estabilidad, arraigo y crecimiento.<\/li>\n<li><strong>Aire<\/strong>:Intelecto, claridad y comunicaci\u00f3n.<\/li>\n<li><strong>Agua<\/strong>:Emoci\u00f3n, intuici\u00f3n y adaptabilidad.<\/li>\n<\/ul>\n<p>Este simbolismo refleja las cualidades \u00fanicas de cada uno de nosotros, ofreciendo a los lectores herramientas para equilibrar sus mundos interiores y cultivar la creatividad y la armon\u00eda en sus vidas.<\/p>\n<h3><strong>Caracter\u00edsticas y beneficios<\/strong><\/h3>\n<p>Este diario \u00fanico integra:<\/p>\n<ul>\n<li><strong>Perspectivas te\u00f3ricas<\/strong>:Explora el significado simb\u00f3lico del tr\u00e9bol y los elementos, vincul\u00e1ndolos con los rasgos personales y el crecimiento.<\/li>\n<li><strong>Ejercicios pr\u00e1cticos<\/strong>:Participe en actividades pr\u00e1cticas, desde la elaboraci\u00f3n de afirmaciones personalizadas hasta un diario meditativo.<\/li>\n<li><strong>Expresi\u00f3n art\u00edstica<\/strong>Colorea tarjetas metaf\u00f3ricas y libera tu potencial creativo a trav\u00e9s de la exploraci\u00f3n art\u00edstica.<\/li>\n<li><strong>Poemas de afirmaci\u00f3n<\/strong>:Disfruta de versos edificantes y originales para inspirar tu pr\u00e1ctica diaria.<\/li>\n<li><strong>Integraci\u00f3n MAC<\/strong>:Utilice el conjunto incluido de 28 exclusivos <strong>Tarjetas asociativas metaf\u00f3ricas<\/strong> Para conocimientos intuitivos, autorreflexi\u00f3n y ejercicios creativos.<\/li>\n<\/ul>\n<h3><strong>Qu\u00e9 incluye<\/strong><\/h3>\n<ol>\n<li><strong>Diario de tapa dura<\/strong>:\n<ul>\n<li>100 p\u00e1ginas bellamente dise\u00f1adas con cierre el\u00e1stico.<\/li>\n<li><strong>Tama\u00f1o<\/strong>:15cm x 21cm.<\/li>\n<li>Marcador incluido para mayor comodidad.<\/li>\n<\/ul>\n<\/li>\n<li><strong>Tarjetas metaf\u00f3ricas (MAC)<\/strong>:\n<ul>\n<li>28 tarjetas \u00fanicas de doble cara.<\/li>\n<li><strong>Tama\u00f1o<\/strong>:10cm x 18cm.<\/li>\n<li>Dise\u00f1ado para colorear y realizar ejercicios creativos.<\/li>\n<\/ul>\n<\/li>\n<li><strong>Pulsera con dije de tr\u00e9bol de plata<\/strong>:\n<ul>\n<li>Pulsera de cuero con s\u00edmbolo de tr\u00e9bol de plata como talism\u00e1n para el equilibrio y la buena fortuna.<\/li>\n<\/ul>\n<\/li>\n<li><strong>Instrucciones completas<\/strong>:\n<ul>\n<li>Gu\u00eda detallada para utilizar las tarjetas y realizar los ejercicios.<\/li>\n<\/ul>\n<\/li>\n<\/ol>\n<h3><strong>Idiomas y accesibilidad<\/strong><\/h3>\n<p>Disponible en <strong>Ucraniano, ingl\u00e9s, espa\u00f1ol y ruso.<\/strong>, convirti\u00e9ndola en una herramienta accesible para una audiencia global.<\/p>\n<h3><strong>Acerca del autor<\/strong><\/h3>\n<p><strong>Tetiana Sherstiuk<\/strong>, reconocida terapeuta de arte, terapeuta de cuentos de hadas y maestra de la t\u00e9cnica de pintura Ebru, es tambi\u00e9n la creadora del programa antiestr\u00e9s transformador <strong>&#039;Alas.&#039;<\/strong> Su experiencia y pasi\u00f3n por el autodescubrimiento, el equilibrio y la curaci\u00f3n creativa son evidentes en cada p\u00e1gina y tarjeta.<\/p>\n<p>El <strong>Diario Transformacional de Cartas Metaf\u00f3ricas \u201cTransformaci\u00f3n de la Realidad: Cuatro Hojas Verdes\u201d<\/strong> es una herramienta de autodescubrimiento que incluye teor\u00eda, ejercicios pr\u00e1cticos, poemas de afirmaci\u00f3n y cartas asociativas metaf\u00f3ricas (MAC) \u00fanicas. Con su enfoque en el simb\u00f3lico tr\u00e9bol de cuatro hojas y los elementos (fuego, tierra, aire y agua), proporciona un enfoque creativo y hol\u00edstico para el crecimiento personal. Creado por una terapeuta de arte <strong>Tetiana Sherstiuk<\/strong>, el diario inspira equilibrio, armon\u00eda y autoexpresi\u00f3n.<\/p>\n<p>El set incluye una agenda de tapa dura (15\u00d721 cm), 28 MAC (10\u00d718 cm), una pulsera de cuero con un dije de tr\u00e9bol plateado, un marcap\u00e1ginas e instrucciones. Disponible en <strong>Ucraniano, ingl\u00e9s, espa\u00f1ol y ruso.<\/strong>.<\/p>\n<p>Transforma tu realidad, una hoja verde a la vez.<\/p>\n<h3><strong>\u00bfPor qu\u00e9 elegir este diario?<\/strong><\/h3>\n<ul>\n<li><strong>Enfoque hol\u00edstico<\/strong>:Combina teor\u00eda, creatividad e introspecci\u00f3n.<\/li>\n<li><strong>Crecimiento personalizado<\/strong>:Adaptado a tu viaje, ofreciendo herramientas para explorar emociones, rasgos y deseos.<\/li>\n<li><strong>Herramientas interactivas<\/strong>:Incorpora MAC para experiencias atractivas y din\u00e1micas.<\/li>\n<li><strong>Regalo perfecto<\/strong>:Un regalo significativo para cualquier persona en un camino de autodescubrimiento y crecimiento.<\/li>\n<\/ul>","protected":false},"excerpt":{"rendered":"<p>El <strong>Diario Transformacional de Cartas Metaf\u00f3ricas \u201cTransformaci\u00f3n de la Realidad: Cuatro Hojas Verdes\u201d<\/strong> es una herramienta de autodescubrimiento que incluye teor\u00eda, ejercicios pr\u00e1cticos, poemas de afirmaci\u00f3n y cartas asociativas metaf\u00f3ricas (MAC) \u00fanicas. Con su enfoque en el simb\u00f3lico tr\u00e9bol de cuatro hojas y los elementos (fuego, tierra, aire y agua), proporciona un enfoque creativo y hol\u00edstico para el crecimiento personal. Creado por una terapeuta de arte <strong>Tetiana Sherstiuk<\/strong>, el diario inspira equilibrio, armon\u00eda y autoexpresi\u00f3n.<\/p>\n<p>El set incluye una agenda de tapa dura (15\u00d721 cm), 28 MAC (10\u00d718 cm), una pulsera de cuero con un dije de tr\u00e9bol plateado, un marcap\u00e1ginas e instrucciones. Disponible en <strong>Ucraniano, ingl\u00e9s, espa\u00f1ol y ruso.<\/strong>.<\/p>\n<p>Transforma tu realidad, una hoja verde a la vez.<\/p>","protected":false},"featured_media":9027,"comment_status":"open","ping_status":"closed","template":"","meta":[],"product_brand":[],"product_cat":[63,41,61,40,38,20,26,22,59],"product_tag":[],"class_list":{"0":"post-9023","1":"product","2":"type-product","3":"status-publish","4":"has-post-thumbnail","6":"product_cat-accessories","7":"product_cat-books-on-metaphorical-cards","8":"product_cat-books-cards","9":"product_cat-books-postcards","10":"product_cat-fairytale","11":"product_cat-metaphorical-cards","12":"product_cat-resources","13":"product_cat-womens-mens","14":"product_cat-workbooks-albums","16":"first","17":"instock","18":"featured","19":"taxable","20":"shipping-taxable","21":"purchasable","22":"product-type-simple"},"_links":{"self":[{"href":"https:\/\/shercards.com\/es\/wp-json\/wp\/v2\/product\/9023","targetHints":{"allow":["GET"]}}],"collection":[{"href":"https:\/\/shercards.com\/es\/wp-json\/wp\/v2\/product"}],"about":[{"href":"https:\/\/shercards.com\/es\/wp-json\/wp\/v2\/types\/product"}],"replies":[{"embeddable":true,"href":"https:\/\/shercards.com\/es\/wp-json\/wp\/v2\/comments?post=9023"}],"wp:featuredmedia":[{"embeddable":true,"href":"https:\/\/shercards.com\/es\/wp-json\/wp\/v2\/media\/9027"}],"wp:attachment":[{"href":"https:\/\/shercards.com\/es\/wp-json\/wp\/v2\/media?parent=9023"}],"wp:term":[{"taxonomy":"product_brand","embeddable":true,"href":"https:\/\/shercards.com\/es\/wp-json\/wp\/v2\/product_brand?post=9023"},{"taxonomy":"product_cat","embeddable":true,"href":"https:\/\/shercards.com\/es\/wp-json\/wp\/v2\/product_cat?post=9023"},{"taxonomy":"product_tag","embeddable":true,"href":"https:\/\/shercards.com\/es\/wp-json\/wp\/v2\/product_tag?post=9023"}],"curies":[{"name":"wp","href":"https:\/\/api.w.org\/{rel}","templated":true}]}}