{"id":9050,"date":"2024-09-24T11:14:54","date_gmt":"2024-09-24T11:14:54","guid":{"rendered":"https:\/\/shercards.com\/?post_type=product&#038;p=9050"},"modified":"2024-11-21T10:55:41","modified_gmt":"2024-11-21T10:55:41","slug":"manifestation-metaphorical-cards-french-version","status":"publish","type":"product","link":"https:\/\/shercards.com\/es\/producto\/manifestation-metaphorical-cards-french-version\/","title":{"rendered":"Cartas metaf\u00f3ricas de \u201cManifestaci\u00f3n\u201d. Versi\u00f3n en franc\u00e9s"},"content":{"rendered":"<p><strong>&quot;Manifestaci\u00f3n&quot;<\/strong> \u2013 Un viaje a las ra\u00edces culturales y la transformaci\u00f3n personal<\/p>\n<p>El &quot;<strong>Manifestaci\u00f3n&quot;<\/strong> Deck es un impresionante conjunto de 36 cartas de asociaci\u00f3n metaf\u00f3rica que entrelazan la herencia cultural con la exploraci\u00f3n personal. Ilustrado por el talentoso artista <strong>Olia Haydamaka<\/strong>Cada tarjeta captura la esencia de las tradiciones \u00e9tnicas, retratando el v\u00ednculo profundo entre el alma de una mujer, su tierra y su linaje ancestral.<\/p>\n<p>Los colores vibrantes y las im\u00e1genes simb\u00f3licas de estas cartas te invitan a profundizar en temas de identidad, familia, fortaleza y pertenencia. En el reverso, frases reveladoras brindan una gu\u00eda amable que te ayuda a conectarte con tu yo interior y a encontrar claridad en medio de las preguntas de la vida.<\/p>\n<h3><strong>Temas y prop\u00f3sito<\/strong><\/h3>\n<p>El &quot;<strong>Manifestaci\u00f3n&quot;<\/strong> La plataforma est\u00e1 dise\u00f1ada para:<\/p>\n<ul>\n<li>Celebre el patrimonio cultural y el poder de la sabidur\u00eda ancestral.<\/li>\n<li>Ayude a los usuarios a explorar su identidad y conectarse con sus ra\u00edces.<\/li>\n<li>Fomente la fuerza y la resiliencia a trav\u00e9s de im\u00e1genes simb\u00f3licas e indicaciones introspectivas.<\/li>\n<li>Ofrecer orientaci\u00f3n y apoyo emocional durante momentos de incertidumbre o transformaci\u00f3n.<\/li>\n<\/ul>\n<h3><strong>Caracter\u00edsticas y uso<\/strong><\/h3>\n<p>El &quot;<strong>Manifestaci\u00f3n&quot;<\/strong> La baraja es perfecta para:<\/p>\n<ul>\n<li><strong>Trabajo terap\u00e9utico:<\/strong> \u00datil para psic\u00f3logos, terapeutas de arte y entrenadores que exploran temas de herencia, autodescubrimiento y empoderamiento con los clientes.<\/li>\n<li><strong>Desarrollo personal:<\/strong> Inspira a las personas a conectarse con sus emociones e identidad cultural.<\/li>\n<li><strong>Pr\u00e1cticas creativas:<\/strong> Ideal para llevar un diario, meditar y inspirarse art\u00edsticamente.<\/li>\n<li><strong>Trabajo en grupo:<\/strong> Fomenta debates significativos sobre identidad, pertenencia y resiliencia.<\/li>\n<\/ul>\n<h3><strong>Qu\u00e9 incluye<\/strong><\/h3>\n<ul>\n<li><strong>36 cartas ilustradas:<\/strong> Con pinturas de inspiraci\u00f3n \u00e9tnica de Olya Haydamaka, cada tarjeta cuenta una historia de conexi\u00f3n y transformaci\u00f3n.<\/li>\n<li><strong>Soporte en dos idiomas:<\/strong> Disponible en ucraniano, ingl\u00e9s y franc\u00e9s, lo que lo hace accesible a una audiencia global.<\/li>\n<li><strong>Bolsa de almacenamiento de tela:<\/strong> Mantiene sus tarjetas seguras y port\u00e1tiles.<\/li>\n<li><strong>Manual de instrucciones:<\/strong> Incluye t\u00e9cnicas y ejercicios para trabajo individual o en grupo.<\/li>\n<li><strong>Envoltorio de caja:<\/strong> Un contenedor resistente y elegante para guardar y regalar.<\/li>\n<\/ul>\n<h3><strong>\u00bfPor qu\u00e9 esta baraja es \u00fanica?<\/strong><\/h3>\n<p>El &quot;<strong>Manifestaci\u00f3n&quot;<\/strong> La cubierta combina la belleza art\u00edstica con la profundidad cultural y ofrece:<\/p>\n<ul>\n<li>Un enfoque \u00fanico en motivos \u00e9tnicos y sabidur\u00eda ancestral.<\/li>\n<li>Una herramienta para conectar con la fuerza colectiva de las mujeres a lo largo de la historia.<\/li>\n<li>Una puerta de entrada para explorar la naturaleza entrelazada de la identidad, la tierra y la familia.<\/li>\n<\/ul>\n<p>Al trabajar con estas cartas, obtendr\u00e1s una comprensi\u00f3n m\u00e1s profunda de ti mismo y de tu herencia, encontrando inspiraci\u00f3n en el v\u00edvido simbolismo y las indicaciones reflexivas.<\/p>","protected":false},"excerpt":{"rendered":"<p><strong>&quot;Manifestaci\u00f3n&quot;<\/strong> es una baraja de 36 cartas \u00e9tnicas metaf\u00f3ricas que presenta la obra de arte evocadora de <strong>Olia Haydamaka<\/strong>, celebrando el patrimonio cultural y la transformaci\u00f3n personal. Disponible en <strong>Ucraniano, ingl\u00e9s y franc\u00e9s.<\/strong>Este juego incluye una bolsa de tela para guardarlo, un folleto de instrucciones y un elegante empaque. Perfecto para terapia, desarrollo personal o exploraci\u00f3n creativa, el \u201c<strong>Manifestaci\u00f3n&quot;<\/strong> La baraja ayuda a los usuarios a conectarse con su identidad, fuerza y sabidur\u00eda ancestral.<\/p>\n<h5><strong>Detalles del producto<\/strong><\/h5>\n<ul>\n<li><strong>36 cartas ilustradas:<\/strong> Con pinturas de inspiraci\u00f3n \u00e9tnica de Olya Haydamaka, cada tarjeta cuenta una historia de conexi\u00f3n y transformaci\u00f3n.<\/li>\n<li><strong>Soporte en dos idiomas:<\/strong> Disponible en ucraniano, ingl\u00e9s y franc\u00e9s, lo que lo hace accesible a una audiencia global.<\/li>\n<li><strong>Bolsa de almacenamiento de tela:<\/strong> Mantiene sus tarjetas seguras y port\u00e1tiles.<\/li>\n<li><strong>Manual de instrucciones:<\/strong> Incluye t\u00e9cnicas y ejercicios para trabajo individual o en grupo.<\/li>\n<li><strong>Envoltorio de caja:<\/strong> Un contenedor resistente y elegante para guardar y regalar.<\/li>\n<\/ul>\n<p>Descubre tus ra\u00edces. Acepta tu fuerza. Celebra tu historia.<br \/>\nDeja que el \u201c<strong>Manifestaci\u00f3n&quot;<\/strong>\u00a0La baraja te gu\u00eda en un viaje de autodescubrimiento y empoderamiento.<\/p>\n<p>Creado por Olga Ptakha<\/p>","protected":false},"featured_media":9195,"comment_status":"open","ping_status":"closed","template":"","meta":[],"product_brand":[],"product_cat":[20,26,27,22],"product_tag":[],"class_list":{"0":"post-9050","1":"product","2":"type-product","3":"status-publish","4":"has-post-thumbnail","6":"product_cat-metaphorical-cards","7":"product_cat-resources","8":"product_cat-universal","9":"product_cat-womens-mens","11":"first","12":"instock","13":"featured","14":"taxable","15":"shipping-taxable","16":"purchasable","17":"product-type-simple"},"_links":{"self":[{"href":"https:\/\/shercards.com\/es\/wp-json\/wp\/v2\/product\/9050","targetHints":{"allow":["GET"]}}],"collection":[{"href":"https:\/\/shercards.com\/es\/wp-json\/wp\/v2\/product"}],"about":[{"href":"https:\/\/shercards.com\/es\/wp-json\/wp\/v2\/types\/product"}],"replies":[{"embeddable":true,"href":"https:\/\/shercards.com\/es\/wp-json\/wp\/v2\/comments?post=9050"}],"wp:featuredmedia":[{"embeddable":true,"href":"https:\/\/shercards.com\/es\/wp-json\/wp\/v2\/media\/9195"}],"wp:attachment":[{"href":"https:\/\/shercards.com\/es\/wp-json\/wp\/v2\/media?parent=9050"}],"wp:term":[{"taxonomy":"product_brand","embeddable":true,"href":"https:\/\/shercards.com\/es\/wp-json\/wp\/v2\/product_brand?post=9050"},{"taxonomy":"product_cat","embeddable":true,"href":"https:\/\/shercards.com\/es\/wp-json\/wp\/v2\/product_cat?post=9050"},{"taxonomy":"product_tag","embeddable":true,"href":"https:\/\/shercards.com\/es\/wp-json\/wp\/v2\/product_tag?post=9050"}],"curies":[{"name":"wp","href":"https:\/\/api.w.org\/{rel}","templated":true}]}}