{"id":9088,"date":"2024-10-17T08:53:00","date_gmt":"2024-10-17T08:53:00","guid":{"rendered":"https:\/\/shercards.com\/?post_type=product&#038;p=9088"},"modified":"2024-12-16T11:07:07","modified_gmt":"2024-12-16T11:07:07","slug":"diamond-thoughts-metaphorical-cards","status":"publish","type":"product","link":"https:\/\/shercards.com\/es\/producto\/diamond-thoughts-metaphorical-cards\/","title":{"rendered":"Cartas metaf\u00f3ricas \u201cPensamientos de diamante\u201d"},"content":{"rendered":"<p><strong>\u201cPensamientos de diamante\u201d<\/strong> \u2013 Una baraja para el autodescubrimiento y el crecimiento personal<\/p>\n<p>En el acelerado mundo moderno, es f\u00e1cil perder de vista el aspecto m\u00e1s esencial de la vida: comprendernos a nosotros mismos y nuestro lugar en ella.<strong>\u201cPensamientos de diamante\u201d<\/strong> La baraja ofrece una forma suave pero profunda de reenfocar tu atenci\u00f3n, explorar tu mundo interior y descubrir los tesoros de la autoconciencia.<\/p>\n<p>Cada carta de esta baraja es una faceta de tu diamante personal, que te ayuda a reflexionar sobre tus emociones, sentimientos, pensamientos y situaciones de la vida. Las preguntas de las cartas sirven como indicaciones para guiar tu viaje de autodescubrimiento, agudizando tu conciencia y revelando la brillantez multidimensional de tu personalidad.<\/p>\n<h3><strong>Temas y prop\u00f3sito<\/strong><\/h3>\n<p>El &quot;<strong>\u201cPensamientos de diamante\u201d<\/strong> Los MAC est\u00e1n dise\u00f1ados para:<\/p>\n<ul>\n<li>Fomentar la autorreflexi\u00f3n profunda y la introspecci\u00f3n.<\/li>\n<li>Ayudarle a comprender sus emociones, pensamientos y experiencias de vida.<\/li>\n<li>Proporcionar conocimientos sobre el crecimiento personal y la autoestima.<\/li>\n<li>Apoya la b\u00fasqueda de recursos y la fortaleza interior durante tiempos dif\u00edciles.<\/li>\n<\/ul>\n<h3><strong>Caracter\u00edsticas y uso<\/strong><\/h3>\n<p>Esta baraja es una herramienta vers\u00e1til para:<\/p>\n<ul>\n<li><strong>Asesoramiento individual:<\/strong> Ayuda a los terapeutas a ayudar a los clientes a explorar emociones y descubrir conocimientos ocultos.<\/li>\n<li><strong>Trabajo en grupo:<\/strong> Promueve debates significativos y crecimiento colectivo.<\/li>\n<li><strong>Autodescubrimiento:<\/strong> Perfecto para la reflexi\u00f3n personal y el diario.<\/li>\n<li><strong>Combinaci\u00f3n con otros mazos:<\/strong> Funciona perfectamente con \u201c<strong>Castillos en el aire\u201d<\/strong> y otras tarjetas de asociaci\u00f3n metaf\u00f3rica.<\/li>\n<\/ul>\n<p>Las tarjetas est\u00e1n dise\u00f1adas para personas que buscan reconectarse consigo mismas y desbloquear su potencial, ofreciendo una experiencia transformadora de claridad y empoderamiento.<\/p>\n<h3><strong>Informaci\u00f3n adicional<\/strong><\/h3>\n<ul>\n<li><strong>57 cartas:<\/strong> Con una laminaci\u00f3n suave al tacto para una sensaci\u00f3n de primera calidad, cada tarjeta corresponde a una \u201cfaceta\u201d de su diamante interior.<\/li>\n<li><strong>Soporte de tarjeta:<\/strong> Una bolsa y un soporte para exhibir tus <em>Tarjeta del d\u00eda<\/em>, lo que hace que sea f\u00e1cil de llevar y reflexionar sobre \u00e9l durante todo el d\u00eda.<\/li>\n<li><strong>Manual de instrucciones:<\/strong> Incluye t\u00e9cnicas creativas y ejercicios para sacar el m\u00e1ximo partido a tu mazo.<\/li>\n<li><strong>Caja de almacenamiento:<\/strong> Una caja resistente y elegante para mantener tu terraza protegida.<\/li>\n<li><strong>Idioma:<\/strong> Ucranio.<\/li>\n<\/ul>\n<h3><strong>\u00bfPor qu\u00e9 esta baraja es \u00fanica?<\/strong><\/h3>\n<p>El concepto de 57 facetas refleja el corte perfecto del diamante y simboliza el meticuloso proceso de autodescubrimiento. Al trabajar con estas cartas, obtendr\u00e1s:<\/p>\n<ul>\n<li>Una comprensi\u00f3n m\u00e1s clara de sus fortalezas, valores y deseos.<\/li>\n<li>Ideas para resolver desaf\u00edos emocionales y dilemas de la vida.<\/li>\n<li>Las herramientas para vivir una vida m\u00e1s plena y significativa.<\/li>\n<\/ul>\n<p>Estos <em>pensamientos de diamante<\/em> No son s\u00f3lo para ti; su valor radica en ser compartidos, enriqueciendo a otros y potenciando tu propio camino.<\/p>","protected":false},"excerpt":{"rendered":"<p><strong>\u201cPensamientos de diamante\u201d<\/strong> es una baraja de 57 cartas metaf\u00f3ricas dise\u00f1ada para el autodescubrimiento, la reflexi\u00f3n y la sanaci\u00f3n emocional. Creado por la psic\u00f3loga Alla Svatok, este juego incluye un soporte para exhibir tus <em>Tarjeta del d\u00eda<\/em>, un folleto de instrucciones detallado y una elegante caja de almacenamiento. Perfecto para terapeutas, entrenadores o personas individuales.<strong>\u201cPensamientos de diamante\u201d<\/strong> Revela el brillo de tu diamante interior, ayud\u00e1ndote a conectarte con tus emociones, pensamientos y el prop\u00f3sito de tu vida.<\/p>\n<h5><strong>Detalles del producto<\/strong><\/h5>\n<ul>\n<li><strong>57 cartas:<\/strong> Con una laminaci\u00f3n suave al tacto para una sensaci\u00f3n de primera calidad, cada tarjeta corresponde a una \u201cfaceta\u201d de su diamante interior.<\/li>\n<li><strong>Soporte de tarjeta:<\/strong> Una bolsa y un soporte para exhibir tus <em>Tarjeta del d\u00eda<\/em>, lo que hace que sea f\u00e1cil de llevar y reflexionar sobre \u00e9l durante todo el d\u00eda.<\/li>\n<li><strong>Manual de instrucciones:<\/strong> Incluye t\u00e9cnicas creativas y ejercicios para sacar el m\u00e1ximo partido a tu mazo.<\/li>\n<li><strong>Caja de almacenamiento:<\/strong> Una caja resistente y elegante para mantener tu terraza protegida.<\/li>\n<li><strong>Idioma:<\/strong> Ucranio.<\/li>\n<\/ul>\n<p>Brilla intensamente. Reflexiona profundamente. Comparte tus tesoros.<br \/>\nDejar &quot;<strong>\u201cPensamientos de diamante\u201d<\/strong> guiarte para descubrir las facetas radiantes de tu verdadero ser.<\/p>","protected":false},"featured_media":9197,"comment_status":"open","ping_status":"closed","template":"","meta":[],"product_brand":[],"product_cat":[33,20,26,29],"product_tag":[],"class_list":{"0":"post-9088","1":"product","2":"type-product","3":"status-publish","4":"has-post-thumbnail","6":"product_cat-coaching-cards","7":"product_cat-metaphorical-cards","8":"product_cat-resources","9":"product_cat-text","11":"first","12":"instock","13":"featured","14":"taxable","15":"shipping-taxable","16":"purchasable","17":"product-type-simple"},"_links":{"self":[{"href":"https:\/\/shercards.com\/es\/wp-json\/wp\/v2\/product\/9088","targetHints":{"allow":["GET"]}}],"collection":[{"href":"https:\/\/shercards.com\/es\/wp-json\/wp\/v2\/product"}],"about":[{"href":"https:\/\/shercards.com\/es\/wp-json\/wp\/v2\/types\/product"}],"replies":[{"embeddable":true,"href":"https:\/\/shercards.com\/es\/wp-json\/wp\/v2\/comments?post=9088"}],"wp:featuredmedia":[{"embeddable":true,"href":"https:\/\/shercards.com\/es\/wp-json\/wp\/v2\/media\/9197"}],"wp:attachment":[{"href":"https:\/\/shercards.com\/es\/wp-json\/wp\/v2\/media?parent=9088"}],"wp:term":[{"taxonomy":"product_brand","embeddable":true,"href":"https:\/\/shercards.com\/es\/wp-json\/wp\/v2\/product_brand?post=9088"},{"taxonomy":"product_cat","embeddable":true,"href":"https:\/\/shercards.com\/es\/wp-json\/wp\/v2\/product_cat?post=9088"},{"taxonomy":"product_tag","embeddable":true,"href":"https:\/\/shercards.com\/es\/wp-json\/wp\/v2\/product_tag?post=9088"}],"curies":[{"name":"wp","href":"https:\/\/api.w.org\/{rel}","templated":true}]}}