{"id":9093,"date":"2024-10-17T09:02:20","date_gmt":"2024-10-17T09:02:20","guid":{"rendered":"https:\/\/shercards.com\/?post_type=product&#038;p=9093"},"modified":"2024-12-16T11:06:57","modified_gmt":"2024-12-16T11:06:57","slug":"air-castles-metaphorical-cards","status":"publish","type":"product","link":"https:\/\/shercards.com\/es\/producto\/air-castles-metaphorical-cards\/","title":{"rendered":"Cartas metaf\u00f3ricas de \u201cCastillos en el aire\u201d"},"content":{"rendered":"<p><strong>\u201cCastillos en el aire\u201d<\/strong> \u2013 Una baraja universal de cartas metaf\u00f3ricas para el crecimiento personal y la sanaci\u00f3n emocional<\/p>\n<p>La met\u00e1fora <em>\u201cconstruyendo castillos en el aire\u201d<\/em> habla de sue\u00f1os y aspiraciones que pueden parecer inalcanzables o alejados de la realidad. Sin embargo, esta baraja te invita a explorar estos \u201ccastillos\u201d no como fantas\u00edas vac\u00edas sino como oportunidades para comprender tus l\u00edmites, tus verdaderos deseos y tu panorama emocional. A trav\u00e9s de la autorreflexi\u00f3n y la exploraci\u00f3n creativa, <strong>\u201cCastillos en el aire\u201d <\/strong>Te ayuda a aceptarte a ti mismo, a enfrentar conflictos internos y a descubrir conocimientos valiosos sobre tu vida y tus relaciones.<\/p>\n<h3><strong>Temas y aplicaciones<\/strong><\/h3>\n<p>Esta baraja est\u00e1 dise\u00f1ada para abordar una amplia gama de \u00e1reas emocionales y psicol\u00f3gicas, lo que la convierte en una herramienta vers\u00e1til para:<\/p>\n<ul>\n<li><strong>Relaciones:<\/strong> Comprender la din\u00e1mica, mejorar la comunicaci\u00f3n y afrontar los desaf\u00edos.<\/li>\n<li><strong>Trauma infantil:<\/strong> Explora las ra\u00edces de los sentimientos y experiencias no resueltos.<\/li>\n<li><strong>Estados emocionales:<\/strong> Procesar miedos, ansiedades y otras emociones intensas.<\/li>\n<li><strong>Superar el trauma y las crisis:<\/strong> Encuentra recursos y resiliencia para seguir adelante.<\/li>\n<li><strong>Periodos de transici\u00f3n:<\/strong> Supere los callejones sin salida y las fases desafiantes de la vida.<\/li>\n<li><strong>Autodescubrimiento:<\/strong> Fortalecer la confianza en uno mismo, definir l\u00edmites personales y aclarar objetivos.<\/li>\n<\/ul>\n<p>Cada carta es una historia v\u00edvida que espera ser explorada, ofreciendo perspectivas \u00fanicas y un camino hacia una mayor autoconciencia.<\/p>\n<h3><strong>\u00bfQui\u00e9n puede utilizar esta baraja?<\/strong><\/h3>\n<ul>\n<li><strong>Terapeutas y Coaches:<\/strong> Para sesiones individuales, trabajos en grupo o arteterapia.<\/li>\n<li><strong>Entusiastas del autocuidado:<\/strong> Como herramienta de reflexi\u00f3n personal y autoorientaci\u00f3n.<\/li>\n<li><strong>Educadores y facilitadores:<\/strong> Crear debates y ejercicios significativos.<\/li>\n<li><strong>Personas f\u00edsicas (12+ a\u00f1os):<\/strong> Para explorar emociones, relaciones y situaciones de la vida de una manera segura y creativa.<\/li>\n<\/ul>\n<h3><strong>Informaci\u00f3n adicional<\/strong><\/h3>\n<ul>\n<li><strong>81 cartas:<\/strong> Cada uno con historias \u00fanicas y evocadoras y una laminaci\u00f3n suave al tacto para una sensaci\u00f3n de lujo.<\/li>\n<li><strong>Tama\u00f1o:<\/strong> Compacto y f\u00e1cil de usar con 108 x 72 mm.<\/li>\n<li><strong>Manual de instrucciones:<\/strong> T\u00e9cnicas detalladas y ejercicios para uso guiado.<\/li>\n<li><strong>Caja de almacenamiento:<\/strong> Durable y elegante, perfecto para mantener la terraza segura y organizada.<\/li>\n<li><strong>Idioma:<\/strong> Ucranio.<\/li>\n<\/ul>\n<h3><strong>C\u00f3mo puede ayudarte esta baraja<\/strong><\/h3>\n<ul>\n<li>Profundice su comprensi\u00f3n de los l\u00edmites personales, las emociones y las necesidades.<\/li>\n<li>Fortalece tu confianza y capacidad de toma de decisiones.<\/li>\n<li>Encuentre claridad al navegar en las relaciones y las transiciones de la vida.<\/li>\n<li>Descubra recursos y estrategias ocultos para superar los bloqueos emocionales.<\/li>\n<li>Obt\u00e9n nuevas perspectivas sobre tu vida y el mundo que te rodea.<\/li>\n<\/ul>","protected":false},"excerpt":{"rendered":"<p><strong>\u201cCastillos en el aire\u201d<\/strong> es una baraja de 81 cartas metaf\u00f3ricas dise\u00f1ada para explorar emociones, superar traumas y profundizar en la autoconciencia. Creada por la psic\u00f3loga Alla Svatok, esta herramienta vers\u00e1til es perfecta para terapeutas, entrenadores y personas de 12 a\u00f1os en adelante. \u00dasela para navegar por las relaciones, abordar los miedos y obtener informaci\u00f3n sobre los desaf\u00edos de la vida. Con laminado suave al tacto, un folleto de instrucciones y una caja de almacenamiento resistente, \u201c<strong>Castillos en el aire\u201d<\/strong> Es la clave para generar confianza y encontrar claridad.<\/p>\n<h5><strong>Detalles del producto<\/strong><\/h5>\n<ul>\n<li><strong>81 cartas:<\/strong> Cada uno con historias \u00fanicas y evocadoras y una laminaci\u00f3n suave al tacto para una sensaci\u00f3n de lujo.<\/li>\n<li><strong>Tama\u00f1o:<\/strong> Compacto y f\u00e1cil de usar con 108 x 72 mm.<\/li>\n<li><strong>Manual de instrucciones:<\/strong> T\u00e9cnicas detalladas y ejercicios para uso guiado.<\/li>\n<li><strong>Caja de almacenamiento:<\/strong> Durable y elegante, perfecto para mantener la terraza segura y organizada.<\/li>\n<li><strong>Idioma:<\/strong> Ucranio.<\/li>\n<\/ul>\n<p>Reconecta contigo mismo. Transforma tu mundo interior. Deja que \u201c<strong>Castillos en el aire\u201d<\/strong> Guiarte en un viaje de autodescubrimiento.<\/p>","protected":false},"featured_media":9196,"comment_status":"open","ping_status":"closed","template":"","meta":[],"product_brand":[],"product_cat":[20,27],"product_tag":[],"class_list":{"0":"post-9093","1":"product","2":"type-product","3":"status-publish","4":"has-post-thumbnail","6":"product_cat-metaphorical-cards","7":"product_cat-universal","9":"first","10":"instock","11":"featured","12":"taxable","13":"shipping-taxable","14":"purchasable","15":"product-type-simple"},"_links":{"self":[{"href":"https:\/\/shercards.com\/es\/wp-json\/wp\/v2\/product\/9093","targetHints":{"allow":["GET"]}}],"collection":[{"href":"https:\/\/shercards.com\/es\/wp-json\/wp\/v2\/product"}],"about":[{"href":"https:\/\/shercards.com\/es\/wp-json\/wp\/v2\/types\/product"}],"replies":[{"embeddable":true,"href":"https:\/\/shercards.com\/es\/wp-json\/wp\/v2\/comments?post=9093"}],"wp:featuredmedia":[{"embeddable":true,"href":"https:\/\/shercards.com\/es\/wp-json\/wp\/v2\/media\/9196"}],"wp:attachment":[{"href":"https:\/\/shercards.com\/es\/wp-json\/wp\/v2\/media?parent=9093"}],"wp:term":[{"taxonomy":"product_brand","embeddable":true,"href":"https:\/\/shercards.com\/es\/wp-json\/wp\/v2\/product_brand?post=9093"},{"taxonomy":"product_cat","embeddable":true,"href":"https:\/\/shercards.com\/es\/wp-json\/wp\/v2\/product_cat?post=9093"},{"taxonomy":"product_tag","embeddable":true,"href":"https:\/\/shercards.com\/es\/wp-json\/wp\/v2\/product_tag?post=9093"}],"curies":[{"name":"wp","href":"https:\/\/api.w.org\/{rel}","templated":true}]}}