{"id":9130,"date":"2024-11-14T10:24:10","date_gmt":"2024-11-14T10:24:10","guid":{"rendered":"https:\/\/shercards.com\/?post_type=product&#038;p=9130"},"modified":"2024-12-16T11:06:49","modified_gmt":"2024-12-16T11:06:49","slug":"poppies-metaphorical-cards","status":"publish","type":"product","link":"https:\/\/shercards.com\/es\/producto\/poppies-metaphorical-cards\/","title":{"rendered":"Tarjetas metaf\u00f3ricas \u201cAmapolas\u201d"},"content":{"rendered":"<p>La baraja metaf\u00f3rica \u201cAmapolas\u201d consta de 108 cartas, cada una dibujada a mano y que contiene un patr\u00f3n de acci\u00f3n \u00fanico. Esta baraja universal ayuda a encontrar respuestas a preguntas sobre cualquier \u00e1rea de la vida. Las cartas ayudan a llegar a lo profundo del subconsciente y a sacar a la luz las \u00e1reas problem\u00e1ticas.<\/p>\n<p>Esta baraja funciona bien con cuestiones como:<\/p>\n<ul>\n<li>Autodesarrollo<\/li>\n<li>Relaciones<\/li>\n<li>Tomando decisiones<\/li>\n<li>Establecimiento de metas<\/li>\n<li>Dependencia<\/li>\n<li>Agotamiento emocional<\/li>\n<li>Problemas de dinero<\/li>\n<\/ul>\n<p>Las cartas pueden transformar la personalidad, ayudar a ver la situaci\u00f3n desde el punto de vista del observador y contienen muchos s\u00edmbolos, met\u00e1foras y situaciones.<\/p>\n<p>Las tarjetas se utilizan para trabajos en grupo, trabajos independientes o incluso trabajos numerados.<br \/>\nSon muy \u00fatiles para la toma de decisiones complejas. Los dibujos de las tarjetas fomentan la comprensi\u00f3n de situaciones y condiciones, desarrollan la creatividad, ayudan a generar ideas y a elegir la soluci\u00f3n adecuada entre varias opciones.<\/p>\n<p>Utilice las tarjetas como una herramienta de apoyo para el desarrollo personal, el establecimiento de objetivos y la comprensi\u00f3n de necesidades y problemas.<\/p>\n<p>Informaci\u00f3n adicional:<\/p>\n<p>\u2013 108 tarjetas plastificadas mate con im\u00e1genes (7,5 x 10 cm);<br \/>\n\u2013 Instrucciones de uso (t\u00e9cnica b\u00e1sica, variaciones seg\u00fan deseos);<br \/>\n\u2013 Una caja hecha de cart\u00f3n de autor denso de alta calidad;<br \/>\n\u2013 Peso \u2013 350 g, esquinas redondeadas;<br \/>\n\u2013 Disponible en ucraniano.<\/p>\n<p>Creado por la artista ucraniana Irina Komarcheva<\/p>","protected":false},"excerpt":{"rendered":"<p>Baraja de cartas metaf\u00f3ricas \u201cAmapolas\u201d<\/p>\n<p>Desbloquee sus conocimientos y su creatividad con la baraja metaf\u00f3rica \u201cAmapolas\u201d. Con 108 cartas dibujadas a mano, cada una con una trama \u00fanica e im\u00e1genes simb\u00f3licas, esta baraja vers\u00e1til es una herramienta poderosa para explorar cualquier \u00e1rea de la vida. Las cartas apoyan el autodescubrimiento, la resoluci\u00f3n de problemas y la toma de decisiones al iluminar los conocimientos subconscientes. Ideales para el trabajo individual, grupal o en pareja, ayudan al desarrollo personal, las relaciones, la resiliencia emocional y m\u00e1s.<\/p>\n<p>Cada baraja de cartas incluye:<br \/>\n\u2013 108 tarjetas bellamente ilustradas (7,5 x 10 cm) con laminado mate de primera calidad<br \/>\n\u2013 Folleto de instrucciones con orientaci\u00f3n sobre t\u00e9cnicas y consultas.<br \/>\n\u2013 Caja duradera de primera calidad con un dise\u00f1o \u00fanico.<\/p>\n<p>Idioma: ucraniano<br \/>\nArtista: Ilustradora ucraniana Irina Komarcheva<\/p>\n<p>Explora el autodescubrimiento, profundiza la percepci\u00f3n emocional y enriquece la toma de decisiones con \u201cPoppies\u201d, la baraja que aporta claridad a las preguntas de la vida.<\/p>","protected":false},"featured_media":9132,"comment_status":"open","ping_status":"closed","template":"","meta":[],"product_brand":[],"product_cat":[20,26,27,22],"product_tag":[],"class_list":{"0":"post-9130","1":"product","2":"type-product","3":"status-publish","4":"has-post-thumbnail","6":"product_cat-metaphorical-cards","7":"product_cat-resources","8":"product_cat-universal","9":"product_cat-womens-mens","11":"first","12":"instock","13":"featured","14":"taxable","15":"shipping-taxable","16":"purchasable","17":"product-type-simple"},"_links":{"self":[{"href":"https:\/\/shercards.com\/es\/wp-json\/wp\/v2\/product\/9130","targetHints":{"allow":["GET"]}}],"collection":[{"href":"https:\/\/shercards.com\/es\/wp-json\/wp\/v2\/product"}],"about":[{"href":"https:\/\/shercards.com\/es\/wp-json\/wp\/v2\/types\/product"}],"replies":[{"embeddable":true,"href":"https:\/\/shercards.com\/es\/wp-json\/wp\/v2\/comments?post=9130"}],"wp:featuredmedia":[{"embeddable":true,"href":"https:\/\/shercards.com\/es\/wp-json\/wp\/v2\/media\/9132"}],"wp:attachment":[{"href":"https:\/\/shercards.com\/es\/wp-json\/wp\/v2\/media?parent=9130"}],"wp:term":[{"taxonomy":"product_brand","embeddable":true,"href":"https:\/\/shercards.com\/es\/wp-json\/wp\/v2\/product_brand?post=9130"},{"taxonomy":"product_cat","embeddable":true,"href":"https:\/\/shercards.com\/es\/wp-json\/wp\/v2\/product_cat?post=9130"},{"taxonomy":"product_tag","embeddable":true,"href":"https:\/\/shercards.com\/es\/wp-json\/wp\/v2\/product_tag?post=9130"}],"curies":[{"name":"wp","href":"https:\/\/api.w.org\/{rel}","templated":true}]}}