{"id":9133,"date":"2024-11-14T10:56:30","date_gmt":"2024-11-14T10:56:30","guid":{"rendered":"https:\/\/shercards.com\/?post_type=product&#038;p=9133"},"modified":"2024-12-16T11:06:39","modified_gmt":"2024-12-16T11:06:39","slug":"power-of-the-butterfly-metaphorical-cards","status":"publish","type":"product","link":"https:\/\/shercards.com\/es\/producto\/power-of-the-butterfly-metaphorical-cards\/","title":{"rendered":"Cartas metaf\u00f3ricas \u201cEl poder de la mariposa\u201d"},"content":{"rendered":"<p>\u201cEl Poder de la Mariposa\u201d es una baraja de cuentos universal basada en la met\u00e1fora de una mariposa con una energ\u00eda poderosa. La baraja contiene historias multifac\u00e9ticas y transformadoras que llegan a las profundidades del subconsciente, revelando \u00e1reas problem\u00e1ticas para transformar la personalidad y mirar la situaci\u00f3n desde el punto de vista del observador.<\/p>\n<p>La baraja trabaja con cuestiones como:<\/p>\n<ul>\n<li>Autorrealizaci\u00f3n<\/li>\n<li>Objetivo<\/li>\n<li>Miedos<\/li>\n<li>Adicciones<\/li>\n<li>Creencias limitantes<\/li>\n<li>Relaciones<\/li>\n<li>Logro de objetivos<\/li>\n<li>Opciones<\/li>\n<li>Comprender los estados de \u00e1nimo y los estados de \u00e1nimo<\/li>\n<li>Finanzas<\/li>\n<\/ul>\n<p>La baraja metaf\u00f3rica \u201cEl poder de la mariposa\u201d consta de 108 cartas, cada una dibujada a mano por el autor y cada una con una historia \u00fanica.<\/p>\n<p>Se pueden utilizar para trabajos en grupo, individuales o en parejas. Funcionan bien en situaciones de toma de decisiones complejas.<br \/>\nLos dibujos en las tarjetas ayudan a comprender situaciones y condiciones, desarrollar la creatividad, generar ideas y elegir la soluci\u00f3n adecuada entre varias opciones.<\/p>\n<p>Informaci\u00f3n adicional:<\/p>\n<ul>\n<li>108 tarjetas plastificadas mate con im\u00e1genes (7,5 x 10 cm)<\/li>\n<li>Instrucciones de uso (t\u00e9cnica b\u00e1sica de esparcimiento, posibles dudas)<\/li>\n<li>Una caja hecha de cart\u00f3n grueso de alta calidad;<\/li>\n<li>Peso \u2013 350 g, esquinas redondeadas;<\/li>\n<li>Disponible en ucraniano.<\/li>\n<\/ul>\n<p>Dise\u00f1ado por la artista ucraniana Iryna Komarcheva<\/p>","protected":false},"excerpt":{"rendered":"<p>Baraja metaf\u00f3rica \u201cEl poder de la mariposa\u201d<\/p>\n<p>\u201cEl poder de la mariposa\u201d es una baraja transformadora de 108 cartas dibujadas a mano, cada una inspirada en la poderosa energ\u00eda de la met\u00e1fora de la mariposa. Elaborada por la artista ucraniana Iryna Komarcheva, cada carta contiene una historia \u00fanica que se adentra en las profundidades del subconsciente, revelando problemas ocultos y fomentando el crecimiento personal. Esta baraja vers\u00e1til est\u00e1 dise\u00f1ada para guiar a personas, parejas o grupos a abordar la autorrealizaci\u00f3n, las relaciones, las creencias limitantes y las decisiones complejas de la vida.<\/p>\n<p>Caracter\u00edsticas principales:<br \/>\n\u2013 108 tarjetas laminadas mate de primera calidad (7,5 x 10 cm) con esquinas redondeadas<br \/>\n\u2013 Folleto de instrucciones para spreads y consultas<br \/>\n\u2013 Caja de almacenamiento duradera y de alta calidad.<\/p>\n<p>Ideal para la autorreflexi\u00f3n, el crecimiento personal y la resoluci\u00f3n creativa de problemas, \u201cEl poder de la mariposa\u201d abre un camino hacia la claridad y la comprensi\u00f3n para una vida equilibrada. Disponible en ucraniano.<\/p>","protected":false},"featured_media":9136,"comment_status":"open","ping_status":"closed","template":"","meta":[],"product_brand":[],"product_cat":[22,20,26,27],"product_tag":[],"class_list":{"0":"post-9133","1":"product","2":"type-product","3":"status-publish","4":"has-post-thumbnail","6":"product_cat-womens-mens","7":"product_cat-metaphorical-cards","8":"product_cat-resources","9":"product_cat-universal","11":"first","12":"instock","13":"featured","14":"taxable","15":"shipping-taxable","16":"purchasable","17":"product-type-simple"},"_links":{"self":[{"href":"https:\/\/shercards.com\/es\/wp-json\/wp\/v2\/product\/9133","targetHints":{"allow":["GET"]}}],"collection":[{"href":"https:\/\/shercards.com\/es\/wp-json\/wp\/v2\/product"}],"about":[{"href":"https:\/\/shercards.com\/es\/wp-json\/wp\/v2\/types\/product"}],"replies":[{"embeddable":true,"href":"https:\/\/shercards.com\/es\/wp-json\/wp\/v2\/comments?post=9133"}],"wp:featuredmedia":[{"embeddable":true,"href":"https:\/\/shercards.com\/es\/wp-json\/wp\/v2\/media\/9136"}],"wp:attachment":[{"href":"https:\/\/shercards.com\/es\/wp-json\/wp\/v2\/media?parent=9133"}],"wp:term":[{"taxonomy":"product_brand","embeddable":true,"href":"https:\/\/shercards.com\/es\/wp-json\/wp\/v2\/product_brand?post=9133"},{"taxonomy":"product_cat","embeddable":true,"href":"https:\/\/shercards.com\/es\/wp-json\/wp\/v2\/product_cat?post=9133"},{"taxonomy":"product_tag","embeddable":true,"href":"https:\/\/shercards.com\/es\/wp-json\/wp\/v2\/product_tag?post=9133"}],"curies":[{"name":"wp","href":"https:\/\/api.w.org\/{rel}","templated":true}]}}