{"id":9137,"date":"2024-11-15T10:11:30","date_gmt":"2024-11-15T10:11:30","guid":{"rendered":"https:\/\/shercards.com\/?post_type=product&#038;p=9137"},"modified":"2024-12-16T11:06:33","modified_gmt":"2024-12-16T11:06:33","slug":"soul-radiance-metaphorical-cards","status":"publish","type":"product","link":"https:\/\/shercards.com\/es\/producto\/soul-radiance-metaphorical-cards\/","title":{"rendered":"Cartas metaf\u00f3ricas \u201cResplandor del alma\u201d"},"content":{"rendered":"<p>\u201cSoul Radiance\u201d es una baraja universal y multifac\u00e9tica dise\u00f1ada para ayudar a los usuarios a encontrar respuestas a preguntas en cualquier \u00e1rea de la vida. Estas cartas se adentran en el subconsciente, sacando a la luz desaf\u00edos ocultos y guiando una exploraci\u00f3n m\u00e1s consciente y centrada del alma y el yo superior.<\/p>\n<p>Esta baraja es ideal para el crecimiento personal, las relaciones y los problemas financieros. Su poder transformador cambia las perspectivas, lo que permite a los usuarios ver las situaciones desde el punto de vista de un observador. Dise\u00f1ada para el autodescubrimiento profundo, el crecimiento interior y los avances personales, ofrece un camino hacia la comprensi\u00f3n y la armon\u00eda significativas.<\/p>\n<p>Cada carta es un lienzo para la interpretaci\u00f3n personal, que refleja experiencias y emociones individuales. \u201cSoul Radiance\u201d ayuda a los usuarios a superar barreras internas, sanar heridas emocionales y descubrir nuevos caminos hacia la autoexpresi\u00f3n y el equilibrio. Al trabajar a nivel subconsciente, la baraja revela emociones, creencias y patrones de pensamiento ocultos que dan forma a la vida diaria.<\/p>\n<p>Informaci\u00f3n adicional:<br \/>\n\u2013 108 tarjetas laminadas mate (7,5 x 10 cm): 72 tarjetas con ilustraciones dibujadas a mano, cada una con una historia \u00fanica y 36 tarjetas de preguntas con indicaciones duales que brindan orientaci\u00f3n enfocada para explorar temas, preguntas o situaciones espec\u00edficas;<br \/>\n\u2013 Folleto de instrucciones con t\u00e9cnicas y orientaci\u00f3n;<br \/>\n\u2013 Caja de alta calidad fabricada con cart\u00f3n art\u00edstico duradero;<br \/>\n\u2013 Disponible en ucraniano.<\/p>\n<p>Creado por Iryna Komarcheva.<\/p>","protected":false},"excerpt":{"rendered":"<div class=\"flex-shrink-0 flex flex-col relative items-end\">\n<div>\n<div class=\"pt-0\">\n<div class=\"gizmo-bot-avatar flex h-8 w-8 items-center justify-center overflow-hidden rounded-full\">\n<div class=\"relative p-1 rounded-sm flex items-center justify-center bg-token-main-surface-primary text-token-text-primary h-8 w-8\"><\/div>\n<\/div>\n<\/div>\n<\/div>\n<\/div>\n<div class=\"group\/conversation-turn relative flex w-full min-w-0 flex-col agent-turn\">\n<div class=\"flex-col gap-1 md:gap-3\">\n<div class=\"flex max-w-full flex-col flex-grow\">\n<div class=\"min-h-8 text-message flex w-full flex-col items-end gap-2 whitespace-normal break-words [.text-message+&amp;]:mt-5\" dir=\"auto\" data-message-author-role=\"assistant\" data-message-id=\"d7782d3b-ce7f-4724-86b5-944055d57003\" data-message-model-slug=\"gpt-4o\">\n<div class=\"flex w-full flex-col gap-1 empty:hidden first:pt-[3px]\">\n<div class=\"markdown prose w-full break-words dark:prose-invert dark\">\n<p><strong>Baraja de cartas metaf\u00f3rica \u201cSoul Radiance\u201d<\/strong><\/p>\n<p>Descubra el <em>Resplandor del alma<\/em>\u2014una herramienta vers\u00e1til para el autodescubrimiento y la transformaci\u00f3n. Esta baraja de 108 cartas, creada por la artista ucraniana Iryna Komarcheva, combina 72 ilustraciones dibujadas a mano con 36 tarjetas con preguntas de doble pregunta. Dise\u00f1ada para explorar las percepciones subconscientes, ayuda a los usuarios a descubrir respuestas a los desaf\u00edos de la vida en \u00e1reas como el crecimiento personal, las relaciones y la toma de decisiones.<\/p>\n<p>Perfecta para trabajar de forma individual, en pareja o en grupo, la baraja ofrece profundidad simb\u00f3lica y creatividad, gui\u00e1ndote hacia la claridad, la sanaci\u00f3n y el equilibrio. Incluye una caja de primera calidad y un folleto de instrucciones. <em>Resplandor del alma<\/em> Es tu compa\u00f1ero para una autoexploraci\u00f3n significativa.<\/p>\n<\/div>\n<\/div>\n<\/div>\n<\/div>\n<\/div>\n<\/div>","protected":false},"featured_media":9139,"comment_status":"open","ping_status":"closed","template":"","meta":[],"product_brand":[],"product_cat":[63,20,29,27],"product_tag":[],"class_list":{"0":"post-9137","1":"product","2":"type-product","3":"status-publish","4":"has-post-thumbnail","6":"product_cat-accessories","7":"product_cat-metaphorical-cards","8":"product_cat-text","9":"product_cat-universal","11":"first","12":"instock","13":"featured","14":"taxable","15":"shipping-taxable","16":"purchasable","17":"product-type-simple"},"_links":{"self":[{"href":"https:\/\/shercards.com\/es\/wp-json\/wp\/v2\/product\/9137","targetHints":{"allow":["GET"]}}],"collection":[{"href":"https:\/\/shercards.com\/es\/wp-json\/wp\/v2\/product"}],"about":[{"href":"https:\/\/shercards.com\/es\/wp-json\/wp\/v2\/types\/product"}],"replies":[{"embeddable":true,"href":"https:\/\/shercards.com\/es\/wp-json\/wp\/v2\/comments?post=9137"}],"wp:featuredmedia":[{"embeddable":true,"href":"https:\/\/shercards.com\/es\/wp-json\/wp\/v2\/media\/9139"}],"wp:attachment":[{"href":"https:\/\/shercards.com\/es\/wp-json\/wp\/v2\/media?parent=9137"}],"wp:term":[{"taxonomy":"product_brand","embeddable":true,"href":"https:\/\/shercards.com\/es\/wp-json\/wp\/v2\/product_brand?post=9137"},{"taxonomy":"product_cat","embeddable":true,"href":"https:\/\/shercards.com\/es\/wp-json\/wp\/v2\/product_cat?post=9137"},{"taxonomy":"product_tag","embeddable":true,"href":"https:\/\/shercards.com\/es\/wp-json\/wp\/v2\/product_tag?post=9137"}],"curies":[{"name":"wp","href":"https:\/\/api.w.org\/{rel}","templated":true}]}}