{"id":9143,"date":"2024-11-15T10:43:46","date_gmt":"2024-11-15T10:43:46","guid":{"rendered":"https:\/\/shercards.com\/?post_type=product&#038;p=9143"},"modified":"2024-12-16T11:06:27","modified_gmt":"2024-12-16T11:06:27","slug":"senses-metaphorical-cards","status":"publish","type":"product","link":"https:\/\/shercards.com\/es\/producto\/senses-metaphorical-cards\/","title":{"rendered":"Tarjetas metaf\u00f3ricas de los \u201csentidos\u201d"},"content":{"rendered":"<p>Tarjetas metaf\u00f3ricas \u201cSentidos\u201d: el arte del di\u00e1logo con uno mismo.<\/p>\n<p>Imagina un juego de cartas en el que cada imagen est\u00e1 llena de s\u00edmbolos, cada l\u00ednea es un susurro del subconsciente y cada significado es una llave para tu puerta interior. Eso es exactamente lo que es el juego \u201cSenses\u201d, creado para quienes buscan respuestas a las preguntas profundas de la vida y buscan la comprensi\u00f3n consigo mismos.<\/p>\n<p>Este set es m\u00e1s que solo cartas. Es un viaje a los rincones m\u00e1s rec\u00f3nditos de tu alma, una oportunidad para detenerte, respirar y escuchar tu voz interior.<\/p>\n<p>\u00bfC\u00f3mo ser\u00e1 \u00fatil \u201cSenses\u201d?<\/p>\n<ul>\n<li>Respuestas diarias: Recurre a las cartas en momentos de duda o b\u00fasqueda de la verdad. Ellas te guiar\u00e1n en tus preguntas:<br \/>\n\u2013 \u00bfQu\u00e9 necesito comprender ahora?<br \/>\n\u2013 \u00bfQu\u00e9 oportunidades se abren ante m\u00ed?<br \/>\n\u2013 \u00bfQu\u00e9 me impide avanzar?<\/li>\n<li>Un toque de creatividad: Cada tarjeta es una obra de arte. Inspiran, llenan tu imaginaci\u00f3n de nuevas im\u00e1genes y te ayudan a ver la vida desde un \u00e1ngulo diferente.<\/li>\n<li>Armon\u00eda emocional: Las cartas trabajan con tus sentimientos para ayudarte a transformar tus miedos, desbloquear tu potencial y encontrar la paz interior.<\/li>\n<li>Universalidad: Sea cual sea tu origen, estas tarjetas se convertir\u00e1n f\u00e1cilmente en tu herramienta de autodescubrimiento.<\/li>\n<\/ul>\n<p>\u00bfPor qu\u00e9 elegir \u201cSenses\u201d?<br \/>\nEste set no es solo una herramienta, es un compa\u00f1ero de tu mundo interior. Te permite comunicarte con tu yo interior, convirtiendo la vida cotidiana en un viaje m\u00e1gico hacia ti mismo. Toma los Sentidos en tus manos y ellos te hablar\u00e1n en el lenguaje de tu alma.<\/p>\n<p>Informaci\u00f3n adicional:<\/p>\n<p>\u2013 62 tarjetas con im\u00e1genes y texto;<br \/>\n\u2013 Instrucciones detalladas con varias t\u00e9cnicas para utilizar las tarjetas;<br \/>\n\u2013 Una caja de almacenamiento s\u00f3lida de alta calidad;<br \/>\n\u2013 Disponible en ucraniano.<\/p>\n<p>Creado por la psic\u00f3loga, doula, nutricionista y poeta Dariia Sayed.<\/p>\n<p>&nbsp;<\/p>","protected":false},"excerpt":{"rendered":"<p>Cartas metaf\u00f3ricas \u201cSentidos\u201d<\/p>\n<p>Ad\u00e9ntrate en un viaje de autodescubrimiento con la baraja de cartas \u201cSenses\u201d. Cada carta es una obra de arte \u00fanica, llena de s\u00edmbolos y significados, que te gu\u00eda para explorar tu mundo interior y descubrir respuestas a las preguntas m\u00e1s profundas de la vida.<\/p>\n<p>Ya sea que busque claridad, equilibrio emocional o inspiraci\u00f3n creativa, esta baraja ofrece una poderosa herramienta para la reflexi\u00f3n y la transformaci\u00f3n.<\/p>\n<p>\u00bfPor qu\u00e9 elegir \u201cSenses\u201d?<br \/>\n\u2013 Orientaci\u00f3n diaria: Encuentra respuestas a preguntas como: \u201c\u00bfQu\u00e9 me detiene?\u201d o \u201c\u00bfQu\u00e9 oportunidades me esperan?\u201d<br \/>\n\u2013 Inspiraci\u00f3n y creatividad: genere nuevas perspectivas e ideas a trav\u00e9s de obras de arte hermosas y simb\u00f3licas.<br \/>\n\u2013 Armon\u00eda Emocional: Transforma miedos, desbloquea potencial y consigue paz interior.<\/p>\n<p>Qu\u00e9 incluye:<br \/>\n\u2013 62 tarjetas bellamente dise\u00f1adas con im\u00e1genes y texto.<br \/>\n\u2013 Gu\u00eda completa con t\u00e9cnicas de utilizaci\u00f3n.<br \/>\n\u2013 Caja de almacenamiento de primera calidad.<\/p>\n<p>Creado por la psic\u00f3loga, doula y poeta Dariia Sayed, *Senses* es tu compa\u00f1ero para el crecimiento personal y la atenci\u00f3n plena. Disponible en ucraniano.<\/p>","protected":false},"featured_media":9147,"comment_status":"open","ping_status":"closed","template":"","meta":[],"product_brand":[],"product_cat":[20,33,28,26,29,27,22],"product_tag":[],"class_list":{"0":"post-9143","1":"product","2":"type-product","3":"status-publish","4":"has-post-thumbnail","6":"product_cat-metaphorical-cards","7":"product_cat-coaching-cards","8":"product_cat-portraits-archetypes-subpersonalities","9":"product_cat-resources","10":"product_cat-text","11":"product_cat-universal","12":"product_cat-womens-mens","14":"first","15":"instock","16":"featured","17":"taxable","18":"shipping-taxable","19":"purchasable","20":"product-type-simple"},"_links":{"self":[{"href":"https:\/\/shercards.com\/es\/wp-json\/wp\/v2\/product\/9143","targetHints":{"allow":["GET"]}}],"collection":[{"href":"https:\/\/shercards.com\/es\/wp-json\/wp\/v2\/product"}],"about":[{"href":"https:\/\/shercards.com\/es\/wp-json\/wp\/v2\/types\/product"}],"replies":[{"embeddable":true,"href":"https:\/\/shercards.com\/es\/wp-json\/wp\/v2\/comments?post=9143"}],"wp:featuredmedia":[{"embeddable":true,"href":"https:\/\/shercards.com\/es\/wp-json\/wp\/v2\/media\/9147"}],"wp:attachment":[{"href":"https:\/\/shercards.com\/es\/wp-json\/wp\/v2\/media?parent=9143"}],"wp:term":[{"taxonomy":"product_brand","embeddable":true,"href":"https:\/\/shercards.com\/es\/wp-json\/wp\/v2\/product_brand?post=9143"},{"taxonomy":"product_cat","embeddable":true,"href":"https:\/\/shercards.com\/es\/wp-json\/wp\/v2\/product_cat?post=9143"},{"taxonomy":"product_tag","embeddable":true,"href":"https:\/\/shercards.com\/es\/wp-json\/wp\/v2\/product_tag?post=9143"}],"curies":[{"name":"wp","href":"https:\/\/api.w.org\/{rel}","templated":true}]}}