{"id":9148,"date":"2024-11-15T11:07:43","date_gmt":"2024-11-15T11:07:43","guid":{"rendered":"https:\/\/shercards.com\/?post_type=product&#038;p=9148"},"modified":"2024-12-16T11:06:21","modified_gmt":"2024-12-16T11:06:21","slug":"reflections-over-a-cup-of-coffee-psychological-book-by-olga-alyokhina","status":"publish","type":"product","link":"https:\/\/shercards.com\/es\/producto\/reflections-over-a-cup-of-coffee-psychological-book-by-olga-alyokhina\/","title":{"rendered":"\u201cReflexiones ante una taza de caf\u00e9\u201d Libro psicol\u00f3gico de Olga Alyokhina"},"content":{"rendered":"<p><strong>\u201cReflexiones tomando caf\u00e9\u201d<\/strong> \u2013 Tu gu\u00eda personal para el autodescubrimiento<\/p>\n<p>\u00bfQu\u00e9 sucede cuando bebes caf\u00e9? M\u00e1s all\u00e1 del calor y el sabor, hay una magia silenciosa que se despliega en tu mente. Cuando te sientas solo con tu caf\u00e9, es posible que notes que te invade un estado meditativo: los pensamientos fluyen sin esfuerzo, el cuerpo se relaja y surge la claridad. Este libro te invita a aprovechar ese momento de tranquilidad para la autorreflexi\u00f3n y el crecimiento personal.<\/p>\n<p><strong>C\u00f3mo puede ayudarle este libro<\/strong><br \/>\n<em>\u201cReflexiones tomando caf\u00e9\u201d<\/em> sirve como una herramienta de autoentrenamiento suave dise\u00f1ada para:<\/p>\n<ul>\n<li>Descubra la ra\u00edz de los miedos y las dudas.<\/li>\n<li>Ayudarte a liberarte de las relaciones t\u00f3xicas y la dependencia emocional.<\/li>\n<li>Restaurar la confianza en uno mismo y reconstruir la seguridad.<\/li>\n<li>Guiarte hacia la b\u00fasqueda del equilibrio interior y la armon\u00eda emocional.<\/li>\n<li>Ense\u00f1arle a dejar ir la necesidad de validaci\u00f3n externa, fomentando la autosuficiencia.<\/li>\n<\/ul>\n<p><strong>\u00bfQu\u00e9 hace que este libro sea \u00fanico?<\/strong><\/p>\n<ul>\n<li><strong>Perspectivas resumidas:<\/strong> Cada p\u00e1gina est\u00e1 dise\u00f1ada para una reflexi\u00f3n r\u00e1pida y significativa, perfecta para explorar mientras se prepara el caf\u00e9.<\/li>\n<li><strong>Arraigado en la realidad:<\/strong> Las historias est\u00e1n inspiradas en experiencias de la vida real compartidas por personas que buscan ayuda psicol\u00f3gica, lo que las hace identificables e impactantes.<\/li>\n<li><strong>Pr\u00e1ctico y transformador:<\/strong> Una combinaci\u00f3n de experiencia psicol\u00f3gica y asesoramiento pr\u00e1ctico, dise\u00f1ada para liberar su potencial y descubrir nuevas oportunidades.<\/li>\n<\/ul>\n<p><strong>Informaci\u00f3n adicional:<\/strong><\/p>\n<ul>\n<li><strong>N\u00famero de p\u00e1ginas:<\/strong> 144<\/li>\n<li><strong>Cubrir:<\/strong> Tapa dura<\/li>\n<li><strong>Idioma:<\/strong> ucranio<\/li>\n<li><strong>Formato:<\/strong> 150 x 150 mm<\/li>\n<li><strong>Peso:<\/strong> 300 gramos<\/li>\n<li><strong>A\u00f1o de publicaci\u00f3n:<\/strong> 2024<\/li>\n<\/ul>\n<p>Creado por Olga Alyokhina, licenciada en Psicolog\u00eda, terapeuta Gestalt y psic\u00f3loga en ejercicio certificada por WIAP. Como fundadora del Centro Ucraniano para el Estudio de las Adicciones Conductuales, su misi\u00f3n es ayudar a las personas a descubrir su yo aut\u00e9ntico y vivir con un prop\u00f3sito.<\/p>\n<p>Descubra la claridad y el empoderamiento que le esperan, una pausa para el caf\u00e9 a la vez.<\/p>","protected":false},"excerpt":{"rendered":"<p><strong>Reflexiones tomando un caf\u00e9<\/strong><\/p>\n<p>Transforma tus momentos de caf\u00e9 en una reflexi\u00f3n personal significativa con este libro de autoentrenamiento de Olga Alyokhina. Con historias con las que te puedes identificar y perspectivas pr\u00e1cticas, te gu\u00eda para superar tus miedos, recuperar la confianza en ti mismo y encontrar la armon\u00eda interior.<\/p>\n<p><strong>Detalles clave:<\/strong><\/p>\n<ul>\n<li><strong>P\u00e1ginas:<\/strong> 144 | <strong>Formato:<\/strong> 150 x 150 mm<\/li>\n<li><strong>Cubrir:<\/strong> Tapa dura | <strong>Idioma:<\/strong> ucranio<\/li>\n<li><strong>Peso:<\/strong> 300 gramos | <strong>A\u00f1o de publicaci\u00f3n:<\/strong> 2024<\/li>\n<\/ul>\n<p>Perfecto para reflexiones r\u00e1pidas durante la pausa del caf\u00e9, este libro es una mezcla reflexiva de sabidur\u00eda y calidez para el crecimiento personal.<\/p>","protected":false},"featured_media":9152,"comment_status":"open","ping_status":"closed","template":"","meta":[],"product_brand":[],"product_cat":[61,40,58],"product_tag":[],"class_list":{"0":"post-9148","1":"product","2":"type-product","3":"status-publish","4":"has-post-thumbnail","6":"product_cat-books-cards","7":"product_cat-books-postcards","8":"product_cat-psychological-literature","10":"first","11":"instock","12":"featured","13":"taxable","14":"shipping-taxable","15":"purchasable","16":"product-type-simple"},"_links":{"self":[{"href":"https:\/\/shercards.com\/es\/wp-json\/wp\/v2\/product\/9148","targetHints":{"allow":["GET"]}}],"collection":[{"href":"https:\/\/shercards.com\/es\/wp-json\/wp\/v2\/product"}],"about":[{"href":"https:\/\/shercards.com\/es\/wp-json\/wp\/v2\/types\/product"}],"replies":[{"embeddable":true,"href":"https:\/\/shercards.com\/es\/wp-json\/wp\/v2\/comments?post=9148"}],"wp:featuredmedia":[{"embeddable":true,"href":"https:\/\/shercards.com\/es\/wp-json\/wp\/v2\/media\/9152"}],"wp:attachment":[{"href":"https:\/\/shercards.com\/es\/wp-json\/wp\/v2\/media?parent=9148"}],"wp:term":[{"taxonomy":"product_brand","embeddable":true,"href":"https:\/\/shercards.com\/es\/wp-json\/wp\/v2\/product_brand?post=9148"},{"taxonomy":"product_cat","embeddable":true,"href":"https:\/\/shercards.com\/es\/wp-json\/wp\/v2\/product_cat?post=9148"},{"taxonomy":"product_tag","embeddable":true,"href":"https:\/\/shercards.com\/es\/wp-json\/wp\/v2\/product_tag?post=9148"}],"curies":[{"name":"wp","href":"https:\/\/api.w.org\/{rel}","templated":true}]}}