{"id":9153,"date":"2024-11-18T12:40:05","date_gmt":"2024-11-18T12:40:05","guid":{"rendered":"https:\/\/shercards.com\/?post_type=product&#038;p=9153"},"modified":"2024-12-16T11:06:15","modified_gmt":"2024-12-16T11:06:15","slug":"warrior-of-the-spirit-metaphorical-cards","status":"publish","type":"product","link":"https:\/\/shercards.com\/es\/producto\/warrior-of-the-spirit-metaphorical-cards\/","title":{"rendered":"Cartas metaf\u00f3ricas del \u201cGuerrero del Esp\u00edritu\u201d"},"content":{"rendered":"<p><strong>\u201cGuerrero del Esp\u00edritu\u201d <\/strong>\u2013 Despierta al guerrero que llevas dentro<\/p>\n<p>\u00bfLos guerreros nacen o se hacen?<em>\u201cGuerrero del Esp\u00edritu\u201d <\/em>\u00a0La baraja te invita a abrazar a tu guerrero interior, transformando los desaf\u00edos de la vida en oportunidades de crecimiento y autodescubrimiento. Inspirada en el aclamado libro de Andriy Zelinsky \u201c<em>Anatom\u00eda de un guerrero\u201d<\/em>Esta baraja es m\u00e1s que s\u00f3lo cartas: es una gu\u00eda para superar obst\u00e1culos, alcanzar objetivos y descubrir la fuerza interior.<\/p>\n<p>Ya sea que busque claridad, motivaci\u00f3n o conocimiento, estas cartas lo ayudar\u00e1n a descubrir recursos ocultos, identificar obst\u00e1culos y lograr triunfos personales. Con tres formas estructuradas de usar las cartas (o la libertad de crear las suyas propias), tendr\u00e1 la capacidad de hacer que cada lectura sea exclusivamente suya.<\/p>\n<h3><strong>\u00bfPor qu\u00e9 elegir el MAC Deck \u201cGuerrero del Esp\u00edritu\u201d?<\/strong><\/h3>\n<ul>\n<li><strong>Ilustraciones \u00fanicas:<\/strong> Cada carta presenta un dise\u00f1o personalizado dise\u00f1ado exclusivamente para esta baraja, dando vida a la visi\u00f3n de Andriy Zelinsky.<\/li>\n<li><strong>Aforismos empoderantes:<\/strong> Seleccionadas cuidadosamente de los dos libros m\u00e1s vendidos de Zelinsky, las citas gu\u00edan e inspiran con sabidur\u00eda y claridad.<\/li>\n<li><strong>Funci\u00f3n de motivaci\u00f3n diaria:<\/strong> La caja bellamente dise\u00f1ada incluye una ventana para mostrar la tarjeta motivacional del d\u00eda elegida.<\/li>\n<\/ul>\n<h3><strong>C\u00f3mo pueden ayudarte estas tarjetas<\/strong><\/h3>\n<ul>\n<li><strong>Entiende tu camino:<\/strong> Obtenga informaci\u00f3n sobre los escenarios que puede enfrentar y c\u00f3mo abordarlos.<\/li>\n<li><strong>Alcanza tus objetivos:<\/strong> Descubra herramientas y recursos para mantenerse concentrado y motivado.<\/li>\n<li><strong>Superar barreras:<\/strong> Reconoce los obst\u00e1culos conscientes y subconscientes que te frenan.<\/li>\n<li><strong>Reflexione sobre los fracasos y los \u00e9xitos:<\/strong> Analice experiencias pasadas para comprender qu\u00e9 funcion\u00f3 y qu\u00e9 no.<\/li>\n<li><strong>Encarna el esp\u00edritu guerrero:<\/strong> Descubra lo que realmente significa ser un guerrero en el contexto de su vida.<\/li>\n<\/ul>\n<h3><strong>C\u00f3mo utilizar la baraja<\/strong><\/h3>\n<p>Elija entre tres dise\u00f1os predise\u00f1ados:<\/p>\n<ol>\n<li><em>Descubriendo el poder del d\u00eda<\/em><\/li>\n<li><em>Descubriendo un recurso interior<\/em><\/li>\n<li><em>Lograr una meta<\/em><\/li>\n<\/ol>\n<p>O crea tu propio dise\u00f1o personalizado para responder a tus preguntas espec\u00edficas.<\/p>\n<h3><strong>Informaci\u00f3n adicional:<\/strong><\/h3>\n<ul>\n<li>33 cartas;<\/li>\n<li><b>Disponible en<\/b> Ucranio;<\/li>\n<li>Caja premium con ventana para exhibir tarjetas motivacionales.\n<p><b>Creado por <\/b>Andriy Zelinsky<\/li>\n<\/ul>\n<p>Libera el poder de tu guerrero interior y conquista los desaf\u00edos de la vida con claridad y confianza.<\/p>","protected":false},"excerpt":{"rendered":"<p><strong>Guerrero del esp\u00edritu\u00a0<\/strong><\/p>\n<p>Libera tu potencial y abraza al guerrero que llevas dentro. Esta poderosa baraja de 33 cartas, inspirada en el libro de Andriy Zelinsky <em>Anatom\u00eda de un guerrero<\/em>, ofrece conocimientos, motivaci\u00f3n y claridad para superar obst\u00e1culos y alcanzar objetivos.<\/p>\n<p><strong>Caracter\u00edsticas principales:<\/strong><\/p>\n<ul>\n<li>Ilustraciones \u00fanicas y aforismos inspiradores de los libros m\u00e1s vendidos de Zelinsky.<\/li>\n<li>Tres sugerencias de spreads para orientarte o darte la libertad de crear los tuyos propios.<\/li>\n<li>Caja especial con ventana para exhibir tarjetas motivacionales.<\/li>\n<\/ul>\n<p>Idioma: Ucraniano | Autor: Andriy Zelinsky<\/p>\n<p>Convierte cada desaf\u00edo en una oportunidad de crecimiento con \u201c<em>\u201cGuerrero del Esp\u00edritu\u201d<\/em> cubierta.<\/p>","protected":false},"featured_media":9156,"comment_status":"open","ping_status":"closed","template":"","meta":[],"product_brand":[],"product_cat":[20,33,35,28,26,29,22],"product_tag":[],"class_list":{"0":"post-9153","1":"product","2":"type-product","3":"status-publish","4":"has-post-thumbnail","6":"product_cat-metaphorical-cards","7":"product_cat-coaching-cards","8":"product_cat-mono-decks-roads-houses-etc","9":"product_cat-portraits-archetypes-subpersonalities","10":"product_cat-resources","11":"product_cat-text","12":"product_cat-womens-mens","14":"first","15":"instock","16":"featured","17":"taxable","18":"shipping-taxable","19":"purchasable","20":"product-type-simple"},"_links":{"self":[{"href":"https:\/\/shercards.com\/es\/wp-json\/wp\/v2\/product\/9153","targetHints":{"allow":["GET"]}}],"collection":[{"href":"https:\/\/shercards.com\/es\/wp-json\/wp\/v2\/product"}],"about":[{"href":"https:\/\/shercards.com\/es\/wp-json\/wp\/v2\/types\/product"}],"replies":[{"embeddable":true,"href":"https:\/\/shercards.com\/es\/wp-json\/wp\/v2\/comments?post=9153"}],"wp:featuredmedia":[{"embeddable":true,"href":"https:\/\/shercards.com\/es\/wp-json\/wp\/v2\/media\/9156"}],"wp:attachment":[{"href":"https:\/\/shercards.com\/es\/wp-json\/wp\/v2\/media?parent=9153"}],"wp:term":[{"taxonomy":"product_brand","embeddable":true,"href":"https:\/\/shercards.com\/es\/wp-json\/wp\/v2\/product_brand?post=9153"},{"taxonomy":"product_cat","embeddable":true,"href":"https:\/\/shercards.com\/es\/wp-json\/wp\/v2\/product_cat?post=9153"},{"taxonomy":"product_tag","embeddable":true,"href":"https:\/\/shercards.com\/es\/wp-json\/wp\/v2\/product_tag?post=9153"}],"curies":[{"name":"wp","href":"https:\/\/api.w.org\/{rel}","templated":true}]}}