{"id":9157,"date":"2024-11-18T14:22:50","date_gmt":"2024-11-18T14:22:50","guid":{"rendered":"https:\/\/shercards.com\/?post_type=product&#038;p=9157"},"modified":"2024-12-16T11:06:09","modified_gmt":"2024-12-16T11:06:09","slug":"magic-moment-metaphorical-cards","status":"publish","type":"product","link":"https:\/\/shercards.com\/es\/producto\/magic-moment-metaphorical-cards\/","title":{"rendered":"Tarjetas metaf\u00f3ricas \u201cMomento m\u00e1gico\u201d"},"content":{"rendered":"<p><strong>\u201cMomento m\u00e1gico\u201d<\/strong>\u2013 Tu br\u00fajula interior<\/p>\n<p>La vida a menudo nos presenta desaf\u00edos que nos dejan estancados, ya sea un malentendido con un ser querido, conflictos en el trabajo o momentos de duda personal. Si bien las respuestas pueden estar en lo m\u00e1s profundo, pueden ser dif\u00edciles de descubrir. Ah\u00ed es donde se encuentra la \u201c<em>\u201cMomento m\u00e1gico\u201d<\/em> Las cartas llegan y sirven como un suave empuj\u00f3n del Universo y un puente hacia tu sabidur\u00eda interior.<\/p>\n<p>Creada por la artista de Lviv Anna Veres, esta impresionante baraja de 33 cartas combina v\u00edvidas ilustraciones con frases inspiradoras para ayudarte a encontrar claridad, motivaci\u00f3n y confianza. Cada carta act\u00faa como una gu\u00eda que te ayuda a reflexionar sobre tu situaci\u00f3n, obtener informaci\u00f3n y tomar medidas decisivas.<\/p>\n<h3><strong>\u00bfQu\u00e9 hace que las tarjetas \u201cMagic Moment\u201d sean especiales?<\/strong><\/h3>\n<ul>\n<li><strong>Obra de arte \u00fanica:<\/strong> Cada tarjeta est\u00e1 adornada con hermosas ilustraciones dibujadas a mano por Anna Veres, capturando la esencia de los momentos m\u00e1gicos de la vida.<\/li>\n<li><strong>Dise\u00f1o elegante:<\/strong> El juego incluye una caja de primera calidad que tambi\u00e9n funciona como un accesorio elegante para su escritorio, estante o chimenea.<\/li>\n<li><strong>Gu\u00eda f\u00e1cil de usar:<\/strong> El manual de instrucciones incluido ofrece m\u00faltiples t\u00e9cnicas para utilizar las tarjetas, lo que las hace perfectas tanto para principiantes como para usuarios experimentados.<\/li>\n<li><strong>Regalo considerado:<\/strong> Con su dise\u00f1o art\u00edstico y su prop\u00f3sito significativo, esta baraja es un regalo perfecto para amigos, familiares o colegas.<\/li>\n<\/ul>\n<h3><strong>\u00bfPor qu\u00e9 elegir las tarjetas \u201cMagic Moment\u201d?<\/strong><\/h3>\n<ul>\n<li><strong>Motivaci\u00f3n y concentraci\u00f3n:<\/strong> Gana confianza y claridad a medida que enfrentas los desaf\u00edos de la vida.<\/li>\n<li><strong>Orientaci\u00f3n perspicaz:<\/strong> Descubra respuestas ocultas y encuentre nuevas perspectivas para resolver dilemas personales o profesionales.<\/li>\n<li><strong>Toma de decisiones empoderada:<\/strong> Concentra tu energ\u00eda en el camino correcto y descubre soluciones creativas.<\/li>\n<\/ul>\n<h3><strong>C\u00f3mo utilizar las tarjetas<\/strong><\/h3>\n<ol>\n<li>Reflexiona sobre tu pregunta o situaci\u00f3n.<\/li>\n<li>Roba una carta para recibir un mensaje o una idea.<\/li>\n<li>Act\u00faa con confianza y prop\u00f3sito.<\/li>\n<\/ol>\n<h3><strong>Informaci\u00f3n adicional<\/strong><\/h3>\n<ul>\n<li>33 cartas;<\/li>\n<li><strong>Disponible en<\/strong> Ucranio;<\/li>\n<li><strong>A\u00f1o de publicaci\u00f3n:<\/strong> 2019;<\/li>\n<li><strong>Formato:<\/strong> Tama\u00f1o: 120 x 120 mm.<\/li>\n<li><strong>Peso:<\/strong> Peso: 162 gramos<\/li>\n<li><strong>Cubrir:<\/strong> Suave;<\/li>\n<li><strong>Incluye:<\/strong> Manual de instrucciones y caja de almacenamiento de primera calidad.<\/li>\n<\/ul>\n<p>Creado por Anna Veres.<\/p>\n<p>Desbloquea tu gu\u00eda interior y deja que el \u201c<em>\u201cMomento m\u00e1gico\u201d<\/em> Las tarjetas inspiran tu pr\u00f3ximo paso.<\/p>","protected":false},"excerpt":{"rendered":"<p><strong>Cartas asociativas metaf\u00f3ricas \u201cMomento m\u00e1gico\u201d<\/strong><\/p>\n<p>Encuentra claridad y motivaci\u00f3n con \u201c<em>\u201cMomento m\u00e1gico\u201d<\/em>, una baraja de 33 cartas bellamente ilustrada dise\u00f1ada para ayudarte a descubrir respuestas a los desaf\u00edos de la vida. Creada por la artista Anna Veres, cada carta combina ilustraciones vibrantes con frases significativas para guiar tu viaje.<\/p>\n<p><strong>Caracter\u00edsticas principales:<\/strong><\/p>\n<ul>\n<li>Ilustraciones \u00fanicas y mensajes empoderadores.<\/li>\n<li>Incluye manual de instrucciones con t\u00e9cnicas de uso.<\/li>\n<li>Viene en una caja de primera calidad para almacenamiento o exhibici\u00f3n.<\/li>\n<\/ul>\n<p>Idioma: Ucraniano | Autor e ilustrador: Anna Veres<\/p>\n<p>Deja que el \u201c<em>\u201cMomento m\u00e1gico\u201d<\/em> Las cartas ser\u00e1n tu br\u00fajula para obtener conocimiento e inspiraci\u00f3n.<\/p>","protected":false},"featured_media":9161,"comment_status":"open","ping_status":"closed","template":"","meta":[],"product_brand":[],"product_cat":[20,25,26,29,27,22],"product_tag":[],"class_list":{"0":"post-9157","1":"product","2":"type-product","3":"status-publish","4":"has-post-thumbnail","6":"product_cat-metaphorical-cards","7":"product_cat-children-teenagers-inner-child","8":"product_cat-resources","9":"product_cat-text","10":"product_cat-universal","11":"product_cat-womens-mens","13":"first","14":"instock","15":"featured","16":"taxable","17":"shipping-taxable","18":"purchasable","19":"product-type-simple"},"_links":{"self":[{"href":"https:\/\/shercards.com\/es\/wp-json\/wp\/v2\/product\/9157","targetHints":{"allow":["GET"]}}],"collection":[{"href":"https:\/\/shercards.com\/es\/wp-json\/wp\/v2\/product"}],"about":[{"href":"https:\/\/shercards.com\/es\/wp-json\/wp\/v2\/types\/product"}],"replies":[{"embeddable":true,"href":"https:\/\/shercards.com\/es\/wp-json\/wp\/v2\/comments?post=9157"}],"wp:featuredmedia":[{"embeddable":true,"href":"https:\/\/shercards.com\/es\/wp-json\/wp\/v2\/media\/9161"}],"wp:attachment":[{"href":"https:\/\/shercards.com\/es\/wp-json\/wp\/v2\/media?parent=9157"}],"wp:term":[{"taxonomy":"product_brand","embeddable":true,"href":"https:\/\/shercards.com\/es\/wp-json\/wp\/v2\/product_brand?post=9157"},{"taxonomy":"product_cat","embeddable":true,"href":"https:\/\/shercards.com\/es\/wp-json\/wp\/v2\/product_cat?post=9157"},{"taxonomy":"product_tag","embeddable":true,"href":"https:\/\/shercards.com\/es\/wp-json\/wp\/v2\/product_tag?post=9157"}],"curies":[{"name":"wp","href":"https:\/\/api.w.org\/{rel}","templated":true}]}}