{"id":9162,"date":"2024-11-19T13:59:52","date_gmt":"2024-11-19T13:59:52","guid":{"rendered":"https:\/\/shercards.com\/?post_type=product&#038;p=9162"},"modified":"2025-03-11T11:06:49","modified_gmt":"2025-03-11T11:06:49","slug":"hold-me-metaphorical-cards","status":"publish","type":"product","link":"https:\/\/shercards.com\/es\/producto\/hold-me-metaphorical-cards\/","title":{"rendered":"Tarjetas metaf\u00f3ricas \u201cAbr\u00e1zame\u201d"},"content":{"rendered":"<p><strong>\u00a0&quot;Abr\u00e1zame&quot;<\/strong> \u2013 Un viaje hacia la autocomprensi\u00f3n<\/p>\n<p>\u00bfAlguna vez has sentido una pesadez en el alma, una sensaci\u00f3n de confusi\u00f3n o desconexi\u00f3n contigo mismo? Estas emociones inquietantes suelen surgir de una falta de comprensi\u00f3n de nuestro mundo interior. Sin claridad, resulta dif\u00edcil cambiar la situaci\u00f3n.<\/p>\n<p>El <i>&quot;Abr\u00e1zame&quot;<\/i>Las cartas son una herramienta poderosa dise\u00f1ada para tender un puente entre t\u00fa y tu yo interior, fomentando la sanaci\u00f3n y el autodescubrimiento. Esta baraja ayuda a explorar las relaciones contigo mismo, no solo como adulto, sino tambi\u00e9n con tu ni\u00f1o interior, desbloqueando recuerdos, emociones y perspectivas personales ocultas.<\/p>\n<h3><strong>\u00bfQu\u00e9 hace que estas tarjetas sean \u00fanicas?<\/strong><\/h3>\n<ul>\n<li><strong>Dise\u00f1o art\u00edstico por un psic\u00f3logo:<\/strong> Cada tarjeta est\u00e1 bellamente ilustrada por Olly Skordina, psic\u00f3logo, terapeuta de arte y autor, lo que garantiza que cada imagen resuene en un nivel terap\u00e9utico.<\/li>\n<li><strong>Presentaci\u00f3n Premium:<\/strong> El juego incluye una caja de alta calidad, lo que lo convierte en un encantador complemento para la decoraci\u00f3n de su hogar o en un regalo bien pensado.<\/li>\n<li><strong>Gu\u00eda completa:<\/strong> La baraja viene con instrucciones que ofrecen varias t\u00e9cnicas para ayudarte a conectarte con tu mente subconsciente.<\/li>\n<li><strong>Regalo perfecto:<\/strong> Con su sincero prop\u00f3sito y su exquisito dise\u00f1o, estas tarjetas son un regalo significativo para seres queridos, amigos o colegas.<\/li>\n<\/ul>\n<h3><strong>\u00bfPor qu\u00e9 utilizar? <em>&quot;Abr\u00e1zame&quot;<\/em> \u00bfTarjetas?<\/strong><\/h3>\n<ul>\n<li><strong>Autodescubrimiento:<\/strong> Obtenga conocimientos m\u00e1s profundos sobre sus sentimientos y su estado interior.<\/li>\n<li><strong>Trabajo con el ni\u00f1o interior:<\/strong> Revisa los recuerdos de la infancia, descubre miedos y abraza momentos de felicidad.<\/li>\n<li><strong>Sanaci\u00f3n emocional:<\/strong> Llene a su ni\u00f1o interior de cuidados y amor, reduciendo el estr\u00e9s y el malestar.<\/li>\n<li><strong>Tranquilidad de esp\u00edritu:<\/strong> Encuentra la armon\u00eda dentro de ti mismo abordando las experiencias pasadas y las emociones actuales.<\/li>\n<\/ul>\n<h3><strong>Informaci\u00f3n adicional<\/strong><\/h3>\n<ul>\n<li>33 cartas;<\/li>\n<li><b>Disponible en <\/b>Ucranio;<\/li>\n<li><strong>Edad:<\/strong> 14+;<\/li>\n<li><strong>A\u00f1o de publicaci\u00f3n:<\/strong> 2019;<\/li>\n<li><strong>Formato:<\/strong> Tama\u00f1o: 120 x 120 mm.<\/li>\n<li><strong>Peso:<\/strong> 200 gramos;<\/li>\n<li><strong>Cubrir:<\/strong> Suave;<\/li>\n<li><strong>Incluye:<\/strong> Manual de instrucciones y caja de almacenamiento de primera calidad.<\/li>\n<\/ul>\n<p>Creado por Olly Skordina.<\/p>\n<p>Las cartas \u201cHold Me\u201d son m\u00e1s que una simple baraja: son un viaje sincero para reconectarte con tu alma y abrazar al ni\u00f1o que llevas dentro.<\/p>","protected":false},"excerpt":{"rendered":"<p><strong>Tarjetas asociativas metaf\u00f3ricas \u201cAbr\u00e1zame\u201d<\/strong><\/p>\n<p>Reconecta con tu ser interior usando <em>&quot;Abr\u00e1zame&quot;<\/em>, una baraja de 33 cartas dise\u00f1ada para el autodescubrimiento y la sanaci\u00f3n. Creada por el psic\u00f3logo y terapeuta de arte Olly Skordina, cada carta explora las emociones, los recuerdos y las relaciones con tu ni\u00f1o interior.<\/p>\n<p><strong>Caracter\u00edsticas:<\/strong><\/p>\n<ul>\n<li>Ilustraciones \u00fanicas y una caja de primera calidad.<\/li>\n<li>Incluye una gu\u00eda con t\u00e9cnicas de autorreflexi\u00f3n.<\/li>\n<li>Perfecto para reducir el estr\u00e9s y encontrar el equilibrio emocional.<\/li>\n<\/ul>\n<p>Idioma: Ucraniano | Edad: 14+ | Autor: Olly Skordina<\/p>\n<p>Comienza tu viaje de autoconocimiento con <em>&quot;Abr\u00e1zame&quot;<\/em> tarjetas.<\/p>","protected":false},"featured_media":9166,"comment_status":"open","ping_status":"closed","template":"","meta":[],"product_brand":[],"product_cat":[20,25,33,37,32,29,22],"product_tag":[],"class_list":{"0":"post-9162","1":"product","2":"type-product","3":"status-publish","4":"has-post-thumbnail","6":"product_cat-metaphorical-cards","7":"product_cat-children-teenagers-inner-child","8":"product_cat-coaching-cards","9":"product_cat-feelings-abstract-mandalas","10":"product_cat-perinatal-theme","11":"product_cat-text","12":"product_cat-womens-mens","14":"first","15":"instock","16":"featured","17":"taxable","18":"shipping-taxable","19":"purchasable","20":"product-type-simple"},"_links":{"self":[{"href":"https:\/\/shercards.com\/es\/wp-json\/wp\/v2\/product\/9162","targetHints":{"allow":["GET"]}}],"collection":[{"href":"https:\/\/shercards.com\/es\/wp-json\/wp\/v2\/product"}],"about":[{"href":"https:\/\/shercards.com\/es\/wp-json\/wp\/v2\/types\/product"}],"replies":[{"embeddable":true,"href":"https:\/\/shercards.com\/es\/wp-json\/wp\/v2\/comments?post=9162"}],"wp:featuredmedia":[{"embeddable":true,"href":"https:\/\/shercards.com\/es\/wp-json\/wp\/v2\/media\/9166"}],"wp:attachment":[{"href":"https:\/\/shercards.com\/es\/wp-json\/wp\/v2\/media?parent=9162"}],"wp:term":[{"taxonomy":"product_brand","embeddable":true,"href":"https:\/\/shercards.com\/es\/wp-json\/wp\/v2\/product_brand?post=9162"},{"taxonomy":"product_cat","embeddable":true,"href":"https:\/\/shercards.com\/es\/wp-json\/wp\/v2\/product_cat?post=9162"},{"taxonomy":"product_tag","embeddable":true,"href":"https:\/\/shercards.com\/es\/wp-json\/wp\/v2\/product_tag?post=9162"}],"curies":[{"name":"wp","href":"https:\/\/api.w.org\/{rel}","templated":true}]}}