{"id":9167,"date":"2024-11-19T14:27:23","date_gmt":"2024-11-19T14:27:23","guid":{"rendered":"https:\/\/shercards.com\/?post_type=product&#038;p=9167"},"modified":"2024-12-16T11:05:57","modified_gmt":"2024-12-16T11:05:57","slug":"wisdom-of-the-heart-metaphorical-cards","status":"publish","type":"product","link":"https:\/\/shercards.com\/es\/producto\/wisdom-of-the-heart-metaphorical-cards\/","title":{"rendered":"Cartas metaf\u00f3ricas \u201cSabidur\u00eda del coraz\u00f3n\u201d"},"content":{"rendered":"<p><strong>\u201cSabidur\u00eda del coraz\u00f3n\u201d<\/strong> \u2013 Desbloquea la gu\u00eda interior<\/p>\n<p>En momentos de duda o incertidumbre, \u00bfc\u00f3mo tomamos decisiones? A menudo recurrimos a la l\u00f3gica o la raz\u00f3n, pero estos enfoques no siempre nos brindan las respuestas que buscamos.<em>Sabidur\u00eda del coraz\u00f3n\u201d<\/em> Las cartas metaf\u00f3ricas ofrecen un camino \u00fanico hacia la comprensi\u00f3n, permiti\u00e9ndole conectarse con la sabidur\u00eda de su subconsciente: su coraz\u00f3n y su alma.<\/p>\n<p>Tu coraz\u00f3n guarda las respuestas que la l\u00f3gica y la raz\u00f3n no pueden darte. Contiene la sabidur\u00eda del universo, los ecos del pasado y los susurros del futuro. Estas cartas son una invitaci\u00f3n a escuchar esa voz interior y encontrar claridad en medio de la incertidumbre de la vida.<\/p>\n<p>Imag\u00ednate hacer las preguntas m\u00e1s profundas de la vida y recibir respuestas como:<\/p>\n<ul>\n<li><em>\u201cEl prudente mantiene su coraz\u00f3n en paz y piensa en silencio. Por eso, tranquil\u00edzate\u2026\u201d<\/em><\/li>\n<li><em>\u201cCada uno de nosotros es un vasto mundo por s\u00ed mismo, y juntos somos una galaxia ilimitada en el infinito\u201d.<\/em><\/li>\n<\/ul>\n<p>Cada tarjeta en el \u201c<em>Sabidur\u00eda del coraz\u00f3n\u201d<\/em> La baraja es como una conversaci\u00f3n tranquila con tu alma, que te ofrece orientaci\u00f3n e inspiraci\u00f3n para el momento presente.<\/p>\n<h3><strong>\u00bfQu\u00e9 hace que estas tarjetas sean \u00fanicas?<\/strong><\/h3>\n<ul>\n<li><strong>Una herramienta para la autorreflexi\u00f3n:<\/strong> Estas tarjetas est\u00e1n dise\u00f1adas para tener conversaciones profundas y honestas con tu subconsciente.<\/li>\n<li><strong>Perspectivas filos\u00f3ficas:<\/strong> Cada tarjeta contiene dichos reflexivos que resuenan en un nivel profundo, ayud\u00e1ndote a encontrar claridad y direcci\u00f3n.<\/li>\n<li><strong>Obra de arte original:<\/strong> Ilustrado con hermosas pinturas que invitan a la reflexi\u00f3n del artista, fil\u00f3sofo y pensador ucraniano Yury Nagulko.<\/li>\n<li><strong>Uso vers\u00e1til:<\/strong> El conjunto incluye una gu\u00eda con t\u00e9cnicas para trabajar con las cartas: establecer intenciones para el d\u00eda, explorar preguntas espec\u00edficas, encontrar recursos o inspirarse. Tambi\u00e9n puedes crear tus propios m\u00e9todos para usar las cartas.<\/li>\n<li><strong>Presentaci\u00f3n elegante:<\/strong> Las tarjetas vienen en una caja de alta calidad, lo que las convierte en una sorprendente adici\u00f3n a su colecci\u00f3n personal o un regalo significativo para sus seres queridos.<\/li>\n<\/ul>\n<h3><strong>Por qu\u00e9 &quot;<em>Sabidur\u00eda del coraz\u00f3n\u201d<\/em> Las tarjetas te ser\u00e1n \u00fatiles<\/strong><\/h3>\n<ul>\n<li>Reciba orientaci\u00f3n personalizada e intuitiva para cualquier situaci\u00f3n.<\/li>\n<li>Encuentra inspiraci\u00f3n a trav\u00e9s de reflexiones po\u00e9ticas y filos\u00f3ficas que resuenan con tu alma.<\/li>\n<li>Mejora tu conexi\u00f3n con tu ser interior, descubriendo claridad y equilibrio en tu vida.<\/li>\n<li>Deleite a sus amigos, familiares o colegas con un regalo \u00fanico y bien pensado.<\/li>\n<\/ul>\n<h3><strong>Informaci\u00f3n adicional<\/strong><\/h3>\n<ul>\n<li>33 cartas;<\/li>\n<li><b>Disponible en <\/b>Ucranio;<\/li>\n<li><strong>Edad:<\/strong> 16+;<\/li>\n<li><strong>Cubrir:<\/strong> Suave;<\/li>\n<li><strong>A\u00f1o de publicaci\u00f3n:<\/strong> 2022;<\/li>\n<li><strong>Peso:<\/strong> 180 gramos;<\/li>\n<li><strong>Formato:<\/strong> Tama\u00f1o: 100 x 150 mm<\/li>\n<li><strong>Incluye:<\/strong> Manual de instrucciones con m\u00faltiples t\u00e9cnicas de uso.<\/li>\n<\/ul>\n<p>Creado por Yuriy Nagulko.<\/p>\n<p>Deja que el \u201c<em>Sabidur\u00eda del coraz\u00f3n\u201d<\/em> Las cartas son tu gu\u00eda y te revelan las verdades internas que necesitas para afrontar los desaf\u00edos de la vida con gracia y confianza.<\/p>","protected":false},"excerpt":{"rendered":"<p><strong>\u201cSabidur\u00eda del coraz\u00f3n\u201d <\/strong>\u00a0\u2013 Una herramienta para la orientaci\u00f3n espiritual<\/p>\n<p>Con\u00e9ctate con tu subconsciente y descubre las respuestas de la vida con el \u201c<em>Sabidur\u00eda del coraz\u00f3n\u201d<\/em> Cartas. Dise\u00f1ada por el artista y fil\u00f3sofo ucraniano Yuriy Nagulko, esta baraja de 33 cartas ofrece conocimientos profundos a trav\u00e9s de obras de arte originales y reflexiones filos\u00f3ficas.<\/p>\n<p><strong>Caracter\u00edsticas:<\/strong><\/p>\n<ul>\n<li>T\u00e9cnicas de autorreflexi\u00f3n y establecimiento de intenciones<\/li>\n<li>Obra de arte \u00fanica de Yury Nagulko<\/li>\n<li>Caja de almacenamiento de alta calidad<\/li>\n<\/ul>\n<p>Idioma: Ucraniano | Edad: 16+ | Autor: Yuriy Nagulko<\/p>\n<p>Descubre la sabidur\u00eda interior y deja que tu coraz\u00f3n te gu\u00ede a trav\u00e9s de las incertidumbres de la vida.<\/p>","protected":false},"featured_media":9170,"comment_status":"open","ping_status":"closed","template":"","meta":[],"product_brand":[],"product_cat":[20,34,28,26,29,27,22],"product_tag":[],"class_list":{"0":"post-9167","1":"product","2":"type-product","3":"status-publish","4":"has-post-thumbnail","6":"product_cat-metaphorical-cards","7":"product_cat-kin-ancestors-scenarios","8":"product_cat-portraits-archetypes-subpersonalities","9":"product_cat-resources","10":"product_cat-text","11":"product_cat-universal","12":"product_cat-womens-mens","14":"first","15":"instock","16":"featured","17":"taxable","18":"shipping-taxable","19":"purchasable","20":"product-type-simple"},"_links":{"self":[{"href":"https:\/\/shercards.com\/es\/wp-json\/wp\/v2\/product\/9167","targetHints":{"allow":["GET"]}}],"collection":[{"href":"https:\/\/shercards.com\/es\/wp-json\/wp\/v2\/product"}],"about":[{"href":"https:\/\/shercards.com\/es\/wp-json\/wp\/v2\/types\/product"}],"replies":[{"embeddable":true,"href":"https:\/\/shercards.com\/es\/wp-json\/wp\/v2\/comments?post=9167"}],"wp:featuredmedia":[{"embeddable":true,"href":"https:\/\/shercards.com\/es\/wp-json\/wp\/v2\/media\/9170"}],"wp:attachment":[{"href":"https:\/\/shercards.com\/es\/wp-json\/wp\/v2\/media?parent=9167"}],"wp:term":[{"taxonomy":"product_brand","embeddable":true,"href":"https:\/\/shercards.com\/es\/wp-json\/wp\/v2\/product_brand?post=9167"},{"taxonomy":"product_cat","embeddable":true,"href":"https:\/\/shercards.com\/es\/wp-json\/wp\/v2\/product_cat?post=9167"},{"taxonomy":"product_tag","embeddable":true,"href":"https:\/\/shercards.com\/es\/wp-json\/wp\/v2\/product_tag?post=9167"}],"curies":[{"name":"wp","href":"https:\/\/api.w.org\/{rel}","templated":true}]}}