{"id":9172,"date":"2024-11-20T11:24:51","date_gmt":"2024-11-20T11:24:51","guid":{"rendered":"https:\/\/shercards.com\/?post_type=product&#038;p=9172"},"modified":"2024-12-16T11:05:51","modified_gmt":"2024-12-16T11:05:51","slug":"journey-through-chaos-metaphorical-cards","status":"publish","type":"product","link":"https:\/\/shercards.com\/es\/producto\/journey-through-chaos-metaphorical-cards\/","title":{"rendered":"Tarjetas metaf\u00f3ricas de \u201cViaje a trav\u00e9s del caos\u201d"},"content":{"rendered":"<p><strong>\u201cViaje a trav\u00e9s del caos\u201d<\/strong> \u2013 Descubra soluciones empresariales con tarjetas asociativas metaf\u00f3ricas reveladoras<\/p>\n<p>Navegar por las complejidades de los negocios modernos requiere m\u00e1s que solo estrategia: exige creatividad, perspicacia y la capacidad de adaptarse a los desaf\u00edos.<em>Un viaje a trav\u00e9s del caos\u201d<\/em>\u00a0Las tarjetas asociativas metaf\u00f3ricas (MAC) est\u00e1n dise\u00f1adas para dotar a empresarios, gerentes y consultores de las herramientas que necesitan para analizar, innovar y resolver problemas de manera efectiva.<\/p>\n<p>Este conjunto completo incluye <strong>135 cartas<\/strong>:<\/p>\n<ul>\n<li><strong>45 cartas<\/strong> con ilustraciones asociativas para evocar emociones y despertar la creatividad.<\/li>\n<li><strong>90 cartas<\/strong> con preguntas que invitan a la reflexi\u00f3n y tesis orientadoras para centrarse en los problemas y descubrir soluciones pr\u00e1cticas.<\/li>\n<\/ul>\n<hr \/>\n<h3><strong>C\u00f3mo trabajar con las cartas<\/strong><\/h3>\n<ol>\n<li><strong>Establece tu enfoque:<\/strong> Dibuja una tarjeta de pregunta para definir el problema o la consulta que quieres explorar.<\/li>\n<li><strong>Sum\u00e9rgete en la emoci\u00f3n:<\/strong> Seleccione una tarjeta con una ilustraci\u00f3n, obs\u00e9rvela con atenci\u00f3n y reflexione sobre sus sentimientos. Piense en qu\u00e9 le incomoda o le inspira y qu\u00e9 le impulsa a abordar.<\/li>\n<li><strong>Encuentra tu camino:<\/strong> Dibuja una tarjeta de tesis como gu\u00eda y obt\u00e9n claridad sobre c\u00f3mo abordar o resolver el problema.<\/li>\n<\/ol>\n<p>Para obtener t\u00e9cnicas m\u00e1s detalladas, consulte las instrucciones incluidas en el kit.<\/p>\n<hr \/>\n<h3><strong>Por qu\u00e9 &quot;<em>Un viaje a trav\u00e9s del caos\u201d<\/em> es \u00fanico<\/strong><\/h3>\n<ul>\n<li><strong>Basado en la experiencia:<\/strong> Desarrollado en base a la <em>Equipo de poder blando<\/em> Curso educativo para alta direcci\u00f3n, enfocado en soft skills y meta-habilidades.<\/li>\n<li><strong>Informado por expertos:<\/strong> Las preguntas y tesis est\u00e1n inspiradas en talleres, conferencias y conocimientos de expertos en negocios, psic\u00f3logos y pensadores modernos.<\/li>\n<li><strong>Soluciones centradas en el negocio:<\/strong> Dise\u00f1ado para que las empresas encuentren resultados \u00f3ptimos en todas las \u00e1reas de negocio.<\/li>\n<\/ul>\n<hr \/>\n<h3><strong>\u00bfQui\u00e9n puede beneficiarse?<\/strong><\/h3>\n<ul>\n<li>Emprendedores que buscan elevar sus estrategias de negocio.<\/li>\n<li>Propietarios de negocios que enfrentan desaf\u00edos complejos.<\/li>\n<li>Gerentes superiores y medios que buscan mejorar el rendimiento del equipo.<\/li>\n<li>Consultores de negocios que buscan conocimientos m\u00e1s profundos.<\/li>\n<li>Entrenadores y capacitadores que necesitan herramientas innovadoras.<\/li>\n<li>L\u00edderes de RRHH que buscan mejorar la din\u00e1mica y el compromiso del equipo.<\/li>\n<\/ul>\n<hr \/>\n<h3><strong>C\u00f3mo te ayudar\u00e1n las cartas<\/strong><\/h3>\n<ul>\n<li><strong>An\u00e1lisis de riesgos:<\/strong> Identificar y anticipar los riesgos potenciales del proyecto.<\/li>\n<li><strong>Evaluaci\u00f3n del empleado:<\/strong> Descubra a los miembros del equipo m\u00e1s efectivos y creativos.<\/li>\n<li><strong>Impacto de la decisi\u00f3n:<\/strong> Proyectar las consecuencias de las decisiones clave antes de su implementaci\u00f3n.<\/li>\n<li><strong>Identificaci\u00f3n de obst\u00e1culos:<\/strong> Reconocer las barreras conscientes e inconscientes para el progreso.<\/li>\n<li><strong>Perspectivas de participaci\u00f3n:<\/strong> Comprenda por qu\u00e9 los empleados pueden perder la motivaci\u00f3n y la participaci\u00f3n.<\/li>\n<li><strong>Sesiones estrat\u00e9gicas:<\/strong> Enriquezca las reuniones de lluvia de ideas y de estrategia con nuevas perspectivas.<\/li>\n<\/ul>\n<hr \/>\n<h3><strong>Informaci\u00f3n adicional<\/strong><\/h3>\n<ul>\n<li><strong>N\u00famero de tarjetas:<\/strong> 135<\/li>\n<li><strong>Idioma:<\/strong> ucranio<\/li>\n<li><strong>Cubrir:<\/strong> Tapa dura<\/li>\n<li><strong>A\u00f1o de publicaci\u00f3n:<\/strong> 2023<\/li>\n<li><strong>Peso:<\/strong> 600 gramos<\/li>\n<li><strong>Formato:<\/strong> 16 x 11 x 4 cm<\/li>\n<\/ul>\n<p>Transforme su enfoque hacia la resoluci\u00f3n de problemas y el desarrollo del equipo con \u201c<em>Un viaje a trav\u00e9s del caos\u201d<\/em> MAC. Deje que las tarjetas le gu\u00eden hacia nuevos conocimientos, mejores decisiones y un entorno empresarial m\u00e1s productivo.<\/p>","protected":false},"excerpt":{"rendered":"<p><strong>Viaje a trav\u00e9s del caos MAC<\/strong> \u2013 Potencie su negocio con informaci\u00f3n<\/p>\n<p>Este conjunto de 135 tarjetas combina ilustraciones asociativas y tesis orientadoras para ayudar a los empresarios, gerentes y consultores a afrontar los desaf\u00edos empresariales. Ideales para el an\u00e1lisis de riesgos, la evaluaci\u00f3n de empleados y las sesiones estrat\u00e9gicas, las tarjetas brindan un enfoque creativo para la toma de decisiones y la resoluci\u00f3n de problemas.<\/p>\n<p><strong>Caracter\u00edsticas:<\/strong><\/p>\n<ul>\n<li>45 tarjetas con ilustraciones y 90 tarjetas con preguntas\/tesis.<\/li>\n<li>Basado en talleres y cursos educativos dirigidos por expertos.<\/li>\n<li>Incluye instrucciones para diversas aplicaciones.<\/li>\n<\/ul>\n<p><strong>Idioma:<\/strong> Ucraniano | <strong>A\u00f1o:<\/strong> 2023 | <strong>Formato:<\/strong> 16 x 11 x 4 cm<\/p>\n<p>Descubra la claridad y la innovaci\u00f3n con \u201c<em>Un viaje a trav\u00e9s del caos\u201d<\/em>.<\/p>","protected":false},"featured_media":9177,"comment_status":"open","ping_status":"closed","template":"","meta":[],"product_brand":[],"product_cat":[20,33,31,26,29,27,22],"product_tag":[],"class_list":{"0":"post-9172","1":"product","2":"type-product","3":"status-publish","4":"has-post-thumbnail","6":"product_cat-metaphorical-cards","7":"product_cat-coaching-cards","8":"product_cat-money-business-professions","9":"product_cat-resources","10":"product_cat-text","11":"product_cat-universal","12":"product_cat-womens-mens","14":"first","15":"instock","16":"featured","17":"taxable","18":"shipping-taxable","19":"purchasable","20":"product-type-simple"},"_links":{"self":[{"href":"https:\/\/shercards.com\/es\/wp-json\/wp\/v2\/product\/9172","targetHints":{"allow":["GET"]}}],"collection":[{"href":"https:\/\/shercards.com\/es\/wp-json\/wp\/v2\/product"}],"about":[{"href":"https:\/\/shercards.com\/es\/wp-json\/wp\/v2\/types\/product"}],"replies":[{"embeddable":true,"href":"https:\/\/shercards.com\/es\/wp-json\/wp\/v2\/comments?post=9172"}],"wp:featuredmedia":[{"embeddable":true,"href":"https:\/\/shercards.com\/es\/wp-json\/wp\/v2\/media\/9177"}],"wp:attachment":[{"href":"https:\/\/shercards.com\/es\/wp-json\/wp\/v2\/media?parent=9172"}],"wp:term":[{"taxonomy":"product_brand","embeddable":true,"href":"https:\/\/shercards.com\/es\/wp-json\/wp\/v2\/product_brand?post=9172"},{"taxonomy":"product_cat","embeddable":true,"href":"https:\/\/shercards.com\/es\/wp-json\/wp\/v2\/product_cat?post=9172"},{"taxonomy":"product_tag","embeddable":true,"href":"https:\/\/shercards.com\/es\/wp-json\/wp\/v2\/product_tag?post=9172"}],"curies":[{"name":"wp","href":"https:\/\/api.w.org\/{rel}","templated":true}]}}