{"id":9179,"date":"2024-11-20T11:56:23","date_gmt":"2024-11-20T11:56:23","guid":{"rendered":"https:\/\/shercards.com\/?post_type=product&#038;p=9179"},"modified":"2024-12-16T11:05:50","modified_gmt":"2024-12-16T11:05:50","slug":"soul-transformation-metaphorical-cards","status":"publish","type":"product","link":"https:\/\/shercards.com\/es\/producto\/soul-transformation-metaphorical-cards\/","title":{"rendered":"Cartas metaf\u00f3ricas de \u201cTransformaci\u00f3n del alma\u201d"},"content":{"rendered":"<p><strong>\u201cTransformaci\u00f3n del alma\u201d <\/strong>\u00a0\u2013 Descubra la gu\u00eda del Universo<\/p>\n<p>En el caos de la vida diaria, \u00bfno ser\u00eda maravilloso recibir se\u00f1ales claras del Universo? Surge una pregunta y aparece una respuesta que te gu\u00eda hacia el camino correcto. Con el \u201c<em>Transformaci\u00f3n del alma\u201d<\/em> Cartas metaf\u00f3ricas, ahora tienes una herramienta que te ayuda a conectar con tu intuici\u00f3n y descubrir los mensajes sutiles del Universo.<\/p>\n<p>Ya sea que te sientas inseguro, estancado o simplemente est\u00e9s buscando claridad, estas cartas te brindan una manera de explorar tu mundo interior e identificar pasos viables hacia la transformaci\u00f3n. Simplemente plantea tu pregunta, saca una carta y deja que sus ideas te gu\u00eden.<\/p>\n<hr \/>\n<h3><strong>C\u00f3mo funciona<\/strong><\/h3>\n<ol>\n<li>Conc\u00e9ntrese en su pregunta o desaf\u00edo.<\/li>\n<li>Saca una tarjeta y estudia su ilustraci\u00f3n y mensaje.<\/li>\n<li>Reflexiona sobre c\u00f3mo se relaciona con tu situaci\u00f3n y qu\u00e9 acciones inspira.<\/li>\n<li>Da el primer paso, confiando en que el Universo apoyar\u00e1 tu viaje.<\/li>\n<\/ol>\n<hr \/>\n<h3><strong>Por qu\u00e9 &quot;<em>Transformaci\u00f3n del alma\u201d<\/em> es \u00fanico<\/strong><\/h3>\n<ul>\n<li><strong>Inspiraci\u00f3n art\u00edstica:<\/strong> Cada carta presenta ilustraciones de la reconocida artista Lisa Ray, lo que hace que la baraja sea tan visualmente impactante como significativa.<\/li>\n<li><strong>Presentaci\u00f3n elegante:<\/strong> Viene en una caja de alta calidad, convirtiendo la plataforma en una hermosa adici\u00f3n a su hogar o espacio de trabajo.<\/li>\n<li><strong>Gu\u00eda pr\u00e1ctica:<\/strong> Incluye un manual de instrucciones con m\u00faltiples formas de utilizar las tarjetas, adaptado tanto a principiantes como a usuarios experimentados.<\/li>\n<li><strong>Regalo significativo:<\/strong> Perfecto como regalo para seres queridos, amigos o colegas.<\/li>\n<\/ul>\n<hr \/>\n<h3><strong>C\u00f3mo le beneficiar\u00e1n estas tarjetas<\/strong><\/h3>\n<ul>\n<li>Recibe consejos para mejorar tu vida y mentalidad.<\/li>\n<li>Cambia tu perspectiva sobre ti mismo y tus emociones.<\/li>\n<li>Aclara tus valores y prioridades de vida.<\/li>\n<li>Experimente una sensaci\u00f3n m\u00e1s profunda de apoyo y conexi\u00f3n con el Universo.<\/li>\n<\/ul>\n<hr \/>\n<h3><strong>Detalles del producto<\/strong><\/h3>\n<ul>\n<li><strong>N\u00famero de tarjetas:<\/strong> 33<\/li>\n<li><strong>Idioma:<\/strong> ucranio<\/li>\n<li><strong>Cubrir:<\/strong> Suave<\/li>\n<li><strong>A\u00f1o de publicaci\u00f3n:<\/strong> 2020<\/li>\n<li><strong>Peso:<\/strong> 162 gramos<\/li>\n<li><strong>Formato:<\/strong> 120 x 120 mm<\/li>\n<\/ul>\n<p>El &quot;<em>Transformaci\u00f3n del alma\u201d<\/em>\u00a0Las cartas son m\u00e1s que una herramienta: son un puente entre tu ser interior y la sabidur\u00eda del Universo. Deja que iluminen tu camino e inspiren los cambios que has estado buscando.<\/p>","protected":false},"excerpt":{"rendered":"<p><strong>\u201cTransformaci\u00f3n del alma\u201d MAC <\/strong>\u2013 Desbloquea la sabidur\u00eda del universo<\/p>\n<p>Esta baraja de 33 cartas es la clave para descubrir los mensajes del Universo y transformar tu vida. Con impresionantes ilustraciones de Lisa Ray y consejos pr\u00e1cticos, estas cartas ofrecen claridad, conocimiento y apoyo en momentos de incertidumbre.<\/p>\n<p><strong>Caracter\u00edsticas:<\/strong><\/p>\n<ul>\n<li>Ilustrado por Lisa Ray.<\/li>\n<li>Incluye manual de instrucciones y elegante caja de almacenamiento.<\/li>\n<li>Idioma: Ucraniano | A\u00f1o: 2020 | Formato: 120 x 120 mm<\/li>\n<\/ul>\n<p>Haz una pregunta, roba una carta y deja que el \u201c<em>Transformaci\u00f3n del alma\u201d<\/em> La baraja te gu\u00eda hacia un futuro m\u00e1s brillante y alineado.<\/p>","protected":false},"featured_media":9183,"comment_status":"open","ping_status":"closed","template":"","meta":[],"product_brand":[],"product_cat":[20,25,38,37,39,28,26,29,27,22],"product_tag":[],"class_list":{"0":"post-9179","1":"product","2":"type-product","3":"status-publish","4":"has-post-thumbnail","6":"product_cat-metaphorical-cards","7":"product_cat-children-teenagers-inner-child","8":"product_cat-fairytale","9":"product_cat-feelings-abstract-mandalas","10":"product_cat-nature-animals","11":"product_cat-portraits-archetypes-subpersonalities","12":"product_cat-resources","13":"product_cat-text","14":"product_cat-universal","15":"product_cat-womens-mens","17":"first","18":"instock","19":"featured","20":"taxable","21":"shipping-taxable","22":"purchasable","23":"product-type-simple"},"_links":{"self":[{"href":"https:\/\/shercards.com\/es\/wp-json\/wp\/v2\/product\/9179","targetHints":{"allow":["GET"]}}],"collection":[{"href":"https:\/\/shercards.com\/es\/wp-json\/wp\/v2\/product"}],"about":[{"href":"https:\/\/shercards.com\/es\/wp-json\/wp\/v2\/types\/product"}],"replies":[{"embeddable":true,"href":"https:\/\/shercards.com\/es\/wp-json\/wp\/v2\/comments?post=9179"}],"wp:featuredmedia":[{"embeddable":true,"href":"https:\/\/shercards.com\/es\/wp-json\/wp\/v2\/media\/9183"}],"wp:attachment":[{"href":"https:\/\/shercards.com\/es\/wp-json\/wp\/v2\/media?parent=9179"}],"wp:term":[{"taxonomy":"product_brand","embeddable":true,"href":"https:\/\/shercards.com\/es\/wp-json\/wp\/v2\/product_brand?post=9179"},{"taxonomy":"product_cat","embeddable":true,"href":"https:\/\/shercards.com\/es\/wp-json\/wp\/v2\/product_cat?post=9179"},{"taxonomy":"product_tag","embeddable":true,"href":"https:\/\/shercards.com\/es\/wp-json\/wp\/v2\/product_tag?post=9179"}],"curies":[{"name":"wp","href":"https:\/\/api.w.org\/{rel}","templated":true}]}}