{"id":9184,"date":"2024-11-20T13:13:41","date_gmt":"2024-11-20T13:13:41","guid":{"rendered":"https:\/\/shercards.com\/?post_type=product&#038;p=9184"},"modified":"2024-12-16T11:05:25","modified_gmt":"2024-12-16T11:05:25","slug":"absolute-energy-of-love-meditation-cards","status":"publish","type":"product","link":"https:\/\/shercards.com\/es\/producto\/absolute-energy-of-love-meditation-cards\/","title":{"rendered":"Tarjetas de meditaci\u00f3n \u201cEnerg\u00eda absoluta del amor\u201d"},"content":{"rendered":"<p><strong>\u201cEnerg\u00eda Absoluta del Amor\u201d<\/strong>\u2013 Emb\u00e1rcate en un viaje transformador hacia la sabidur\u00eda interior<\/p>\n<p>Cada tarjeta en el \u201c<em>\u201cEnerg\u00eda Absoluta del Amor\u201d<\/em> La baraja es una puerta de entrada a tu Sabidur\u00eda interior, que te gu\u00eda hacia la armon\u00eda, el crecimiento espiritual y la Energ\u00eda Absoluta del Amor. A trav\u00e9s de im\u00e1genes vibrantes de los impresionantes paisajes de la Tierra y la poderosa simplicidad de la poes\u00eda tanka (versos japoneses de cinco l\u00edneas), est\u00e1s invitado a conectarte profundamente contigo mismo, meditar y abrazar el amor universal.<\/p>\n<p>Inspiradas en los principios del Reiki y la profunda poes\u00eda del emperador Meiji, estas cartas ofrecen una experiencia meditativa que trasciende las meras palabras. Los versos atemporales condensados en cinco principios fundamentales (expectativas positivas, alegr\u00eda, amor, respeto y gratitud) forman una base espiritual que cualquier persona puede practicar, independientemente de su origen o experiencia.<\/p>\n<h3><strong>Beneficios de las Tarjetas<\/strong><\/h3>\n<p>Estas tarjetas de meditaci\u00f3n ofrecen orientaci\u00f3n y apoyo en m\u00faltiples aspectos de la vida:<\/p>\n<ul>\n<li>Cultiva una pr\u00e1ctica de meditaci\u00f3n m\u00e1s profunda.<\/li>\n<li>Experimente el poder curativo de la belleza a trav\u00e9s de la poes\u00eda y las im\u00e1genes.<\/li>\n<li>Restaura el equilibrio energ\u00e9tico y resiste dolencias f\u00edsicas y emocionales.<\/li>\n<li>Mejorar la armon\u00eda interpersonal y fomentar la cooperaci\u00f3n positiva.<\/li>\n<li>Ampl\u00ede su perspectiva y alineese con los principios espirituales.<\/li>\n<\/ul>\n<h3><strong>3 formas de trabajar con las cartas<\/strong><\/h3>\n<h4><strong>1. Como pr\u00e1ctica de meditaci\u00f3n para el alma<\/strong><\/h4>\n<ul>\n<li>Sost\u00e9n la baraja y siente la activaci\u00f3n de la \u201cEnerg\u00eda Absoluta del Amor\u201d en tu coraz\u00f3n.<\/li>\n<li>Saca una carta, lee su poema lentamente (preferiblemente en voz alta) y medita sobre su significado.<\/li>\n<li>Reflexione sobre los pensamientos y emociones que surjan, anotando en un diario sus percepciones y observaciones.<\/li>\n<\/ul>\n<h4><strong>2. Como or\u00e1culo de orientaci\u00f3n<\/strong><\/h4>\n<ul>\n<li>Sost\u00e9n las cartas y conc\u00e9ntrate en tu pregunta.<\/li>\n<li>Saca una carta y lee su mensaje y palabras meditativas.<\/li>\n<li>Revisa la carta a lo largo del d\u00eda y observa c\u00f3mo su sabidur\u00eda se manifiesta en tu vida.<\/li>\n<\/ul>\n<h4><strong>3. Como docente para la pr\u00e1ctica diaria<\/strong><\/h4>\n<ul>\n<li>Trabaje con una tarjeta por d\u00eda en orden secuencial.<\/li>\n<li>Sigue la meditaci\u00f3n o las pr\u00e1cticas del Or\u00e1culo, anotando tus experiencias en un diario.<\/li>\n<li>Complete el viaje de 125 d\u00edas para abrazar las ense\u00f1anzas completas del emperador Meiji.<\/li>\n<\/ul>\n<h3><strong>Principios espirituales fundamentales de la poes\u00eda del emperador Meiji<\/strong><\/h3>\n<ol>\n<li><strong>Expectativas positivas:<\/strong> Acepta la creencia de que lo mejor est\u00e1 sucediendo ahora.<\/li>\n<li><strong>Alegr\u00eda:<\/strong> Celebra el momento presente.<\/li>\n<li><strong>Amar:<\/strong> Abre tu coraz\u00f3n al mundo.<\/li>\n<li><strong>Respeto:<\/strong> Honra a todas las personas en el camino de tu vida.<\/li>\n<li><strong>Gratitud:<\/strong> Expresar agradecimiento por cada bendici\u00f3n.<\/li>\n<\/ol>\n<p>Estos principios son verdades universales, f\u00e1ciles de entender pero transformadoras cuando se aplican de manera consistente.<\/p>\n<h3><strong>Por qu\u00e9 estas tarjetas son \u00fanicas<\/strong><\/h3>\n<ul>\n<li><strong>Inspirado en la naturaleza:<\/strong> Cada tarjeta muestra un paisaje impresionante de nuestra hermosa Tierra, conectando la pr\u00e1ctica espiritual con el mundo natural.<\/li>\n<li><strong>Tradici\u00f3n po\u00e9tica japonesa:<\/strong> Los poemas tanka infunden las cartas con energ\u00eda profunda y sabidur\u00eda eterna.<\/li>\n<li><strong>Versatilidad pr\u00e1ctica:<\/strong> Dise\u00f1ado para la meditaci\u00f3n, la orientaci\u00f3n y el crecimiento personal, adecuado para todos, no solo para practicantes de Reiki.<\/li>\n<li><strong>Dise\u00f1o bien pensado:<\/strong> Sus materiales de alta calidad y su formato compacto lo convierten en una herramienta elegante y duradera para el uso diario o como un regalo pensado para el paladar.<\/li>\n<\/ul>\n<h3><strong>Informaci\u00f3n adicional<\/strong><\/h3>\n<ul>\n<li><strong>Autor:<\/strong> Tatiana Dugelna<\/li>\n<li><strong>N\u00famero de tarjetas:<\/strong> 125<\/li>\n<li><strong>Formato:<\/strong> 90 x 120 mm<\/li>\n<li><strong>Vinculante:<\/strong> Cart\u00f3n duradero<\/li>\n<\/ul>\n<p>Deja que el \u201c<em>\u201cEnerg\u00eda Absoluta del Amor\u201d<\/em>\u00a0Convi\u00e9rtete en tu compa\u00f1ero diario en un viaje de despertar espiritual, crecimiento personal y conexi\u00f3n con la sabidur\u00eda del Universo.<\/p>","protected":false},"excerpt":{"rendered":"<p><strong>\u201cEnerg\u00eda Absoluta del Amor\u201d <\/strong>\u00a0\u2013 Un viaje hacia la armon\u00eda<\/p>\n<p>Esta baraja de 125 cartas combina im\u00e1genes de la naturaleza que te dejar\u00e1n sin aliento con poes\u00eda tanka inspirada en las ense\u00f1anzas espirituales del emperador Meiji. Perfectas para la meditaci\u00f3n, la orientaci\u00f3n o el crecimiento personal, estas cartas ayudan a restablecer el equilibrio, cultivar la atenci\u00f3n plena y abrazar el amor universal.<\/p>\n<p><strong>Caracter\u00edsticas principales:<\/strong><\/p>\n<ul>\n<li>Ilustrado con vibrantes paisajes de la Tierra.<\/li>\n<li>Incluye cinco principios de vida positiva de la poes\u00eda del emperador Meiji.<\/li>\n<li>Formato compacto (90 x 120 mm) con materiales duraderos y de alta calidad.<\/li>\n<li>Ideal tanto para principiantes como para practicantes experimentados.<\/li>\n<\/ul>\n<p>Descubra el poder transformador del amor, la poes\u00eda y la meditaci\u00f3n con estas tarjetas \u00fanicas, dise\u00f1adas para elevar su mundo interior y mejorar su vida diaria.<\/p>","protected":false},"featured_media":9187,"comment_status":"open","ping_status":"closed","template":"","meta":[],"product_brand":[],"product_cat":[20,33,35,39,26,29,27,22],"product_tag":[],"class_list":{"0":"post-9184","1":"product","2":"type-product","3":"status-publish","4":"has-post-thumbnail","6":"product_cat-metaphorical-cards","7":"product_cat-coaching-cards","8":"product_cat-mono-decks-roads-houses-etc","9":"product_cat-nature-animals","10":"product_cat-resources","11":"product_cat-text","12":"product_cat-universal","13":"product_cat-womens-mens","15":"first","16":"instock","17":"featured","18":"taxable","19":"shipping-taxable","20":"purchasable","21":"product-type-simple"},"_links":{"self":[{"href":"https:\/\/shercards.com\/es\/wp-json\/wp\/v2\/product\/9184","targetHints":{"allow":["GET"]}}],"collection":[{"href":"https:\/\/shercards.com\/es\/wp-json\/wp\/v2\/product"}],"about":[{"href":"https:\/\/shercards.com\/es\/wp-json\/wp\/v2\/types\/product"}],"replies":[{"embeddable":true,"href":"https:\/\/shercards.com\/es\/wp-json\/wp\/v2\/comments?post=9184"}],"wp:featuredmedia":[{"embeddable":true,"href":"https:\/\/shercards.com\/es\/wp-json\/wp\/v2\/media\/9187"}],"wp:attachment":[{"href":"https:\/\/shercards.com\/es\/wp-json\/wp\/v2\/media?parent=9184"}],"wp:term":[{"taxonomy":"product_brand","embeddable":true,"href":"https:\/\/shercards.com\/es\/wp-json\/wp\/v2\/product_brand?post=9184"},{"taxonomy":"product_cat","embeddable":true,"href":"https:\/\/shercards.com\/es\/wp-json\/wp\/v2\/product_cat?post=9184"},{"taxonomy":"product_tag","embeddable":true,"href":"https:\/\/shercards.com\/es\/wp-json\/wp\/v2\/product_tag?post=9184"}],"curies":[{"name":"wp","href":"https:\/\/api.w.org\/{rel}","templated":true}]}}