{"id":9238,"date":"2025-01-21T12:24:55","date_gmt":"2025-01-21T12:24:55","guid":{"rendered":"https:\/\/shercards.com\/?post_type=product&#038;p=9238"},"modified":"2025-10-29T14:10:33","modified_gmt":"2025-10-29T14:10:33","slug":"keys-to-the-world-of-emotions-psychological-board-game","status":"publish","type":"product","link":"https:\/\/shercards.com\/es\/producto\/keys-to-the-world-of-emotions-psychological-board-game\/","title":{"rendered":"Juego de mesa psicol\u00f3gico \u201cClaves del mundo de las emociones\u201d"},"content":{"rendered":"<p><strong>\u201cClaves para el mundo de las emociones\u201d<\/strong> es un juego psicol\u00f3gico \u00fanico que transforma la forma en que comprendes y gestionas las emociones. Basado en hechos reales, te presenta un mundo donde las emociones, los sentimientos y los estados toman protagonismo junto a h\u00e9roes que cambian la vida como la Gratitud, el Perd\u00f3n y la Oportunidad.<\/p>\n<p>Ideal para familias, equipos o jugadores individuales, este atractivo juego:<\/p>\n<ul>\n<li><strong>Desarrolla la alfabetizaci\u00f3n emocional (EQ):<\/strong> Aprenda a identificar, gestionar y navegar las emociones mientras construye relaciones m\u00e1s s\u00f3lidas.<\/li>\n<li><strong>Fomenta la creatividad:<\/strong> Estimula el ingenio verbal, las habilidades de comunicaci\u00f3n y el pensamiento innovador.<\/li>\n<li><strong>Promueve el aprendizaje:<\/strong> Mejora la inteligencia emocional e incluso practica ingl\u00e9s de forma divertida y relajada.<\/li>\n<\/ul>\n<p><strong>Perfecto para:<\/strong><\/p>\n<ul>\n<li>Familias y ni\u00f1os (5+)<\/li>\n<li>Grupos, equipos y empresas<\/li>\n<li>Viajes por carretera, fiestas y talleres.<\/li>\n<\/ul>\n<p><strong>\u00bfQue hay dentro?<\/strong><\/p>\n<ul>\n<li><strong>40 cartas de emociones<\/strong> \u2013 Explorar y comprender estados emocionales.<\/li>\n<li><strong>52 tarjetas de actividades<\/strong> \u2013 Tareas interactivas para un juego din\u00e1mico.<\/li>\n<li><strong>20 tarjetas \u201cEn casa\u201d<\/strong> \u2013 Descubre el \u201cclima\u201d emocional de tu hogar.<\/li>\n<li><strong>Reglas del juego<\/strong> \u2013 Instrucciones f\u00e1ciles de seguir.<\/li>\n<li><strong>Caja de hojalata duradera<\/strong> \u2013 Compacto y port\u00e1til para almacenamiento (el color de la caja puede variar).<\/li>\n<\/ul>\n<p><strong>Creado por:<\/strong> Natalia Doroshenko y Yulia Bezruk<br \/>\n<strong>Rango de edad:<\/strong> 5+<br \/>\n<strong>N\u00famero de participantes:<\/strong> 2\u201310<\/p>\n<p>Juega a \u201cLas claves del mundo de las emociones\u201d para ganar confianza, mejorar la conciencia emocional y construir conexiones significativas en la vida y en los negocios. \u00a1Un libro imprescindible para cualquiera que busque crecimiento personal y relaciones m\u00e1s s\u00f3lidas!<\/p>","protected":false},"excerpt":{"rendered":"<p>Descubra \u201cLas claves del mundo de las emociones\u201d, un juego psicol\u00f3gico dise\u00f1ado para desarrollar la inteligencia emocional (IE) a trav\u00e9s de un juego divertido e interactivo. Adecuado para familias, equipos o individuos, este juego mejora la comunicaci\u00f3n, la creatividad y la conciencia emocional.<\/p>","protected":false},"featured_media":9242,"comment_status":"open","ping_status":"closed","template":"","meta":[],"product_brand":[],"product_cat":[18,52],"product_tag":[],"class_list":{"0":"post-9238","1":"product","2":"type-product","3":"status-publish","4":"has-post-thumbnail","6":"product_cat-psychological-games-2","7":"product_cat-for-children-teenagers-family-games","9":"first","10":"instock","11":"taxable","12":"shipping-taxable","13":"purchasable","14":"product-type-simple"},"_links":{"self":[{"href":"https:\/\/shercards.com\/es\/wp-json\/wp\/v2\/product\/9238","targetHints":{"allow":["GET"]}}],"collection":[{"href":"https:\/\/shercards.com\/es\/wp-json\/wp\/v2\/product"}],"about":[{"href":"https:\/\/shercards.com\/es\/wp-json\/wp\/v2\/types\/product"}],"replies":[{"embeddable":true,"href":"https:\/\/shercards.com\/es\/wp-json\/wp\/v2\/comments?post=9238"}],"wp:featuredmedia":[{"embeddable":true,"href":"https:\/\/shercards.com\/es\/wp-json\/wp\/v2\/media\/9242"}],"wp:attachment":[{"href":"https:\/\/shercards.com\/es\/wp-json\/wp\/v2\/media?parent=9238"}],"wp:term":[{"taxonomy":"product_brand","embeddable":true,"href":"https:\/\/shercards.com\/es\/wp-json\/wp\/v2\/product_brand?post=9238"},{"taxonomy":"product_cat","embeddable":true,"href":"https:\/\/shercards.com\/es\/wp-json\/wp\/v2\/product_cat?post=9238"},{"taxonomy":"product_tag","embeddable":true,"href":"https:\/\/shercards.com\/es\/wp-json\/wp\/v2\/product_tag?post=9238"}],"curies":[{"name":"wp","href":"https:\/\/api.w.org\/{rel}","templated":true}]}}