{"id":9316,"date":"2026-02-10T09:17:34","date_gmt":"2026-02-10T09:17:34","guid":{"rendered":"https:\/\/shercards.com\/?post_type=product&#038;p=9316"},"modified":"2026-02-10T09:19:02","modified_gmt":"2026-02-10T09:19:02","slug":"metaphorical-cards-hints-for-your-soul-totem-animals","status":"publish","type":"product","link":"https:\/\/shercards.com\/es\/producto\/metaphorical-cards-hints-for-your-soul-totem-animals\/","title":{"rendered":"Cartas metaf\u00f3ricas \u00abConsejos para el alma\u00bb \u2014 Animales t\u00f3tem y gu\u00eda espiritual (versi\u00f3n en ingl\u00e9s)"},"content":{"rendered":"<p>\u201cConsejos para tu alma\u201d es m\u00e1s que una baraja de cartas metaf\u00f3ricas: es una herramienta espiritual de transformaci\u00f3n inspirada en la sabidur\u00eda ancestral, las tradiciones cham\u00e1nicas y el poder sagrado de los animales tot\u00e9micos.<br \/>\nCada carta lleva un mensaje po\u00e9tico \u00fanico dise\u00f1ado para despertar tu intuici\u00f3n, fortalecer tu poder interior, apoyar la toma de decisiones y guiarte en tu viaje personal y espiritual.<br \/>\nLa baraja te ayuda a conectarte con tu animal t\u00f3tem, descubrir fortalezas ocultas, profundizar la autoconciencia y recibir orientaci\u00f3n de tu subconsciente y mentores espirituales.<\/p>\n<p>\ud83d\udc3a Temas de la baraja:<br \/>\n\u2013 Animales t\u00f3tem<br \/>\n\u2013 Mentores espirituales<br \/>\n\u2013 Poder interior y energ\u00eda de la naturaleza<br \/>\n\u2013 Autodescubrimiento y prop\u00f3sito de vida<br \/>\n\u2013 Sabidur\u00eda cham\u00e1nica<br \/>\n\u2013 Intuici\u00f3n y transformaci\u00f3n<\/p>\n<p>\ud83d\udce6 Qu\u00e9 incluye:<br \/>\n\u2013 Caja r\u00edgida de primera calidad<br \/>\n\u2013 Baraja de cartas metaf\u00f3rica con mensajes po\u00e9ticos<br \/>\n\u2013 Gu\u00eda detallada de instrucciones y pr\u00e1cticas espirituales<br \/>\n\u2013 Pluma de ave (s\u00edmbolo de la escritura del alma)<br \/>\n\u2013 4 idiomas: ingl\u00e9s, ruso, ucraniano, espa\u00f1ol<\/p>\n<p>\ud83d\udd2e Beneficios de usar el Deck:<br \/>\n\u2013 Apoyo emocional y claridad<br \/>\n\u2013 Fortalecimiento de la sabidur\u00eda interior<br \/>\n\u2013 Una autocomprensi\u00f3n m\u00e1s profunda<br \/>\n\u2013 Orientaci\u00f3n para decisiones de vida<br \/>\n\u2013 Conexi\u00f3n con la energ\u00eda tot\u00e9mica<br \/>\n\u2013 Inspiraci\u00f3n espiritual y transformaci\u00f3n<\/p>\n<p>\ud83c\udf81 Ideal para:<br \/>\n\u2013 Buscadores espirituales<br \/>\n\u2013 Entrenadores, terapeutas, psic\u00f3logos<br \/>\n\u2013 Amantes del tarot y los or\u00e1culos<br \/>\n\u2013 Mentes creativas<br \/>\n\u2013 Regalos significativos<br \/>\n\u2013 Cualquiera que busque gu\u00eda interior<\/p>","protected":false},"excerpt":{"rendered":"<p>\u201cConsejos para tu Alma\u201d es una colecci\u00f3n de cartas metaf\u00f3ricas espirituales llenas de mensajes po\u00e9ticos y la sabidur\u00eda de los animales tot\u00e9micos. Las cartas ayudan a despertar la intuici\u00f3n, promueven el autodescubrimiento, brindan gu\u00eda espiritual e inspiran la transformaci\u00f3n personal. Incluye una caja r\u00edgida premium, una gu\u00eda, una pluma y versiones en 4 idiomas.<\/p>","protected":false},"featured_media":9319,"comment_status":"open","ping_status":"closed","template":"","meta":[],"product_brand":[],"product_cat":[33,34,20,39,28,29,27,22],"product_tag":[86,80,81,85,84,82,83,87],"class_list":{"0":"post-9316","1":"product","2":"type-product","3":"status-publish","4":"has-post-thumbnail","6":"product_cat-coaching-cards","7":"product_cat-kin-ancestors-scenarios","8":"product_cat-metaphorical-cards","9":"product_cat-nature-animals","10":"product_cat-portraits-archetypes-subpersonalities","11":"product_cat-text","12":"product_cat-universal","13":"product_cat-womens-mens","14":"product_tag-intuition-cards","15":"product_tag-metaphorical-cards","16":"product_tag-oracle-deck","17":"product_tag-self-discovery-cards","18":"product_tag-shamanic-wisdom","19":"product_tag-spiritual-cards","20":"product_tag-totem-animals","21":"product_tag-transformation-deck","23":"first","24":"instock","25":"taxable","26":"shipping-taxable","27":"purchasable","28":"product-type-simple"},"_links":{"self":[{"href":"https:\/\/shercards.com\/es\/wp-json\/wp\/v2\/product\/9316","targetHints":{"allow":["GET"]}}],"collection":[{"href":"https:\/\/shercards.com\/es\/wp-json\/wp\/v2\/product"}],"about":[{"href":"https:\/\/shercards.com\/es\/wp-json\/wp\/v2\/types\/product"}],"replies":[{"embeddable":true,"href":"https:\/\/shercards.com\/es\/wp-json\/wp\/v2\/comments?post=9316"}],"wp:featuredmedia":[{"embeddable":true,"href":"https:\/\/shercards.com\/es\/wp-json\/wp\/v2\/media\/9319"}],"wp:attachment":[{"href":"https:\/\/shercards.com\/es\/wp-json\/wp\/v2\/media?parent=9316"}],"wp:term":[{"taxonomy":"product_brand","embeddable":true,"href":"https:\/\/shercards.com\/es\/wp-json\/wp\/v2\/product_brand?post=9316"},{"taxonomy":"product_cat","embeddable":true,"href":"https:\/\/shercards.com\/es\/wp-json\/wp\/v2\/product_cat?post=9316"},{"taxonomy":"product_tag","embeddable":true,"href":"https:\/\/shercards.com\/es\/wp-json\/wp\/v2\/product_tag?post=9316"}],"curies":[{"name":"wp","href":"https:\/\/api.w.org\/{rel}","templated":true}]}}