{"id":984,"date":"2024-08-04T12:29:22","date_gmt":"2024-08-04T12:29:22","guid":{"rendered":"https:\/\/shercards.com\/index.php\/product\/metaphorical-associative-cards-sources-of-female-power-working-with-feelings-scenarios-archetypes\/"},"modified":"2025-10-20T10:44:03","modified_gmt":"2025-10-20T10:44:03","slug":"metaphorical-associative-cards-sources-of-female-power-working-with-feelings-scenarios-archetypes","status":"publish","type":"product","link":"https:\/\/shercards.com\/es\/producto\/metaphorical-associative-cards-sources-of-female-power-working-with-feelings-scenarios-archetypes\/","title":{"rendered":"Tarjetas asociativas metaf\u00f3ricas \u201cFuentes del poder femenino\u201d. Trabajo con sentimientos, escenarios, arquetipos."},"content":{"rendered":"<p><strong>Incluido en el kit para trabajar con arquetipos femeninos y masculinos.<br \/> <\/br><\/strong><strong>Autor de la baraja: Ulyana Alliance <\/strong> \u2013 psic\u00f3loga en ejercicio, coach profesional de la UCI, directora de la escuela de pr\u00e1ctica de juegos \u201cLivePlaying\u201d, creadora de los juegos \u201cConvi\u00e9rtete en el autor de tu vida\u201d, \u201cEl dinero es solo dinero\u201d y otros. Autora de los cursos para el desarrollo de la feminidad \u201cFuentes de la fuerza femenina\u201d y del juego T del mismo nombre, programas profesionales para trabajar con MAC y juegos T.<br \/>Editorial: MACards<br \/><strong>La baraja incluye:<\/strong><\/p>\n<li>Tarjetas metaf\u00f3ricas \u2013 105 uds. (tama\u00f1o: 73\u00d7109 mm, densidad: 300 g\/m2)<\/li>\n<li>Instrucciones<\/li>\n<p> <\/br> <br \/> <strong>Embalaje: <\/strong>caja<br \/>El conjunto se puede combinar con el juego \u201cFuentes del poder femenino\u201d<br \/><strong>Artistas:<\/strong>nbsp;Eve Farbs, Yana Zhogova, Ksenia Yastrebova, Elena Dementyeva, Anna Noskova, Galina Lvova, Olga Peshkova, Kristina Babina, Nadezhda Slipets, Natalya Boldina, Alina Sukhanova, Maria Slavnaya, Raisa Sarafannikova, Evgeny Utkin, Elena Pankova, Marina Egorova, Lara Gendelman-Oruch, Ksenia Fedorova, Valeri Budanov.<br \/> Sea cual sea la petici\u00f3n que la mujer acuda a consulta, de una u otra manera trabajaremos con su idea de s\u00ed misma como individuo y sus roles sociales, que son los que m\u00e1s exigencias tiene sobre s\u00ed misma, las expectativas injustificadas y el dolor emocional que esto conlleva.<br \/>La baraja contiene 105 cartas de doble cara. Por un lado, hay frases de recursos. Por otro lado, hay 15 im\u00e1genes brillantes para cada uno de los 7 arquetipos femeninos, incluida una carta: un objeto o fen\u00f3meno del arquetipo y una carta: un animal tot\u00e9mico para cada arquetipo.<br \/>La base para la creaci\u00f3n de la baraja es el best-seller de la psicoanalista junguiana Jean Shinoda Bohlen \u201cDiosas en cada mujer\u201d. De las obras modernas, esta es la m\u00e1s completa, ya que describe las manifestaciones de sombra y recursos de cada arquetipo femenino hasta el m\u00e1s m\u00ednimo detalle.<br \/>La baraja \u201cFuentes de la fuerza femenina\u201d para mujeres, sobre las mujeres, sobre las condiciones, la fuerza y las posibilidades de las mujeres. Se puede utilizar para trabajar con solicitudes sobre diversos temas, cuando es necesario aclarar los roles, los escenarios y los estados emocionales de una mujer. Las im\u00e1genes y los mensajes ayudar\u00e1n a la mujer a encontrar sus rasgos \u00fanicos, sus \u201cpartes perdidas\u201d, sus talentos no descubiertos.<br \/>Funciona eficazmente en combinaci\u00f3n con otros MAC, as\u00ed como con el juego T \u201cFuentes de fuerza femenina\u201d.<br \/>Cada mujer es \u00fanica, pero la sociedad le impone est\u00e1ndares y normas que la llevan a perder el contacto consigo misma.<br \/>El conjunto est\u00e1 destinado a todos aquellos que est\u00e9n estudiando el tema de la feminidad, tanto desde el punto de vista profesional como personal.<br \/>La herramienta presentada ser\u00e1 \u00fatil para psic\u00f3logos, psicoterapeutas, especialistas en el trabajo con MAC, l\u00edderes de T-games y en el proceso de autoconocimiento.<br \/>La baraja se puede utilizar para trabajar con: <\/p>\n<ul> <\/p>\n<li>actualizaci\u00f3n del estado<\/li>\n<li >inteligencia emocional<\/li>\n<li>Comprenderte a ti mismo y tus necesidades<\/li>\n<li>buscando un recurso interno<\/li>\n<li>Autoestima<\/li>\n<li>descubriendo tu prop\u00f3sito<\/li>\n<li>b\u00fasquedanbsp; individualidad<\/li>\n<li>cualidades no aceptadas<\/li>\n<li>roles sociales<\/li>\n<li>relaciones con la pareja, los hijos, los padres y los compa\u00f1eros<\/li>\n<li>logro de objetivos y resoluci\u00f3n de problemas<\/li>\n<li>escenarios repetitivos<\/li>\n<li>beneficios secundarios<\/li>\n<li>distorsiones cognitivas<\/li>\n<p> <\/br><\/ul>\n<p> Trabajando con ambas caras de las cartas es muy f\u00e1cil encontrar y transformar creencias limitantes sobre la feminidad \u201ccorrecta\u201d, \u201cnormal\u201d, liberando la naturalidad de cada mujer.<br \/>La met\u00e1fora de las fuentes de fuerza interior da a la mujer confianza en s\u00ed misma, le ense\u00f1a a entrar en contacto con su naturaleza y los estados que conllevan emociones positivas le permiten sentir el brillo y el sabor de la vida, aportan placer y satisfacci\u00f3n.<br \/>Al cambiar conscientemente los estados de los 7 arquetipos, la mujer recibe un \u201ccontrol remoto\u201d de s\u00ed misma y de sus manifestaciones.<br \/>Las cartas de la baraja se pueden utilizar tradicionalmente tanto de forma abierta como cerrada, dependiendo del enfoque y la t\u00e9cnica que vayas a utilizar en tu trabajo.<br \/>A continuaci\u00f3n se presentan t\u00e9cnicas recomendadas para trabajar con la baraja.<br \/><strong>\u201cMi feminidad. \u00bfC\u00f3mo es ella?\u201d<\/strong><br \/>Se trata de una t\u00e9cnica que tiene como objetivo mantener una conversaci\u00f3n honesta y prolongada con uno mismo. Muy adecuada para el trabajo individual o en formato de fiesta MAC.<br \/>Gracias a JS Bolen, s\u00e9 que los siete arquetipos viven en cada uno de nosotros. Cada uno con su propia fortaleza o debilidad. Y es importante recordar que el arquetipo no es todo lo que somos, es solo una parte de nosotros que podemos controlar conscientemente, o nos controlar\u00e1 inconscientemente. Siempre hay una elecci\u00f3n.<br \/>Divide la baraja en 7 partes seg\u00fan los arquetipos.<br \/>El cliente toma una carta OT de cada mini-deck.<br \/>Haz tu pregunta sobre la carta de cada arquetipo: <\/p>\n<ul> <br > <\/p>\n<li>Pers\u00e9fone: \u00bfQu\u00e9 disfruta mi ni\u00f1a interior?<\/li>\n<li>Artemisa: \u00bfC\u00f3mo logro mis metas?<\/li>\n<li>Afrodita: \u00bfC\u00f3mo disfruto?<\/li>\n<li>Atenea: \u00bfC\u00f3mo resuelvo los problemas globales de mi vida?<\/li>\n<li>Hera: \u00bfQu\u00e9 tipo de relaci\u00f3n tengo con mi pareja?<\/li>\n<li>Dem\u00e9ter: \u00bfQu\u00e9 clase de madre soy?\/\u00bfQu\u00e9 clase de madre soy para m\u00ed misma?<\/li>\n<li> Hestia: \u00bfCu\u00e1l es mi sabidur\u00eda interior?<\/li>\n<p> <\/br><\/ul>\n<p> Observa cada carta: \u00bfQu\u00e9 muestra? \u00bfQu\u00e9 emociones evoca?<br \/>Resume tu trabajo. \u00bfHa habido aceptaci\u00f3n de tus piezas?<br \/><strong>\u201cUn d\u00eda con un arquetipo\u201d<\/strong><br \/>Elige con qu\u00e9 arquetipo te gustar\u00eda pasar el d\u00eda.<br \/>Saque la tarjeta de forma cerrada (VZ). Descubra el significado de la imagen y el mensaje. Relacione los significados de la imagen y el mensaje. Encuentre en esto un recurso para resolver las tareas de su d\u00eda.<br \/><strong>\u201cMis cualidades \/ Mi estado para una meta\u201d<\/strong><br \/>Elige un objetivo que quieras explorar. Para cada pregunta, elige una tarjeta OT. <\/p>\n<ul> <\/p>\n<li>\u00bfQu\u00e9 cualidades m\u00edas que exhibo son un obst\u00e1culo para alcanzar mi objetivo?<\/li>\n<li>\u00bfQu\u00e9 cualidades m\u00edas que reprimo son un obst\u00e1culo para alcanzar una meta?<\/li>\n<li>\u00bfQu\u00e9 cualidades m\u00edas que demuestro son un recurso para alcanzar una meta?<\/li>\n<li>\u00bfQu\u00e9 cualidades m\u00edas que me proh\u00edbo mostrar son un recurso para alcanzar un objetivo?&lt; \/li&gt; <\/br><\/ul>\n<p> Resume el trabajo realizado. Implementa en tu vida los resultados obtenidos.<br \/><strong>\u201cLa abundancia monetaria de mi vida\u201d<\/strong><br \/>T\u00e9cnica para estudiar cuestiones de dinero a trav\u00e9s del prisma de los arquetipos internos.<br \/>Para cada pregunta tomamos una carta OT de la baraja: <\/p>\n<ul> <\/p>\n<li>\u00bfA trav\u00e9s de qu\u00e9 acciones m\u00edas llega el dinero a mi vida?<\/li>\n<li>\u00bfQu\u00e9 acciones no veo, pero existen?<\/li>\n<li>\u00bfQu\u00e9 fortalezas m\u00edas puedo compartir con el mundo para recibir beneficios?<\/li>\n<li>\u00bfQu\u00e9 me ayudar\u00e1 a ver m\u00e1s oportunidades de abundancia en mi vida?<\/li>\n<p> <\/br><\/ul>\n<p> Considere cada tarjeta individualmente y aseg\u00farese de resumir los resultados finales.<\/p>\n<p> Encontrar\u00e1 m\u00e1s t\u00e9cnicas para trabajar con la baraja en las instrucciones de la baraja.<\/p>","protected":false},"excerpt":{"rendered":"<p>Incluido en el kit para trabajar con arquetipos femeninos y masculinos Autor de la baraja: Ulyana Alliance \u2013 psic\u00f3loga en ejercicio,<\/p>","protected":false},"featured_media":985,"comment_status":"open","ping_status":"open","template":"","meta":[],"product_brand":[],"product_cat":[28],"product_tag":[],"class_list":{"0":"post-984","1":"product","2":"type-product","3":"status-publish","4":"has-post-thumbnail","6":"product_cat-portraits-archetypes-subpersonalities","8":"first","9":"outofstock","10":"purchasable","11":"product-type-simple"},"_links":{"self":[{"href":"https:\/\/shercards.com\/es\/wp-json\/wp\/v2\/product\/984","targetHints":{"allow":["GET"]}}],"collection":[{"href":"https:\/\/shercards.com\/es\/wp-json\/wp\/v2\/product"}],"about":[{"href":"https:\/\/shercards.com\/es\/wp-json\/wp\/v2\/types\/product"}],"replies":[{"embeddable":true,"href":"https:\/\/shercards.com\/es\/wp-json\/wp\/v2\/comments?post=984"}],"wp:featuredmedia":[{"embeddable":true,"href":"https:\/\/shercards.com\/es\/wp-json\/wp\/v2\/media\/985"}],"wp:attachment":[{"href":"https:\/\/shercards.com\/es\/wp-json\/wp\/v2\/media?parent=984"}],"wp:term":[{"taxonomy":"product_brand","embeddable":true,"href":"https:\/\/shercards.com\/es\/wp-json\/wp\/v2\/product_brand?post=984"},{"taxonomy":"product_cat","embeddable":true,"href":"https:\/\/shercards.com\/es\/wp-json\/wp\/v2\/product_cat?post=984"},{"taxonomy":"product_tag","embeddable":true,"href":"https:\/\/shercards.com\/es\/wp-json\/wp\/v2\/product_tag?post=984"}],"curies":[{"name":"wp","href":"https:\/\/api.w.org\/{rel}","templated":true}]}}