{"id":13,"date":"2024-08-10T10:46:00","date_gmt":"2024-08-10T10:46:00","guid":{"rendered":"https:\/\/shercards.com\/?page_id=13"},"modified":"2024-10-17T09:07:50","modified_gmt":"2024-10-17T09:07:50","slug":"refund_returns","status":"publish","type":"page","link":"https:\/\/shercards.com\/et\/refund_returns\/","title":{"rendered":"Tagastamis- ja tagastuspoliitika"},"content":{"rendered":"<h4 class=\"wp-block-heading\"><strong>Meie tagastuspoliitika<\/strong><\/h4>\n\n\n\n<p>Soovime, et j\u00e4\u00e4ksite oma ostuga t\u00e4iesti rahule. Kui te ei ole mingil p\u00f5hjusel rahul, saate oma kauba tagastada 30 p\u00e4eva jooksul alates esialgsest ostukuup\u00e4evast, et saada t\u00e4ielik raha tagasi v\u00f5i vahetada.<\/p>\n\n\n\n<ul class=\"wp-block-list\">\n<li><strong>Sobivus:<\/strong> Tagastuse saamiseks peab teie toode olema kasutamata, samas seisukorras, kui selle saite, ja originaalpakendis. Teatud t\u00fc\u00fcpi kaubad, n\u00e4iteks kiiresti riknevad esemed v\u00f5i eritellimusel valmistatud tooted, on tagastamisest vabastatud.<\/li>\n\n\n\n<li><strong>Mittetagastatavad kaubad:<\/strong> J\u00e4rgmisi esemeid ei saa tagastada:\n<ul class=\"wp-block-list\">\n<li>Allalaaditavad tarkvaratooted<\/li>\n\n\n\n<li>Kinkekaardid<\/li>\n\n\n\n<li>Isikup\u00e4rastatud esemed<\/li>\n\n\n\n<li>Sooduskaubad (tagastada saab ainult tavahinnaga kaubad)<\/li>\n<\/ul>\n<\/li>\n<\/ul>\n\n\n\n<h4 class=\"wp-block-heading\"><strong>Tagastamisprotsess<\/strong><\/h4>\n\n\n\n<ol class=\"wp-block-list\">\n<li><strong>V\u00f5tke meiega \u00fchendust:<\/strong> Enne kauba tagastamist v\u00f5tke \u00fchendust meie klienditeeninduse meeskonnaga aadressil <a>info1@shercards.com<\/a> koos tellimuse numbri ja tagastamise p\u00f5hjusega. Anname teile juhised, kuidas edasi minna.<\/li>\n\n\n\n<li><strong>Saatke oma kaup:<\/strong> Kui teie tagastus on heaks kiidetud, pakkige toode turvaliselt ja saatke see meie klienditeeninduse meeskonna antud tagastusaadressile. Palun lisage originaalt\u0161ekk v\u00f5i ostut\u00f5end.<\/li>\n\n\n\n<li><strong>Tagastamise saatmiskulud:<\/strong> Kauba tagastamise eest vastutate ise oma saatmiskulude eest. Saatekulu ei kuulu tagastamisele.<\/li>\n\n\n\n<li><strong>Teie tagasimakse t\u00f6\u00f6tlemine:<\/strong> Kui oleme teie tagastatud kauba k\u00e4tte saanud ja \u00fcle vaadanud, teavitame teid teie tagasimakse kinnitamisest v\u00f5i tagasil\u00fckkamisest. Kui see on heaks kiidetud, t\u00f6\u00f6deldakse teie tagasimakset ja teatud p\u00e4evade jooksul rakendatakse teie algsele makseviisile automaatselt krediiti.<\/li>\n<\/ol>\n\n\n\n<h4 class=\"wp-block-heading\"><strong>Hilinenud v\u00f5i puuduvad tagasimaksed<\/strong><\/h4>\n\n\n\n<p>Kui te pole veel tagasimakset saanud, kontrollige esmalt uuesti oma pangakontot. Seej\u00e4rel v\u00f5tke \u00fchendust oma krediitkaardiettev\u00f5ttega; v\u00f5ib kuluda veidi aega, enne kui teie tagasimakse ametlikult postitatakse. Kui olete seda k\u00f5ike teinud ja te pole ikka veel oma tagasimakset saanud, v\u00f5tke meiega \u00fchendust aadressil <a href=\"mailto:info1@shercards.com\">info1@shercards.com<\/a>.<\/p>\n\n\n\n<h4 class=\"wp-block-heading\"><strong>Vahetused<\/strong><\/h4>\n\n\n\n<p>Kui teil on vaja m\u00f5ni toode sama vastu vahetada, saatke meile e-kiri aadressil <a href=\"mailto:info1@shercards.com\">info1@shercards.com<\/a> koos kauba andmete ja vahetuse p\u00f5hjusega. Me juhendame teid protsessi k\u00e4igus.<\/p>\n\n\n\n<h4 class=\"wp-block-heading\"><strong>Kahjustatud v\u00f5i defektsed esemed<\/strong><\/h4>\n\n\n\n<p>Kui saate kahjustatud v\u00f5i defektse kauba, v\u00f5tke meiega viivitamatult \u00fchendust aadressil <a>info1@shercards.com<\/a> toote \u00fcksikasjade ja piltidega. Teeme teiega koost\u00f6\u00f6d, et probleem kiiresti lahendada, pakkudes asendust v\u00f5i t\u00e4ielikku tagasimakset.<\/p>\n\n\n\n<h4 class=\"wp-block-heading\"><strong>Kingitused<\/strong><\/h4>\n\n\n\n<p>Kui kaup m\u00e4rgiti ostmisel kingituseks ja saadeti teile otse, saate oma tagastuse v\u00e4\u00e4rtuses kinkekrediiti. P\u00e4rast tagastatud kauba k\u00e4ttesaamist saadetakse teile kinkekaart.<\/p>\n\n\n\n<h4 class=\"wp-block-heading\"><strong>V\u00f5tke meiega \u00fchendust<\/strong><\/h4>\n\n\n\n<p>Kui teil on k\u00fcsimusi meie tagastus- ja tagasimaksepoliitika kohta, v\u00f5tke meiega \u00fchendust aadressil <a href=\"mailto:info1@shercards.com\">info1@shercards.com<\/a> v\u00f5i helistage meile numbril +372 6346 298.<\/p>","protected":false},"excerpt":{"rendered":"<p>Meie tagastuspoliitika Soovime, et j\u00e4\u00e4ksite oma ostuga igati rahule. Kui te pole millegagi rahul<\/p>","protected":false},"author":1,"featured_media":0,"parent":0,"menu_order":0,"comment_status":"closed","ping_status":"closed","template":"","meta":{"footnotes":""},"class_list":["post-13","page","type-page","status-publish","hentry"],"_links":{"self":[{"href":"https:\/\/shercards.com\/et\/wp-json\/wp\/v2\/pages\/13","targetHints":{"allow":["GET"]}}],"collection":[{"href":"https:\/\/shercards.com\/et\/wp-json\/wp\/v2\/pages"}],"about":[{"href":"https:\/\/shercards.com\/et\/wp-json\/wp\/v2\/types\/page"}],"author":[{"embeddable":true,"href":"https:\/\/shercards.com\/et\/wp-json\/wp\/v2\/users\/1"}],"replies":[{"embeddable":true,"href":"https:\/\/shercards.com\/et\/wp-json\/wp\/v2\/comments?post=13"}],"version-history":[{"count":3,"href":"https:\/\/shercards.com\/et\/wp-json\/wp\/v2\/pages\/13\/revisions"}],"predecessor-version":[{"id":9100,"href":"https:\/\/shercards.com\/et\/wp-json\/wp\/v2\/pages\/13\/revisions\/9100"}],"wp:attachment":[{"href":"https:\/\/shercards.com\/et\/wp-json\/wp\/v2\/media?parent=13"}],"curies":[{"name":"wp","href":"https:\/\/api.w.org\/{rel}","templated":true}]}}