{"id":6279,"date":"2024-08-09T15:51:09","date_gmt":"2024-08-09T15:51:09","guid":{"rendered":"http:\/\/dummy.xtemos.com\/woodmart2\/elementor\/?page_id=4400"},"modified":"2024-08-27T12:54:58","modified_gmt":"2024-08-27T12:54:58","slug":"about-us","status":"publish","type":"page","link":"https:\/\/shercards.com\/et\/about-us\/","title":{"rendered":"Meie kohta"},"content":{"rendered":"<div data-elementor-type=\"wp-page\" data-elementor-id=\"6279\" class=\"elementor elementor-6279\">\n\t\t\t\t<div class=\"elementor-element elementor-element-06c45a9 e-con-full wd-section-stretch-content e-flex e-con e-parent\" data-id=\"06c45a9\" data-element_type=\"container\" data-settings=\"{&quot;background_background&quot;:&quot;classic&quot;}\">\n\t\t\t\t<div class=\"elementor-element elementor-element-8862bed wd-width-100 elementor-widget elementor-widget-wd_title\" data-id=\"8862bed\" data-element_type=\"widget\" data-widget_type=\"wd_title.default\">\n\t\t\t\t<div class=\"elementor-widget-container\">\n\t\t\t\t\t\t\t<div class=\"title-wrapper set-mb-s reset-last-child wd-title-color-white wd-title-style-underlined wd-title-size-default text-center\">\n\n\t\t\t\n\t\t\t<div class=\"liner-continer\">\n\t\t\t\t<h1 class=\"woodmart-title-container title wd-fontsize-l\">Meist: meie teekond ja visioon<\/h1> \n\t\t\t\t\t\t\t<\/div>\n\n\t\t\t\t\t\t\t<div class=\"title-after_title set-cont-mb-s reset-last-child wd-fontsize-xs\">\n\t\t\t\t\t<p>SherCardsis oleme p\u00fchendunud sellele, et aidata teil avastada teie t\u00f5eline potentsiaal eneseleidmise ja isikliku kasvu kaudu. Avastage meie lugu, filosoofiat ja missiooni, mis ajendab meid looma \u00fclemaailmse kogukonna inspireeritud inimestest, kes on kirglikud vaimse heaolu ja loovuse vastu.<\/p>\t\t\t\t<\/div>\n\t\t\t\t\t<\/div>\n\t\t\t\t\t\t<\/div>\n\t\t\t\t<\/div>\n\t\t\t\t<\/div>\n\t\t<div class=\"wd-negative-gap elementor-element elementor-element-e47d34c e-flex e-con-boxed e-con e-parent\" data-id=\"e47d34c\" data-element_type=\"container\">\n\t\t\t\t\t<div class=\"e-con-inner\">\n\t\t\t\t<div class=\"elementor-element elementor-element-e881b3c elementor-widget__width-initial elementor-widget elementor-widget-wd_image_or_svg\" data-id=\"e881b3c\" data-element_type=\"widget\" data-widget_type=\"wd_image_or_svg.default\">\n\t\t\t\t<div class=\"elementor-widget-container\">\n\t\t\t\t\t\n\t\t<div class=\"wd-image text-left\">\n\t\t\t\t\t\t\t\t<img fetchpriority=\"high\" decoding=\"async\" width=\"1792\" height=\"1024\" src=\"https:\/\/shercards.com\/wp-content\/uploads\/2024\/08\/Who-Are-We.webp\" class=\"attachment-full size-full\" alt=\"\" srcset=\"https:\/\/shercards.com\/wp-content\/uploads\/2024\/08\/Who-Are-We.webp 1792w, https:\/\/shercards.com\/wp-content\/uploads\/2024\/08\/Who-Are-We-150x86.webp 150w, https:\/\/shercards.com\/wp-content\/uploads\/2024\/08\/Who-Are-We-600x343.webp 600w, https:\/\/shercards.com\/wp-content\/uploads\/2024\/08\/Who-Are-We-300x171.webp 300w, https:\/\/shercards.com\/wp-content\/uploads\/2024\/08\/Who-Are-We-1024x585.webp 1024w, https:\/\/shercards.com\/wp-content\/uploads\/2024\/08\/Who-Are-We-768x439.webp 768w, https:\/\/shercards.com\/wp-content\/uploads\/2024\/08\/Who-Are-We-1536x878.webp 1536w, https:\/\/shercards.com\/wp-content\/uploads\/2024\/08\/Who-Are-We-18x10.webp 18w\" sizes=\"(max-width: 1792px) 100vw, 1792px\" \/>\t\t\t\t\t<\/div>\n\n\t\t\t\t\t\t<\/div>\n\t\t\t\t<\/div>\n\t\t\t\t<div class=\"elementor-element elementor-element-127e5a6 wd-width-100 elementor-widget elementor-widget-wd_title\" data-id=\"127e5a6\" data-element_type=\"widget\" data-widget_type=\"wd_title.default\">\n\t\t\t\t<div class=\"elementor-widget-container\">\n\t\t\t\t\t\t\t<div class=\"title-wrapper set-mb-s reset-last-child wd-title-color-default wd-title-style-default wd-title-size-default text-center\">\n\n\t\t\t\n\t\t\t<div class=\"liner-continer\">\n\t\t\t\t<h4 class=\"woodmart-title-container title wd-fontsize-l\">Kes me oleme?<\/h4> \n\t\t\t\t\t\t\t<\/div>\n\n\t\t\t\t\t\t\t<div class=\"title-after_title set-cont-mb-s reset-last-child wd-fontsize-xs\">\n\t\t\t\t\t<p><span style=\"font-weight: 400\">Tere tulemast SherCardi, teie sisemiste ja t\u00f5eliste teadmiste p\u00fchamusse. Oleme enamat kui lihtsalt veebipood; oleme eluj\u00f5uline kogukond ja haridusplatvorm, mis on p\u00fchendatud eneseleidmisele ja isiklikule kasvule. SherCardsist leiate t\u00f6\u00f6riistu, mis inspireerivad enesearengut, alates metafoorsetest assotsiatiivsetest kaartidest (MAC) kuni ps\u00fchholoogiliste m\u00e4ngudeni, mis k\u00f5ik on loodud selleks, et aidata teil luua \u00fchendust oma sisemise minaga. \u00dcksk\u00f5ik, kas olete kunstiterapeut, treener v\u00f5i lihtsalt eneset\u00e4iendamise kirglik inimene, meie turg ei paku mitte ainult tooteid, vaid ka teed s\u00fcgavama m\u00f5istmise ja \u00fchenduse loomiseni. Liituge meiega ja saage osaks sarnaselt m\u00f5tlevate inimeste \u00fclemaailmsest kogukonnast, kes k\u00f5ik p\u00fc\u00fcavad avada oma t\u00f5elist potentsiaali.<\/span><\/p>\t\t\t\t<\/div>\n\t\t\t\t\t<\/div>\n\t\t\t\t\t\t<\/div>\n\t\t\t\t<\/div>\n\t\t\t\t\t<\/div>\n\t\t\t\t<\/div>\n\t\t<div class=\"wd-negative-gap elementor-element elementor-element-019071e e-flex e-con-boxed e-con e-parent\" data-id=\"019071e\" data-element_type=\"container\">\n\t\t\t\t\t<div class=\"e-con-inner\">\n\t\t\t\t<div class=\"elementor-element elementor-element-35c5414 wd-width-100 elementor-widget elementor-widget-wd_title\" data-id=\"35c5414\" data-element_type=\"widget\" data-widget_type=\"wd_title.default\">\n\t\t\t\t<div class=\"elementor-widget-container\">\n\t\t\t\t\t\t\t<div class=\"title-wrapper set-mb-s reset-last-child wd-title-color-default wd-title-style-default wd-title-size-default text-center\">\n\n\t\t\t\n\t\t\t<div class=\"liner-continer\">\n\t\t\t\t<h4 class=\"woodmart-title-container title wd-fontsize-l\">Meie filosoofia<\/h4> \n\t\t\t\t\t\t\t<\/div>\n\n\t\t\t\t\t\t\t<div class=\"title-after_title set-cont-mb-s reset-last-child wd-fontsize-xs\">\n\t\t\t\t\t<p><span style=\"font-weight: 400\">SherCardsis usume, et t\u00f5elised teadmised saavad alguse enda seest. Meie filosoofia keskendub ideele, et eneseleidmine on t\u00e4isv\u00e4\u00e4rtusliku elu v\u00f5ti. Oleme p\u00fchendunud pakkuma teile t\u00f6\u00f6riistu ja ressursse, mis on vajalikud teie sisemaailma uurimiseks ja isikliku kasvu edendamiseks. Meie missioon on luua kogukond, kus s\u00e4ravad, inspireeritud meeled saavad kokku tulla, kogemusi jagada ja \u00fchiselt kasvada. Me ei toeta mitte ainult isiklikul teekonnal olijaid, vaid ka teisi juhendavaid spetsialiste \u2013 kunstiterapeute, ps\u00fchholooge ja treenereid \u2013 pakkudes spetsiaalseid ressursse ja koolitust. SherCardsis oleme siin selleks, et teid juhendada, olenemata sellest, kas te alles alustate oma teekonda v\u00f5i s\u00fcvendate oma praktikat.<\/span><\/p>\t\t\t\t<\/div>\n\t\t\t\t\t<\/div>\n\t\t\t\t\t\t<\/div>\n\t\t\t\t<\/div>\n\t\t\t\t<div class=\"elementor-element elementor-element-90848b1 elementor-widget__width-initial elementor-widget elementor-widget-wd_image_or_svg\" data-id=\"90848b1\" data-element_type=\"widget\" data-widget_type=\"wd_image_or_svg.default\">\n\t\t\t\t<div class=\"elementor-widget-container\">\n\t\t\t\t\t\n\t\t<div class=\"wd-image text-left\">\n\t\t\t\t\t\t\t\t<img decoding=\"async\" width=\"1792\" height=\"1024\" src=\"https:\/\/shercards.com\/wp-content\/uploads\/2024\/08\/Our-Philosophy.webp\" class=\"attachment-full size-full\" alt=\"\" srcset=\"https:\/\/shercards.com\/wp-content\/uploads\/2024\/08\/Our-Philosophy.webp 1792w, https:\/\/shercards.com\/wp-content\/uploads\/2024\/08\/Our-Philosophy-150x86.webp 150w, https:\/\/shercards.com\/wp-content\/uploads\/2024\/08\/Our-Philosophy-600x343.webp 600w, https:\/\/shercards.com\/wp-content\/uploads\/2024\/08\/Our-Philosophy-300x171.webp 300w, https:\/\/shercards.com\/wp-content\/uploads\/2024\/08\/Our-Philosophy-1024x585.webp 1024w, https:\/\/shercards.com\/wp-content\/uploads\/2024\/08\/Our-Philosophy-768x439.webp 768w, https:\/\/shercards.com\/wp-content\/uploads\/2024\/08\/Our-Philosophy-1536x878.webp 1536w, https:\/\/shercards.com\/wp-content\/uploads\/2024\/08\/Our-Philosophy-18x10.webp 18w\" sizes=\"(max-width: 1792px) 100vw, 1792px\" \/>\t\t\t\t\t<\/div>\n\n\t\t\t\t\t\t<\/div>\n\t\t\t\t<\/div>\n\t\t\t\t\t<\/div>\n\t\t\t\t<\/div>\n\t\t<div class=\"wd-negative-gap elementor-element elementor-element-c195544 e-flex e-con-boxed e-con e-parent\" data-id=\"c195544\" data-element_type=\"container\">\n\t\t\t\t\t<div class=\"e-con-inner\">\n\t\t\t\t<div class=\"elementor-element elementor-element-5e51a1f elementor-widget__width-initial elementor-widget elementor-widget-wd_image_or_svg\" data-id=\"5e51a1f\" data-element_type=\"widget\" data-widget_type=\"wd_image_or_svg.default\">\n\t\t\t\t<div class=\"elementor-widget-container\">\n\t\t\t\t\t\n\t\t<div class=\"wd-image text-left\">\n\t\t\t\t\t\t\t\t<img decoding=\"async\" width=\"1792\" height=\"1024\" src=\"https:\/\/shercards.com\/wp-content\/uploads\/2024\/08\/A-Story-to-Tell.webp\" class=\"attachment-full size-full\" alt=\"Lugu, mida r\u00e4\u00e4kida\" srcset=\"https:\/\/shercards.com\/wp-content\/uploads\/2024\/08\/A-Story-to-Tell.webp 1792w, https:\/\/shercards.com\/wp-content\/uploads\/2024\/08\/A-Story-to-Tell-150x86.webp 150w, https:\/\/shercards.com\/wp-content\/uploads\/2024\/08\/A-Story-to-Tell-600x343.webp 600w, https:\/\/shercards.com\/wp-content\/uploads\/2024\/08\/A-Story-to-Tell-300x171.webp 300w, https:\/\/shercards.com\/wp-content\/uploads\/2024\/08\/A-Story-to-Tell-1024x585.webp 1024w, https:\/\/shercards.com\/wp-content\/uploads\/2024\/08\/A-Story-to-Tell-768x439.webp 768w, https:\/\/shercards.com\/wp-content\/uploads\/2024\/08\/A-Story-to-Tell-1536x878.webp 1536w, https:\/\/shercards.com\/wp-content\/uploads\/2024\/08\/A-Story-to-Tell-18x10.webp 18w\" sizes=\"(max-width: 1792px) 100vw, 1792px\" \/>\t\t\t\t\t<\/div>\n\n\t\t\t\t\t\t<\/div>\n\t\t\t\t<\/div>\n\t\t\t\t<div class=\"elementor-element elementor-element-e29172f wd-width-100 elementor-widget elementor-widget-wd_title\" data-id=\"e29172f\" data-element_type=\"widget\" data-widget_type=\"wd_title.default\">\n\t\t\t\t<div class=\"elementor-widget-container\">\n\t\t\t\t\t\t\t<div class=\"title-wrapper set-mb-s reset-last-child wd-title-color-default wd-title-style-default wd-title-size-default text-center\">\n\n\t\t\t\n\t\t\t<div class=\"liner-continer\">\n\t\t\t\t<h4 class=\"woodmart-title-container title wd-fontsize-l\">Lugu, mida r\u00e4\u00e4kida<\/h4> \n\t\t\t\t\t\t\t<\/div>\n\n\t\t\t\t\t\t\t<div class=\"title-after_title set-cont-mb-s reset-last-child wd-fontsize-xs\">\n\t\t\t\t\t<p><span style=\"font-weight: 400\">SherCardsi lugu sai alguse lihtsast, kuid v\u00f5imsast ideest: luua ruum, kus inimesed saaksid uurida ja omaks v\u00f5tta oma t\u00f5elist olemust. Meie asutajad, kes on s\u00fcgavalt juurdunud kunstiteraapia ja enesearengu p\u00f5him\u00f5tetesse, n\u00e4gid ette platvormi, mis toimiks nii turu kui ka kogukonna keskusena. Nad soovisid rajada koha, kus inimesed k\u00f5ikidest eluvaldkondadest saaksid leida t\u00f6\u00f6riistu, ressursse ja tuge, mida nad vajavad kasvamiseks. Algusest peale on SherCards olnud rohkem kui lihtsalt toodete m\u00fc\u00fck; see on teadlike, loovate inimeste \u00fclemaailmse kogukonna edendamine, kes on kirglikud eneseleidmise vastu. J\u00e4tkuvalt kasvades oleme p\u00fchendunud sellele visioonile, pakkudes mitte ainult eneset\u00e4iendamise vahendeid, vaid ka kohta, kuhu saate t\u00f5eliselt kuuluda.<\/span><\/p>\t\t\t\t<\/div>\n\t\t\t\t\t<\/div>\n\t\t\t\t\t\t<\/div>\n\t\t\t\t<\/div>\n\t\t\t\t\t<\/div>\n\t\t\t\t<\/div>\n\t\t\t\t<\/div>","protected":false},"excerpt":{"rendered":"<p>Meist: meie teekond ja visioon SherCardsis oleme p\u00fchendunud sellele, et aidata teil avastada teie t\u00f5eline potentsiaal l\u00e4bi eneseavastamise<\/p>","protected":false},"author":1,"featured_media":0,"parent":0,"menu_order":0,"comment_status":"closed","ping_status":"closed","template":"","meta":{"footnotes":""},"class_list":["post-6279","page","type-page","status-publish","hentry"],"_links":{"self":[{"href":"https:\/\/shercards.com\/et\/wp-json\/wp\/v2\/pages\/6279","targetHints":{"allow":["GET"]}}],"collection":[{"href":"https:\/\/shercards.com\/et\/wp-json\/wp\/v2\/pages"}],"about":[{"href":"https:\/\/shercards.com\/et\/wp-json\/wp\/v2\/types\/page"}],"author":[{"embeddable":true,"href":"https:\/\/shercards.com\/et\/wp-json\/wp\/v2\/users\/1"}],"replies":[{"embeddable":true,"href":"https:\/\/shercards.com\/et\/wp-json\/wp\/v2\/comments?post=6279"}],"version-history":[{"count":4,"href":"https:\/\/shercards.com\/et\/wp-json\/wp\/v2\/pages\/6279\/revisions"}],"predecessor-version":[{"id":8877,"href":"https:\/\/shercards.com\/et\/wp-json\/wp\/v2\/pages\/6279\/revisions\/8877"}],"wp:attachment":[{"href":"https:\/\/shercards.com\/et\/wp-json\/wp\/v2\/media?parent=6279"}],"curies":[{"name":"wp","href":"https:\/\/api.w.org\/{rel}","templated":true}]}}