{"id":8813,"date":"2024-08-10T10:44:34","date_gmt":"2024-08-10T10:44:34","guid":{"rendered":"https:\/\/shercards.com\/?page_id=8813"},"modified":"2024-10-17T09:06:54","modified_gmt":"2024-10-17T09:06:54","slug":"shipping-and-delivery","status":"publish","type":"page","link":"https:\/\/shercards.com\/et\/shipping-and-delivery\/","title":{"rendered":"Kohaletoimetamine ja kohaletoimetamine"},"content":{"rendered":"<h4 class=\"wp-block-heading\"><strong>T\u00f6\u00f6tlemise aeg<\/strong><\/h4>\n\n\n\n<p>K\u00f5ik tellimused t\u00f6\u00f6deldakse 1-2 t\u00f6\u00f6p\u00e4eva jooksul p\u00e4rast tellimuse kinnituse e-kirja saamist. Kui tellimus on saadetud, saate uue teate. Pange t\u00e4hele, et t\u00f6\u00f6tlemisajad v\u00f5ivad k\u00f5rghooajal v\u00f5i etten\u00e4gematute asjaolude t\u00f5ttu viibida.<\/p>\n\n\n\n<h4 class=\"wp-block-heading\"><strong>Kohaletoimetamise hinnad ja hinnangud<\/strong><\/h4>\n\n\n\n<p>Pakume erinevaid saatmisv\u00f5imalusi vastavalt teie vajadustele. Saatekulu arvutatakse ja kuvatakse kassas teie valitud tarneviisi ja kohaletoimetamise asukoha alusel.<\/p>\n\n\n\n<ul class=\"wp-block-list\">\n<li><strong>Standardne kohaletoimetamine:<\/strong> Hinnanguline kohaletoimetamine 7-14 t\u00f6\u00f6p\u00e4eva jooksul.<\/li>\n\n\n\n<li><strong>Kiire kohaletoimetamine:<\/strong> Hinnanguline kohaletoimetamine 3-5 t\u00f6\u00f6p\u00e4eva jooksul.<\/li>\n\n\n\n<li><strong>Rahvusvaheline saatmine:<\/strong> Hinnangulised tarneajad erinevad sihtkohati, tavaliselt 10\u201320 t\u00f6\u00f6p\u00e4eva.<\/li>\n<\/ul>\n\n\n\n<p>Pange t\u00e4hele, et tarneajad on hinnangulised ja v\u00f5ivad olenevalt teie asukohast ja operaatori teenusest erineda.<\/p>\n\n\n\n<h4 class=\"wp-block-heading\"><strong>Saatmine postkastidesse<\/strong><\/h4>\n\n\n\n<p>Hetkel me ei tarni postkasti. Sisestage kassasse minnes f\u00fc\u00fcsiline aadress.<\/p>\n\n\n\n<h4 class=\"wp-block-heading\"><strong>Rahvusvaheline saatmine<\/strong><\/h4>\n\n\n\n<p>Saadame enamikesse maailma riikidesse. Teie tellimuse saatmiskulud arvutatakse ja kuvatakse kassas. Pange t\u00e4hele, et rahvusvahelistele tellimustele v\u00f5ivad kehtida tollimaksud, maksud ja muud tasud, mille eest vastutab saaja.<\/p>\n\n\n\n<h4 class=\"wp-block-heading\"><strong>Tellimuse j\u00e4lgimine<\/strong><\/h4>\n\n\n\n<p>Kui teie tellimus on saadetud, saate saatmiskinnituse meili koos j\u00e4lgimisnumbriga. Saate seda numbrit kasutada oma tellimuse j\u00e4lgimiseks operaatori veebisaidi kaudu.<\/p>\n\n\n\n<h4 class=\"wp-block-heading\"><strong>Vastamata tarned<\/strong><\/h4>\n\n\n\n<p>Kui teil j\u00e4\u00e4b kohaletoimetamata, j\u00e4tab vedaja tavaliselt teavituskaardi koos juhistega, kuidas korraldada uuesti kohaletoimetamist v\u00f5i paki kohalikust depoost k\u00e4tte saada.<\/p>\n\n\n\n<h4 class=\"wp-block-heading\"><strong>Kaotatud v\u00f5i kahjustatud esemed<\/strong><\/h4>\n\n\n\n<p>Kui teie tellimus l\u00e4heb saatmise ajal kaotsi v\u00f5i saab kahjustada, v\u00f5tke meiega viivitamatult \u00fchendust aadressil <a>info1@shercards.com<\/a>. Teeme vedajaga koost\u00f6\u00f6d, et probleem v\u00f5imalikult kiiresti lahendada.<\/p>\n\n\n\n<h4 class=\"wp-block-heading\"><strong>V\u00f5tke meiega \u00fchendust<\/strong><\/h4>\n\n\n\n<p>Kui teil on saatmise ja kohaletoimetamise kohta k\u00fcsimusi, v\u00f5tke julgelt \u00fchendust meie klienditoe meeskonnaga aadressil <a>info1@shercards.com<\/a> v\u00f5i helistage meile numbril +372 6346 298<\/p>","protected":false},"excerpt":{"rendered":"<p>T\u00f6\u00f6tlemisaeg K\u00f5ik tellimused t\u00f6\u00f6deldakse 1-2 t\u00f6\u00f6p\u00e4eva jooksul p\u00e4rast tellimuse kinnituse e-kirja saamist. Saate teise<\/p>","protected":false},"author":1,"featured_media":0,"parent":0,"menu_order":0,"comment_status":"closed","ping_status":"closed","template":"","meta":{"footnotes":""},"class_list":["post-8813","page","type-page","status-publish","hentry"],"_links":{"self":[{"href":"https:\/\/shercards.com\/et\/wp-json\/wp\/v2\/pages\/8813","targetHints":{"allow":["GET"]}}],"collection":[{"href":"https:\/\/shercards.com\/et\/wp-json\/wp\/v2\/pages"}],"about":[{"href":"https:\/\/shercards.com\/et\/wp-json\/wp\/v2\/types\/page"}],"author":[{"embeddable":true,"href":"https:\/\/shercards.com\/et\/wp-json\/wp\/v2\/users\/1"}],"replies":[{"embeddable":true,"href":"https:\/\/shercards.com\/et\/wp-json\/wp\/v2\/comments?post=8813"}],"version-history":[{"count":3,"href":"https:\/\/shercards.com\/et\/wp-json\/wp\/v2\/pages\/8813\/revisions"}],"predecessor-version":[{"id":9099,"href":"https:\/\/shercards.com\/et\/wp-json\/wp\/v2\/pages\/8813\/revisions\/9099"}],"wp:attachment":[{"href":"https:\/\/shercards.com\/et\/wp-json\/wp\/v2\/media?parent=8813"}],"curies":[{"name":"wp","href":"https:\/\/api.w.org\/{rel}","templated":true}]}}