{"id":1018,"date":"2024-08-04T12:32:08","date_gmt":"2024-08-04T12:32:08","guid":{"rendered":"https:\/\/shercards.com\/index.php\/product\/metaphorical-associative-cards-business-games\/"},"modified":"2025-10-20T10:43:20","modified_gmt":"2025-10-20T10:43:20","slug":"metaphorical-associative-cards-business-games","status":"publish","type":"product","link":"https:\/\/shercards.com\/et\/toode\/metaphorical-associative-cards-business-games\/","title":{"rendered":"Metafoorsed assotsiatiivsed kaardid &quot;\u00c4rim\u00e4ngud&quot;"},"content":{"rendered":"<p>Autor \u2013 koostaja: Olga Sergeeva<br \/> Sisu: <\/p>\n<ul> <\/p>\n<li>60 kaarti, mis kujutavad 3D inimesi erinevates \u00e4ri- ja suhtlusolukordades<\/li>\n<li>juhised koos ps\u00fchhotehnikate \u00fcksikasjaliku kirjeldusega<\/li>\n<p> li&gt; <\/p>\n<li>kaardid on pakitud karpi<\/li>\n<p> <\/br><\/ul>\n<p> Kaardi suurus 73*109mm<\/p>\n<p> Kaardid v\u00f5imaldavad uurida v\u00e4liseid k\u00e4itumismustreid, aga ka sisemisi motiive ja seisundeid, kujundades hoiakuid t\u00f6\u00f6sse, kolleegidesse ja nende ametialase identiteedi suhtes. Kaardipakki saab kasutada nii mees- kui ka naispubliku individuaalses ja r\u00fchmat\u00f6\u00f6s. Metafoorilised kaardid \u201c\u00c4rim\u00e4ngud\u201d paljastavad rollirepertuaari, suhtlemisp\u00e4devused ja kliendi k\u00e4itumise harjumusp\u00e4rased strateegiad. Kaardipakk t\u00e4iendab suurep\u00e4raselt emotsionaalse l\u00e4bip\u00f5lemise s\u00fcndroomi ennetamisele ja \u00fcletamisele suunatud \u00e4rips\u00fchholoogilist m\u00e4ngu \u201cElukutse kulisside taga: Sa ei saa j\u00e4\u00e4da\u201d.<\/p>\n<p> Tekk on m\u00f5eldud ps\u00fchholoogidele, personalispetsialistidele, treeneritele, \u00e4ritreeneritele konsultatsioonide ja diagnostika l\u00e4biviimiseks, \u00e4ri- ja \u00e4rim\u00e4ngude l\u00e4biviimiseks.<br \/>Universaalsed k\u00fcsimused metafoorsete kaartide jaoks:<\/p>\n<li>Mis on pildil n\u00e4idatud?<\/li>\n<li>Mis pildil toimub?<\/li>\n<li> Kuidas inimene(ed) end sellel pildil tunneb?<\/li>\n<li>Kas n\u00e4ete ennast sellel pildil v\u00f5i olete vaatleja?<\/li>\n<li>Mida soovite pilti vaadates teha?<\/li>\n<p> &lt;li&gt;Mida sooviksite sellel pildil muuta (lisata, eemaldada)?<\/li>\n<li>Mis nime sa sellele pildile paneksid?<\/li>\n<li>Millist s\u00f5numit see pilt teie k\u00fcsimusele vastuseks kannab?<\/li>\n<p> > <\/br><br \/> Ps\u00fchhotehnika nr 1. \u201c\u00c4rikeskkond\u201d<br \/> M\u00f5elge erialasele alale, mida soovite m\u00f5ista.<br \/> T\u00f5mmake kaardipakist 3 kaarti, mis on allapoole, vastuseks k\u00fcsimustele:<\/p>\n<li>Mis minu erialal praegu toimub?<\/li>\n<li>Mis takistab minu t\u00f6\u00f6alast edu?<\/li>\n<li>Mis aitab kaasa minu saavutustele t\u00f6\u00f6l?<\/li>\n<p> <\/br><br \/> Avage iga kaart kordam\u00f6\u00f6da ja vaadake hoolikalt pilti. Milliseid tundeid ja m\u00f5tteid see sinus tekitab? Kuidas on see pilt kaardil seotud teie tegeliku eluga? Milliseid emotsioone saate v\u00e4ikese mehe jaoks &quot;t\u00e4iendada&quot;? Kui v\u00e4ikesed inimesed saaksid r\u00e4\u00e4kida, mida nad \u00fctleksid? Millise j\u00e4relduse saate sellest teha?<\/p>\n<p> Ps\u00fchhotehnika nr 2. &quot;Transformatiivne dialoog&quot;<br \/> Pidage meeles konflikti v\u00f5i ebameeldivat olukorda, mis on seotud teie ja teie kolleegi\/kliendiga. T\u00f5mmake kaardipakist \u00fckshaaval kolm kaarti, vaadates olukorda kolmest vaatenurgast: <\/p>\n<ul> <\/p>\n<li>&quot;Ma ise.&quot; Kuidas te seda olukorda n\u00e4ete?<\/li>\n<li>&quot;Erinevad.&quot; Kuidas teie kolleeg\/klient seda olukorda n\u00e4eb?<\/li>\n<li>&quot;Vaatleja.&quot; Kuidas see olukord juhusliku tunnistaja vaatevinklist v\u00e4lja n\u00e4eb.<\/li>\n<p> <\/br><\/ul>\n<p> Kui v\u00e4ikesed mehed &quot;r\u00e4\u00e4giksid&quot;, mida nad \u00fcksteisele \u00fctleksid?nbsp;Kuidas on teie arusaam n\u00fc\u00fcdseks muutunud?<\/p>\n<p> Ps\u00fchhotehnika nr 3. \u201cT\u00f6\u00f6p\u00e4evad\u201d<\/p>\n<p> T\u00f5mmake kaardipakist 5-6 kaarti pildiga allapoole ja uurige iga\u00fcks neist. R\u00e4\u00e4kige spontaanselt piltide abil lugu v\u00e4ikese mehe t\u00f6\u00f6elust. N\u00e4idisk\u00fcsimused: Mis hetkel toimub? Kes need inimesed on? Mida nad m\u00f5tlevad ja tunnevad? Mis selle olukorrani viis ja kuidas see l\u00f5peb? Kuidas on jutustatud lugu seotud teie t\u00f6\u00f6elus toimuvaga?<\/p>\n<p> Ps\u00fchhotehnika nr 4. \u201cElamine l\u00e4bi hirmu\u201d<\/p>\n<p> Tehke kindlaks oma k\u00f5ige pakilisem t\u00f6\u00f6ga seotud hirm (v\u00e4hendamine, palga v\u00e4hendamine, vallandamine artikli t\u00f5ttu, klientide puudumine, kaebus). Ja leidke pakist avalikult kaart, mis teie tunnete j\u00e4rgi seda hirmu kujutab, ja asetage see keskmesse. T\u00f5mmake n\u00e4oga allapoole kaardipakist 4 kaarti (2 iga k\u00fcsimuse kohta) vastuseks k\u00fcsimustele: &quot;Mis aitab mul nende muutustega kiiremini kohaneda?&quot; ja &quot;Millised on praeguse olukorra v\u00f5imalikud lahendused?&quot; ja asetage need kaardi \u00fcmber \u2013 hirm.<\/p>\n<p> Ps\u00fchhotehnika nr 5. \u201cT\u00f6\u00f6 on r\u00f5\u00f5m\u201d<\/p>\n<p> Valige 4 avatud v\u00f5i allapoole suunatud kaarti, mis kajastavad teie kutseala raskusi. Asetage need kaardid keskele. N\u00e4puga allapoole valige sama arv kaarte, millest saab nende raskuste \u00fcletamiseks ressurss, ja asetage need &quot;raskuste&quot; kaartide kohale. Vastake kordam\u00f6\u00f6da k\u00fcsimusele: &quot;Millise v\u00e4ikese sammu saan l\u00e4hitulevikus nende raskuste leevendamiseks ette v\u00f5tta?&quot; <\/br><\/p>","protected":false},"excerpt":{"rendered":"<p>Autor \u2013 koostaja: Olga Sergeeva Sisu: 60 kaarti, millel on kujutatud 3D-inimesi erinevates \u00e4ri- ja suhtlusolukordades juhised koos<\/p>","protected":false},"featured_media":1019,"comment_status":"open","ping_status":"open","template":"","meta":[],"product_brand":[],"product_cat":[31],"product_tag":[],"class_list":{"0":"post-1018","1":"product","2":"type-product","3":"status-publish","4":"has-post-thumbnail","6":"product_cat-money-business-professions","8":"first","9":"outofstock","10":"purchasable","11":"product-type-simple"},"_links":{"self":[{"href":"https:\/\/shercards.com\/et\/wp-json\/wp\/v2\/product\/1018","targetHints":{"allow":["GET"]}}],"collection":[{"href":"https:\/\/shercards.com\/et\/wp-json\/wp\/v2\/product"}],"about":[{"href":"https:\/\/shercards.com\/et\/wp-json\/wp\/v2\/types\/product"}],"replies":[{"embeddable":true,"href":"https:\/\/shercards.com\/et\/wp-json\/wp\/v2\/comments?post=1018"}],"wp:featuredmedia":[{"embeddable":true,"href":"https:\/\/shercards.com\/et\/wp-json\/wp\/v2\/media\/1019"}],"wp:attachment":[{"href":"https:\/\/shercards.com\/et\/wp-json\/wp\/v2\/media?parent=1018"}],"wp:term":[{"taxonomy":"product_brand","embeddable":true,"href":"https:\/\/shercards.com\/et\/wp-json\/wp\/v2\/product_brand?post=1018"},{"taxonomy":"product_cat","embeddable":true,"href":"https:\/\/shercards.com\/et\/wp-json\/wp\/v2\/product_cat?post=1018"},{"taxonomy":"product_tag","embeddable":true,"href":"https:\/\/shercards.com\/et\/wp-json\/wp\/v2\/product_tag?post=1018"}],"curies":[{"name":"wp","href":"https:\/\/api.w.org\/{rel}","templated":true}]}}