{"id":1033,"date":"2024-08-04T12:35:03","date_gmt":"2024-08-04T12:35:03","guid":{"rendered":"https:\/\/shercards.com\/index.php\/product\/metaphorical-associative-cards-scenarios-and-prohibitions\/"},"modified":"2025-10-20T10:43:20","modified_gmt":"2025-10-20T10:43:20","slug":"metaphorical-associative-cards-scenarios-and-prohibitions","status":"publish","type":"product","link":"https:\/\/shercards.com\/et\/toode\/metaphorical-associative-cards-scenarios-and-prohibitions\/","title":{"rendered":"Metafoorsed assotsiatiivsed kaardid &quot;Stsenaariumid ja keelud&quot;"},"content":{"rendered":"<p> Teki autor on Olga Vladimirovna Klimova \u2013 kliiniline, perinataalne ps\u00fchholoog. Regressiooniarst. H\u00fcpnoloog. Transformatsioonim\u00e4ngude ja MAK-i autor. <\/p>\n<p> Illustraator: Volkova Irina. <\/p>\n<p> Komplekt sisaldab: <\/p>\n<p> 1.nbsp;nbsp;nbsp;nbsp;nbsp; Illustreeritud kaardid \u201cStsenaariumid\u201d \u2013 69 tk. (suurus 58x88mm) <\/p>\n<p> 2.nbsp;nbsp;nbsp;nbsp; Raamkaardid fraasidega \u201cKeelud\u201d \u2013 54 tk. (suurus 89x113mm) <\/p>\n<p> 3.nbsp;nbsp;nbsp;nbsp; Juhend \u2013 bro\u0161\u00fc\u00fcr \u2013 1 tk. <\/p>\n<p> Materjal: matt paber \u2013 tihedus 300 g\/m, kvaliteetne tr\u00fckk.<br \/> Pakend: pappkarp teki hoiustamiseks.<br \/>V\u00e4rskendatud versioon sisaldab n\u00fc\u00fcd kahte laiendatud kaardipakki, mis sisaldavad rohkem t\u00e4ielikku nimekirja elustsenaariumidest ja vanemlikest keeldudest\/juhistest. <\/p>\n<p> &quot;Stsenaariumide&quot; tekki on t\u00e4iendatud kahte t\u00fc\u00fcpi stsenaariumitega: perekondlik ja karmaline. <\/p>\n<p> Pakis on 123 kaarti, kuid nende 2 paki kombinatsioonis saab kokku \u00fcle 3726 kombinatsiooni, mis v\u00f5imaldab laiendada t\u00f5lgenduste varieeruvust ja t\u00f6\u00f6tada suurte gruppidega. <\/p>\n<p> Komplekt &quot;Stsenaariumid ja keelud&quot; on m\u00f5eldud: <\/p>\n<p> \u00b7nbsp;nbsp;nbsp;nbsp;nbsp;nbsp; ps\u00fchholoogid, ps\u00fchhoterapeudid <\/p>\n<p> \u00b7nbsp;nbsp;nbsp;nbsp;nbsp;nbsp; treenerid, treenerid, \u00f5petajad <\/p>\n<p> \u00b7nbsp;nbsp;nbsp;nbsp;nbsp;nbsp; inimesed, kes on huvitatud ps\u00fchholoogiast <\/p>\n<p> Tekk aitab toime tulla korduvate olukordade, mustrilise k\u00e4itumise ja automaatsete reaktsioonidega, mis igal inimesel on. Ja selliste n\u00e4htuste aluseks on elustsenaarium, mida toetavad vanemlikud keelud ja juhised, mille inimene omandab varases lapsep\u00f5lves ja seej\u00e4rel m\u00e4ngivad nad inimeste k\u00e4itumismustrites m\u00e4\u00e4ravat rolli. <\/p>\n<p> See pakk on loodud vastavalt \u201cON\u201d teki t\u00fc\u00fcbile, millel on suured fraaside ja illustreeritud piltidega raamikaardid. Selline kaartide kombinatsioon v\u00f5imaldab \u00fchendada teose kaks v\u00e4ga olulist \u00fclesehituslikku ja fundamentaalset komponenti: inimese elustsenaarium ja vanemlikud keelud\/juhised. Pildi katmine stsenaariumitega keeldude raamile annab kohe s\u00fcgavama arusaamise nendest piiravatest plokkidest ja takistustest, mis tavaelu segavad. Samuti on selle komplekti abil v\u00f5imalik kindlaks teha, milline konkreetne stsenaarium inimese elu \u00fchel v\u00f5i teisel m\u00e4\u00e4ral juhib, ja m\u00f5ista paljude k\u00e4itumisreaktsioonide algp\u00f5hjuseid. <\/p>\n<p> Komplekt v\u00f5imaldab teil l\u00fchikese aja jooksul n\u00e4ha paljude halva enesetunde p\u00f5hjuste t\u00e4ielikku s\u00fcgavust ja terviklikkust. <\/p>\n<p> Mis on elu stsenaarium? <\/p>\n<p> K\u00f5igil inimestel on elu stsenaarium ja tugevdavad keelud. <\/p>\n<p> Stsenaarium kujuneb varases lapsep\u00f5lves, alustades inimese eostamise hetkest, et mitte \u00f6elda, et see on v\u00f5imalik ja inbsp; varem. Pealegi v\u00f5ib igas eluvaldkonnas olla mitu stsenaariumi: tervis, armastus, seks, suhted, t\u00f6\u00f6, materiaalne heaolu. Olles aktsepteerinud \u00fchte stsenaariumitest kui tegevusjuhist, hakkavad inimesed seda s\u00f5na otseses m\u00f5ttes igal sammul rakendama. Pole \u00fcllatav, et keskkond on vastavalt valitud \u2013 inimene n\u00e4ib ju oma ellu meelitavat vaid neid, kes neile \u201eplaanide\u201c elluviimisel \u201eabi\u201c pakuvad. <\/p>\n<p> nbsp;ELUSTSENAARIUMOnbsp; on j\u00e4ik vaimne struktuur, mis kujunes lapsep\u00f5lves sotsiaalsete tegurite ja inimese keskkonna, iseloomuomaduste ja paljude muude tegurite m\u00f5jul ning hakkas hiljem t\u00e4itma j\u00e4rk-j\u00e4rgult ellu viidud eluplaani rolli, mis peegeldab hoiakuid v\u00e4\u00e4rtusi, reegleid, k\u00e4itumismustreid. . <\/p>\n<p> See komplekt sisaldab k\u00f5iki teadaolevaid stsenaariume, mille saab jagada KUUSI r\u00fchma: <\/p>\n<p> 1.nbsp;nbsp;nbsp;nbsp; Basic ehk arhet\u00fc\u00fcppalnbsp; scriptsnbsp; -nbsp;7 tk. (mis v\u00f5ib avalduda v\u00f5rdselt nii meestel kui naistel) <\/p>\n<p> 2.nbsp;nbsp;nbsp;nbsp; meeste skriptidnbsp; -nbsp; 6 tk. <\/p>\n<p> 3.nbsp;nbsp;nbsp;nbsp; Naiste skriptidnbsp;\u2014nbsp;11 tk.nbsp;(autor Khoja Wikoff) <\/p>\n<p> 4.nbsp;nbsp;nbsp;nbsp; Stsenaariumidnbsp;naiste \u00fcksindusnbsp; \u2014nbsp;5nbsp;tk. <\/p>\n<p> 5.nbsp;nbsp;nbsp;nbsp; karma stsenaariumidnbsp; -nbsp;18 tk. <\/p>\n<p> 6.nbsp;nbsp;nbsp;nbsp; Perestsenaariumidnbsp;nbsp;\u201421 tk. <\/p>\n<p> Kokku oli 69 elustsenaariumimustrit, k\u00f5ige levinumad. Muidugi v\u00f5ib neid olla palju rohkem, kuid siin on need, millega ma oma kliinilises praktikas k\u00f5ige sagedamini kokku puutusin.nbsp;nbsp;J\u00e4rgmine on k\u00f5igi stsenaariumide l\u00fchikirjeldus. <\/p>\n<p> Karmalised stsenaariumid s\u00fcnteesiti paljude aastatepikkuse praktika p\u00f5hjal, kus h\u00fcpnoosi, nimelt regressiooniteraapia abil sukeldus eelmistesse eludesse. <\/p>\n<p> Perestsenaariumid on v\u00f5etud paarin\u00f5ustamise kliinilisest praktikast. <\/p>\n<p> Mis on &quot;vanemate keelud ja juhised&quot;? <\/p>\n<p> Skript on ps\u00fc\u00fchika automaatne programm ja selleks, et see hakkaks elus m\u00e4ngima, peab olema oma installi &quot;draiver&quot; -nbsp; Keeld v\u00f5i Juhend, mis on lapsele lapsep\u00f5lves \u201ekehtestatud\u201c reeglina vanemate ja\/v\u00f5i oluliste isikute poolt. <\/p>\n<p> BANnbsp; \u2013 see on draiver, mis toetab programmi skripti t\u00e4itmiseks, annab sellele eluj\u00f5udu, mida see suureks kasvades omandab, mist\u00f5ttu on nii oluline leida peale skripti ka \u201cdraiverid\u201d. <\/p>\n<p> Kokku on 54 p\u00f5hilist keeldu ja m\u00e4\u00e4rust, mis on k\u00e4esolevas tekis \u00e4ra toodud. P\u00e4riselus v\u00f5ib aga variatsioone olla palju rohkem. <\/p>\n<p> See on &quot;Keelude ja juhiste&quot; pakett, mis t\u00e4iendab &quot;Stsenaariumide&quot; tekki ja annab ainulaadse v\u00f5imaluse laiendada stsenaariumi mustri kohta saadud teavet nende v\u00e4ga inimlike probleemide s\u00fcgava t\u00e4henduse m\u00f5istmiseks. Ja k\u00f5ik see kokku annab inimesele v\u00f5imsad v\u00f5tmed elu paremaks muutmiseks.nbsp; <\/p>\n<p> N\u00e4iteks stsenaarium \u201cWoman Hater\u201d koos keeluga \u201c\u00e4ra \u00fctle ei\u201d annab t\u00e4psema pildi m\u00f5istmisest, miks inimesest selline sai! Seega on tekkinud arusaam, et selle stsenaariumi surve all elamise l\u00f5petamiseks tuleb esmalt tegeleda vanemliku keeluga. <\/p>\n<p> Juhistest leiate k\u00f5igi 69 stsenaariumi mustri kirjelduse! <\/p>\n<p> Tehnika &quot;Kes on peategelane?&quot;<\/p>\n<p> Tehnika &quot;Stsenaariumid ja keelud&quot; kasutamise tehnika<\/p>\n<p> Igal inimesel on elustsenaarium ja rohkem kui \u00fcks. Seal on keskne ja mitu v\u00e4iksemat, millel on tohutu m\u00f5ju inimese elule ja elukvaliteedile.<\/p>\n<p> Sellise stsenaariumi tuvastamiseks ja m\u00f5istmiseks, miks elus k\u00f5ik nii l\u00e4heb, paku kliendile:<\/p>\n<p> 1. V\u00f5tke kaardipakist &quot;Stsenaariumid&quot; tagurpidi (VZ)<\/p>\n<p> Peate l\u00fchidalt kirjeldama selle stsenaariumi omadusi (esmalt vaadake Vana-Kreeka m\u00fc\u00fcte v\u00f5i juhiseid, kus on kirjeldus).<\/p>\n<p> Arutage: <\/p> <\/p>\n<p> \u00b7nbsp;nbsp;nbsp;nbsp;nbsp;nbsp; Kuidas on see s\u00fc\u017eee tema elus j\u00e4lgitav? Kui tihti? Millistes olukordades? <\/p>\n<p> \u00b7nbsp;nbsp;nbsp;nbsp;nbsp;nbsp; Mis takistab seda stsenaariumit elus? <\/p>\n<p> \u00b7nbsp;nbsp;nbsp;nbsp;nbsp;nbsp; Mida ei suuda inimene teha, teostada, saavutada, kui tal on selline stsenaarium? <\/p>\n<p> \u00b7nbsp;nbsp;nbsp;nbsp;nbsp;nbsp; Kui kaua aega tagasi ta seda m\u00e4rkas? V\u00f5i ei pannud \u00fcldse t\u00e4hele? <\/p>\n<p> \u00b7nbsp;nbsp;nbsp;nbsp;nbsp;nbsp; Kas tema elus on sarnaseid lugusid? <\/p>\n<p> \u00b7nbsp;nbsp;nbsp;nbsp;nbsp;nbsp; kuidas on see tema elus seoses taotlusega probleemiks? <\/p>\n<p> 2. Iga stsenaariumit toetab vanemlik keeld v\u00f5i k\u00e4sk:nbsp;J\u00e4rgmiseks soovitame v\u00f5tta ka OT-kaardi \u2013 keeluga raam ja asetada stsenaariumiga pilt raami peale!<\/p>\n<p> 3. N\u00fc\u00fcd on m\u00f5ttekas arutada: <\/br><\/br><\/p>\n<p> \u00b7nbsp;nbsp;nbsp;nbsp;nbsp;nbsp; Kuidas keeld stsenaariumi toetab? <\/p>\n<p> \u00b7nbsp;nbsp;nbsp;nbsp;nbsp;nbsp; ja kuidas see elamist segab? <\/p>\n<p> \u00b7nbsp;nbsp;nbsp;nbsp;nbsp;nbsp; Mis on selles kriitilist? <\/p>\n<p> \u00b7nbsp;nbsp;nbsp;nbsp;nbsp;nbsp; Kuidas see reageerib tunnete ja emotsioonide tasandil? <\/p>\n<p> \u00b7nbsp;nbsp;nbsp;nbsp;nbsp;nbsp; Mida sa selle k\u00f5igega teha tahad? <\/p>\n<p> \u00b7nbsp;nbsp;nbsp;nbsp;nbsp;nbsp; Kas saate aru, millest jutt? <\/p>\n<p> \u00b7nbsp;nbsp;nbsp;nbsp;nbsp;nbsp; Kas m\u00e4letate seda keeldu lapsep\u00f5lvest? Ja kuidas teie vanemad seda teile edastasid? Mida nad selle heaks tegid? <\/p>\n<p> \u00b7nbsp;nbsp;nbsp;nbsp;nbsp;nbsp; kui tihti sa seda rikkunud oled? Kas nad rikkusid seda \u00fcldse? <\/p>\n<p> \u00b7nbsp;nbsp;nbsp;nbsp;nbsp;nbsp; Milliseid vahendeid kasutasid su vanemad, et sulle seda keeldu sisendada? <\/p>\n<p> \u00b7nbsp;nbsp;nbsp;nbsp;nbsp;nbsp; mis sa sellest n\u00fc\u00fcd arvad? <\/p>\n<p> \u00b7nbsp;nbsp;nbsp;nbsp;nbsp;nbsp; mida sa tunned? Ja nii edasi. <\/p>\n<p> 4.nbsp;nbsp;nbsp;nbsp; J\u00e4rgmisena koostame konkreetsete sammude loendi stsenaariumi leevendamiseks. See t\u00e4hendab, et arutame koos, mida saaksime hakata teisiti tegema, et stsenaarium l\u00f5petaks elu nii palju m\u00f5jutamise.<\/p>\n<p> Teose olemus seisneb selles, et tellijast saab oma elu p\u00f5hiautor, mitte ei m\u00e4ngita v\u00e4lja laste stsenaariumimustrit.nbsp; See on k\u00f5ige lihtsam tehnika selle tekiga t\u00f6\u00f6tamiseks.<\/p>\n<p> Tekk on loodud t\u00f6\u00f6tama elustsenaariumide ja vanemlike keeldudega, mis on igal inimesel, ning neil on tehinguanal\u00fc\u00fcsi raames inimeste k\u00e4itumismustrites juhtiv m\u00e4\u00e4rav roll. Tekki saab ja tuleb kasutada nii individuaalses kui ka r\u00fchmat\u00f6\u00f6s. Tekk sisaldub gamenbsp paketis; &quot;\u00d5nnistatud&quot;. <\/br><\/p>\n<p> Selle teki jaoks on olemas ka elektrooniline formaat <\/p>","protected":false},"excerpt":{"rendered":"<p>Teki autor on Olga Vladimirovna Klimova \u2013 kliiniline, perinataalne ps\u00fchholoog. Regressiooniarst. H\u00fcpnoloog. Muutusm\u00e4ngude autor<\/p>","protected":false},"featured_media":1034,"comment_status":"open","ping_status":"open","template":"","meta":[],"product_brand":[],"product_cat":[34],"product_tag":[],"class_list":{"0":"post-1033","1":"product","2":"type-product","3":"status-publish","4":"has-post-thumbnail","6":"product_cat-kin-ancestors-scenarios","8":"first","9":"outofstock","10":"purchasable","11":"product-type-simple"},"_links":{"self":[{"href":"https:\/\/shercards.com\/et\/wp-json\/wp\/v2\/product\/1033","targetHints":{"allow":["GET"]}}],"collection":[{"href":"https:\/\/shercards.com\/et\/wp-json\/wp\/v2\/product"}],"about":[{"href":"https:\/\/shercards.com\/et\/wp-json\/wp\/v2\/types\/product"}],"replies":[{"embeddable":true,"href":"https:\/\/shercards.com\/et\/wp-json\/wp\/v2\/comments?post=1033"}],"wp:featuredmedia":[{"embeddable":true,"href":"https:\/\/shercards.com\/et\/wp-json\/wp\/v2\/media\/1034"}],"wp:attachment":[{"href":"https:\/\/shercards.com\/et\/wp-json\/wp\/v2\/media?parent=1033"}],"wp:term":[{"taxonomy":"product_brand","embeddable":true,"href":"https:\/\/shercards.com\/et\/wp-json\/wp\/v2\/product_brand?post=1033"},{"taxonomy":"product_cat","embeddable":true,"href":"https:\/\/shercards.com\/et\/wp-json\/wp\/v2\/product_cat?post=1033"},{"taxonomy":"product_tag","embeddable":true,"href":"https:\/\/shercards.com\/et\/wp-json\/wp\/v2\/product_tag?post=1033"}],"curies":[{"name":"wp","href":"https:\/\/api.w.org\/{rel}","templated":true}]}}