{"id":1042,"date":"2024-08-04T12:35:03","date_gmt":"2024-08-04T12:35:03","guid":{"rendered":"https:\/\/shercards.com\/index.php\/product\/set-of-thematic-text-cards-genogram-family-secrets\/"},"modified":"2025-10-20T10:43:20","modified_gmt":"2025-10-20T10:43:20","slug":"set-of-thematic-text-cards-genogram-family-secrets","status":"publish","type":"product","link":"https:\/\/shercards.com\/et\/toode\/set-of-thematic-text-cards-genogram-family-secrets\/","title":{"rendered":"Temaatiliste tekstikaartide komplekt \u201cGENOGRAMM \u2013 PERESALDUSED\u201d"},"content":{"rendered":"<p>Autor \u2013 Natalia Filimonova, kaasautor \u2013 Evgenia Baksan<\/p>\n<p> T\u00f6\u00f6riist annab ainulaadse v\u00f5imaluse teha konstellatsioonit\u00f6\u00f6d ja uurida soo teemat. <br \/> Sisu:<br \/> 2 tekstipakki metafoorsete kaartide jaoks:<br \/> \u2013 \u201cPerekonnas\u00fcsteemi liikmed \u2013 genogramm\u201d koos suguluse astmega (vanemad, vanavanemad, vanavanavanemad, vanavanavanemad) \u2013 14 kaarti, <br \/> \u2013 \u201cPerekonnas\u00fcsteemi liikmed\u201d suhteastmega (kasuisa, t\u00e4di, mees, naine, s\u00fcndimata laps, p\u00e4\u00e4stja, agressor jne) \u2013 20 kaarti.<br \/> \u2013 Juhised t\u00f6\u00f6riistaga t\u00f6\u00f6tamiseks, lisa diagrammiga \u201eGenogramm\u201c, loend \u201eK\u00f5larid\u201c, loend \u201eLoafraasid\u201c, loend \u201eS\u00f5numid-k\u00fcsimused\u201c, <br \/> \u2013 Kott.<\/p>\n<p> Lisaks on soovitatav kasutada mis tahes portree-, universaal- ja ressursside tekki (ei kuulu komplekti).<br \/> Eesm\u00e4rgid: uurida oma peres\u00fcsteemi, et lahendada probleeme olevikus ja tulevikus; tuvastada perekonnas\u00fcsteemist l\u00e4htuv negatiivne d\u00fcnaamika (identifitseerimised, p\u00f5imumised, triangulatsioonid jne); anda koht klannis\u00fcsteemist v\u00e4lja j\u00e4etud sugulastele; uurida seaduste rikkumist: kuuluvus, hierarhia, andmise ja v\u00f5tmise tasakaal; m\u00f5ista eluraskuste ja suhete p\u00f5hjusi; leida vahendeid edasiseks \u00f5nnelikuks eluks ja armastuse voolu taastamiseks perekonnas. <br \/> Kaartide komplekti saab kasutada mis tahes taotlusega t\u00f6\u00f6tamiseks:<br \/> \u00dcksindus, suhted teistega, suhted vastassooga, rahak\u00fcsimused, karj\u00e4\u00e4rik\u00fcsimused, eesm\u00e4rgiotsingud, projektid ja \u00e4ri, tervis \u00fcldiselt v\u00f5i m\u00f5ni konkreetne s\u00fcmptom, energiapuudus, enesehinnang ja muud teemad.<br \/> \u201cS\u00fcsteemsete t\u00e4htkujude meetodit, mis on juba identifitseeritud eraldi ps\u00fchholoogiaharuna, peetakse endiselt fenomenoloogiliseks.<br \/> Fenomenoloogiline meetod on p\u00f5him\u00f5tete ja protseduuride omavahel seotud \u00fchtsus esmase kogemuse andmete \u2013 n\u00e4htuste \u2013 oluliseks uurimiseks.<\/p>\n<p> S\u00fcsteemi konstellatsioonid p\u00f5hinevad mitmel, n\u00fc\u00fcdseks laialt tuntud meetodil, mis on samuti varem kahtluse alla seatud:<br \/> 1. Jungi kollektiivse alateadvuse teooria.<br \/> 2. Bluma Vulfovna Zeigarniku mittet\u00e4ielikkuse m\u00f5ju ja sellest tulenev.&lt;br&gt; 3. Gestaltps\u00fchholoogia.<br \/> 4. Korduvate stsenaariumide tehinguanal\u00fc\u00fcs.<br \/> 5. Perekonnas\u00fcsteemide teooria.<br \/> 6. Virginia Satiri perekonna skulptuur.<br \/> 7. Jacob Moreno ps\u00fchhodraama.<br \/> 8. Eriksonlik h\u00fcpnoos.<\/p>\n<p> Kuidas toimib morfogeneetiline (morfne\/teadmis-\/teabev\u00e4li) t\u00e4htkujudes? <br \/> T\u00e4nap\u00e4eval ei vaidle keegi \u00fchele f\u00fc\u00fcsika p\u00f5hiseadusele \u2013 energia j\u00e4\u00e4vuse seadusele, mis \u00fctleb:<br \/> &quot;Energia ei saa tekkida eimillestki ja eikusagilt ega minna kuhugi. Energia saab liikuda ainult \u00fchest vormist teise.<br \/> Seda v\u00f5ib v\u00f5rrelda Interneti otsingumootori t\u00f6\u00f6ga. <br \/> N\u00e4iteks k\u00f5ik pildid, mille leiame \u00f5igesti m\u00e4\u00e4ratud p\u00e4ringu abil, on kunagi kellegi poolt salvestatud ja need j\u00e4\u00e4vad igaveseks veebi.<br \/> Samuti j\u00e4\u00e4b k\u00f5ik inimestega, nende m\u00f5tete ja tegudega toimuv igaveseks maailma m\u00e4llu, sellesse, mida Carl Gustav Jung kunagi nimetas kollektiivseks alateadvuseks.<br \/> Nagu ka see, et n\u00e4eme j\u00e4tkuvalt kaua kustunud t\u00e4htede valgust\u2026<br \/> PS Kas see on t\u00f5esti teie peas, et t\u00e4hti enam pole? mitu tuhat aastat, kuid selle valgus on seal ja paljud meie j\u00e4reltulijate p\u00f5lvkonnad n\u00e4evad seda?<br \/> Perekonnas\u00fcsteemis on kolm p\u00f5hiseadust:<br \/> Seadus \u2013 1 &quot;Hierarhia seadus&quot;<br \/> See \u00fctleb: &quot;See, kes tuli s\u00fcsteemi varem, on t\u00e4htsam kui need, kes tulevad hiljem.&quot;<br \/> See t\u00e4hendab, et peres\u00fcsteemi jaoks on vanemad alati k\u00f5rgemal kui lapsed, vastavalt vanavanemad vanematest k\u00f5rgemal, vanavanavanemad -nbsp;nbsp ;vanavanematest k\u00f5rgemal jne.<br \/> Seadus \u2013 2 &quot;Kuulumise seadus&quot;<br \/> L\u00fchidalt v\u00f5ib seda kirjeldada j\u00e4rgmiselt: iga\u00fchel, kes on sellesse perekonda s\u00fcndinud v\u00f5i s\u00fcsteemi oluliselt m\u00f5jutanud, nii positiivsel kui ka negatiivsel, on \u00f5igus sellesse perekonda kuuluda, isegi kui see pole k\u00f5ige v\u00e4\u00e4rikam inimene. sugulaste arvamus.<br \/> Seadus \u2013 3 &quot;Andmise ja v\u00f5tmise tasakaal&quot;<br \/> T\u00f5en\u00e4oliselt teate lihtsat t\u00f5de, et &quot;armastust ei saa osta&quot;.<br \/> Ja kui inimene annab midagi vastu saamata, p\u00f5hjustab see reeglina temas esmalt solvumist ja seej\u00e4rel viha. Kuid esimene, kes otsib suhtest v\u00e4ljap\u00e4\u00e4su, on see, kes v\u00f5tab rohkem, kui suudab anda.<br \/> See juhtub seet\u00f5ttu, et selline inimene tunneb end v\u00f5lgnikuna ja tal on s\u00fc\u00fctunne, mis sageli piirneb h\u00e4biga. <br \/> \u00a9 Pereps\u00fchholoog Natalia Filimonova. <\/p>\n<p> T\u00f6\u00f6v\u00f5tted:<\/p>\n<p> (\u00fcksikasjalikuks uurimiseks ja hilisemaks anal\u00fc\u00fcsiks on soovitatav teha m\u00e4rkmeid ning l\u00f5pus pildistada paigutusest)<\/p>\n<p> 1. v\u00f5imalus \u2013<br \/> &quot;Universaalne t\u00f6\u00f6algoritm&quot; <br \/> 1. &quot;Teavitamine&quot;.nbsp;nbsp;<br \/> -nbsp;nbsp;Tutvuge teabega t\u00e4htkuju m\u00f5iste kohta, mis see on, kuidas peres\u00fcsteem m\u00f5jutab inimese elu. V\u00e4ga oluline on m\u00f5ista, et peres\u00fcsteemi kuuluvad ka mitteverelised sugulased \u2013 mehed, naised, sh endised, lapsendajad, ristivanemad (kui nad v\u00f5tsid osa inimese elust), samuti perest kellegi r\u00fcndajad ja p\u00e4\u00e4stjad. s\u00fcsteem. <br \/> 2. &quot;Taotluse vormistamine.&quot; <br \/> \u2013 Otsustage taotlus, l\u00f5petades fraasi &quot;Korralduse tulemusel tahaksin m\u00f5ista...&quot; <br \/> \u2013 Tehke suletud pilt mis tahes universaalsest tekist, mis s\u00fcmboliseerib taotlust ennast. Avage kaart ja m\u00f5elge k\u00fcsimusele: &quot;Kuidas saab seda kujutist taotlusega seostada?&quot; <br \/> 3. &quot;Perekonnas\u00fcsteemiga t\u00f6\u00f6tamine.&quot;<br \/> \u2013 V\u00f5tke tekstipakist &quot;Perekonnas\u00fcsteemi liikmed \u2013 Genogramm&quot; v\u00e4lja tagak\u00fclg allapoole ja asetage sellele portree- v\u00f5i universaalpakist MAC, mis on samuti valitud juhuslikult.nbsp; nbsp;<br \/> See on isik, kellega taotlus on seotud. <br \/> (Spetsialisti \u00e4ran\u00e4gemisel saate koostada kogu Genogrammi kuni 4. p\u00f5lvkonnani, kasutades k\u00f5iki \u201ePerekonnas\u00fcsteemi liikmed \u2013 Genogrammi\u201c paki kaarte).<br \/> \u2013 Vaadake avameelselt l\u00e4bi \u201ePerekonnas\u00fcsteemi liikmete\u201d pakett ja m\u00f5elge, kas selles teemas on veel kedagi olulist.nbsp;nbsp;Oletame, et \u201elapsendajaisa\u201d on tema oma, vanaema v\u00f5i m\u00f5ni muu sugulane. <br \/> V\u00f5tke iga valitud tugikaardi jaoks v\u00e4lja suletud portree v\u00f5i universaalne MAC k\u00fcsimusega &quot;Kuidas saab seda isikut taotlusega siduda?&quot;<br \/> Tuletage meelde teavet peres\u00fcsteemi kolme seaduse kohta ja tehke kindlaks, milline d\u00fcnaamika need on:<br \/> &gt; 1) Kuuluvusseadus \u2013 k\u00f5ik eranditult kuuluvad klanni, isegi kui need inimesed unustati v\u00f5i v\u00e4lja heideti.<br \/> 2) Hierarhia seadus \u2013 s\u00fcsteemi jaoks on olulisem, kes selleni esimesena j\u00f5udis ja tema vastutab.<br \/> 3 )nbsp;nbsp;Anna-v\u00f5ta tasakaal. Seda tuleb j\u00e4lgida, vastasel juhul tekib &quot;moonutus&quot;.<br \/> \u2013 Juhistes (rakenduses) loendist \u201cK\u00f5larid\u201d ja valige \u00fcks v\u00f5i mitu olukorrale sobivat. <br \/> Kui teil on vaja teemat laiendada, v\u00f5tke universaalsest kaardipakist \u00fcks kaart iga pildiga allapoole suunatud valiku jaoks. M\u00f5elge: millest see kaart r\u00e4\u00e4gib, mis vihje see annab?<br \/> \u2013 Valige juhendis (lisas) loendist \u201eLubavad fraasid\u201c antud olukorrale sobiv loafraas. \u00d6elge see tundega valjusti.<br \/> \u2013 Valige juhistes (lisas) esivanema loendist &quot;S\u00f5numid-k\u00fcsimused&quot; s\u00f5num, mille pildiga te t\u00f6\u00f6tasite, v\u00f5i k\u00f5ige olulisem neist aistingute j\u00e4rgi, kui t\u00f6\u00f6tasite kogu Genogrammiga. . <br \/> \u2013 V\u00f5tke vihjekaart mis tahes ressursipakist esik\u00fclg allapoole.<br \/> 4. &quot;Tulemused ja tagasiside&quot;<br \/> Tee kokkuv\u00f5te, milliseid uusi asju m\u00f5istsid, millise \u201cskeleti\u201d kapist v\u00e4lja t\u00f5mbasite, kuhu suunate oma liikumist p\u00e4riselus, milliseid samme astute? <\/p>\n<p> 2. v\u00f5imalus \u2013<br \/> &quot;Genogramm&quot;<br \/> Genogramm on perekonnasiseste suhete ja perekonna ajaloo skemaatiline kujutis <br \/> Tema abiga saab uurida k\u00e4itumismustreid, mida antakse edasi p\u00f5lvest p\u00f5lve; olulised s\u00fcndmused ja suhted, ka need, millest inimesed ei tahtnud r\u00e4\u00e4kida; vanematelt ja vanavanematelt vastu v\u00f5etud seaded.<br \/> See t\u00f6\u00f6riist v\u00f5imaldab t\u00f6\u00f6tada genogrammiga kuni 4. p\u00f5lvkonnani. <br \/> Spetsialisti \u00e4ran\u00e4gemisel ja kogemusel on v\u00f5imalik konstellatsiooniformaat v\u00f5i p\u00f5hjalik t\u00f6\u00f6 perekonnaga, m\u00e4rkides andmed perekonnas\u00fcsteemi liikmete elu ja surma kohta, tervist, olulisi s\u00fcndmusi jne... Genogrammi anal\u00fc\u00fcs aitab tuvastada s\u00fcsteemis korduvad s\u00fcndmused, kuup\u00e4evad (\u201cs\u00fcndroomi aastap\u00e4evad\u201d), p\u00e4rilikud haigused, suhtemustrid, stereot\u00fc\u00fcbid ja k\u00e4itumismustrid peres\u00fcsteemis.<br \/> (Genogrammi diagramm juhendis).<\/p>\n<p> 3. v\u00f5imalus \u2013<br \/> Spetsialistid saavad laiendada pakutud t\u00f6\u00f6v\u00f5imalusi ja kohandada seda t\u00f6\u00f6riista suuremate t\u00f6\u00f6v\u00f5imaluste jaoks.<\/p>","protected":false},"excerpt":{"rendered":"<p>Autor \u2013 Natalia Filimonova, kaasautor \u2013 Evgenia Baksan T\u00f6\u00f6riist annab ainulaadse v\u00f5imaluse teostada konstellatsioonit\u00f6id ja<\/p>","protected":false},"featured_media":1043,"comment_status":"open","ping_status":"open","template":"","meta":[],"product_brand":[],"product_cat":[34],"product_tag":[],"class_list":{"0":"post-1042","1":"product","2":"type-product","3":"status-publish","4":"has-post-thumbnail","6":"product_cat-kin-ancestors-scenarios","8":"first","9":"outofstock","10":"purchasable","11":"product-type-simple"},"_links":{"self":[{"href":"https:\/\/shercards.com\/et\/wp-json\/wp\/v2\/product\/1042","targetHints":{"allow":["GET"]}}],"collection":[{"href":"https:\/\/shercards.com\/et\/wp-json\/wp\/v2\/product"}],"about":[{"href":"https:\/\/shercards.com\/et\/wp-json\/wp\/v2\/types\/product"}],"replies":[{"embeddable":true,"href":"https:\/\/shercards.com\/et\/wp-json\/wp\/v2\/comments?post=1042"}],"wp:featuredmedia":[{"embeddable":true,"href":"https:\/\/shercards.com\/et\/wp-json\/wp\/v2\/media\/1043"}],"wp:attachment":[{"href":"https:\/\/shercards.com\/et\/wp-json\/wp\/v2\/media?parent=1042"}],"wp:term":[{"taxonomy":"product_brand","embeddable":true,"href":"https:\/\/shercards.com\/et\/wp-json\/wp\/v2\/product_brand?post=1042"},{"taxonomy":"product_cat","embeddable":true,"href":"https:\/\/shercards.com\/et\/wp-json\/wp\/v2\/product_cat?post=1042"},{"taxonomy":"product_tag","embeddable":true,"href":"https:\/\/shercards.com\/et\/wp-json\/wp\/v2\/product_tag?post=1042"}],"curies":[{"name":"wp","href":"https:\/\/api.w.org\/{rel}","templated":true}]}}